{"id":9899,"date":"2023-12-29T17:29:09","date_gmt":"2023-12-29T17:29:09","guid":{"rendered":"https:\/\/drl-agri.com\/product\/jd331\/"},"modified":"2024-11-12T23:33:32","modified_gmt":"2024-11-12T23:33:32","slug":"jd331","status":"publish","type":"product","link":"https:\/\/drl-agri.com\/fr\/product\/jd331\/","title":{"rendered":"John Deere 331 Mower with Flail Conditioner &#8211; Year 2008"},"content":{"rendered":"","protected":false},"excerpt":{"rendered":"<h4><strong>Product Detail:<\/strong><\/h4>\n<p><span class=\"x3nfvp2 x1j61x8r x1fcty0u xdj266r xhhsvwb xat24cr xgzva0m xxymvpz xlup9mm x1kky2od\"><img loading=\"lazy\" decoding=\"async\" class=\"xz74otr\" src=\"https:\/\/static.xx.fbcdn.net\/images\/emoji.php\/v9\/tf6\/1.5\/16\/1f33e.png\" alt=\"????\" width=\"16\" height=\"16\" \/><\/span> \u00c0 Vendre: Faucheuse John Deere 331 avec Conditionneur \u00e0 Fl\u00e9aux &#8211; Ann\u00e9e 2008 en tr\u00e9s bon \u00e9tat<\/p>\n<p>John Deere 331 Mower with Flail Conditioner &#8211; Year 2008<\/p>\n<p>READY TO WORK &#8211;<\/p>\n<p>&nbsp;<\/p>\n<p>&nbsp;<\/p>\n<h5><span style=\"color: #293e9b;\"><strong><br \/>\n<\/strong><\/span>Call for price: <a href=\"tel:+3281433782\">+32 475247675<\/a><\/h5>\n","protected":false},"featured_media":9876,"comment_status":"open","ping_status":"closed","template":"","meta":[],"product_brand":[],"product_cat":[155,169],"product_tag":[],"class_list":{"0":"post-9899","1":"product","2":"type-product","3":"status-publish","4":"has-post-thumbnail","6":"product_cat-autres-equipements-agricoles","7":"product_cat-uncategorized-fr","9":"first","10":"outofstock","11":"shipping-taxable","12":"product-type-simple"},"_links":{"self":[{"href":"https:\/\/drl-agri.com\/fr\/wp-json\/wp\/v2\/product\/9899","targetHints":{"allow":["GET"]}}],"collection":[{"href":"https:\/\/drl-agri.com\/fr\/wp-json\/wp\/v2\/product"}],"about":[{"href":"https:\/\/drl-agri.com\/fr\/wp-json\/wp\/v2\/types\/product"}],"replies":[{"embeddable":true,"href":"https:\/\/drl-agri.com\/fr\/wp-json\/wp\/v2\/comments?post=9899"}],"wp:featuredmedia":[{"embeddable":true,"href":"https:\/\/drl-agri.com\/fr\/wp-json\/wp\/v2\/media\/9876"}],"wp:attachment":[{"href":"https:\/\/drl-agri.com\/fr\/wp-json\/wp\/v2\/media?parent=9899"}],"wp:term":[{"taxonomy":"product_brand","embeddable":true,"href":"https:\/\/drl-agri.com\/fr\/wp-json\/wp\/v2\/product_brand?post=9899"},{"taxonomy":"product_cat","embeddable":true,"href":"https:\/\/drl-agri.com\/fr\/wp-json\/wp\/v2\/product_cat?post=9899"},{"taxonomy":"product_tag","embeddable":true,"href":"https:\/\/drl-agri.com\/fr\/wp-json\/wp\/v2\/product_tag?post=9899"}],"curies":[{"name":"wp","href":"https:\/\/api.w.org\/{rel}","templated":true}]}}