{"id":9868,"date":"2023-09-16T06:41:03","date_gmt":"2023-09-16T06:41:03","guid":{"rendered":"https:\/\/drl-agri.com\/product\/new-holland-tx-66-sl-2001\/"},"modified":"2024-05-12T18:50:47","modified_gmt":"2024-05-12T18:50:47","slug":"new-holland-tx-66-sl-2001","status":"publish","type":"product","link":"https:\/\/drl-agri.com\/fr\/product\/new-holland-tx-66-sl-2001\/","title":{"rendered":"(\u00c9puis\u00e9) New Holland TX 66 SL 2001 (\u00c9puis\u00e9)"},"content":{"rendered":"<p><img loading=\"lazy\" decoding=\"async\" class=\"alignnone size-medium wp-image-9805\" src=\"https:\/\/drl-agri.com\/wp-content\/uploads\/2023\/09\/Screenshot-2023-09-16-083031-300x222.jpg\" alt=\"\" width=\"300\" height=\"222\" srcset=\"https:\/\/drl-agri.com\/wp-content\/uploads\/2023\/09\/Screenshot-2023-09-16-083031-300x222.jpg 300w, https:\/\/drl-agri.com\/wp-content\/uploads\/2023\/09\/Screenshot-2023-09-16-083031-768x569.jpg 768w, https:\/\/drl-agri.com\/wp-content\/uploads\/2023\/09\/Screenshot-2023-09-16-083031.jpg 792w\" sizes=\"auto, (max-width: 300px) 100vw, 300px\" \/><\/p>\n","protected":false},"excerpt":{"rendered":"<h4><strong>Product Details<\/strong><\/h4>\n<p>TX 66 SL &#8211; 2001<\/p>\n<p>Cab -air cond- self levelling \u2013 auto nivellante<\/p>\n<p>Broyeur-Chopper \u2013 eparpilleur-Chaff spreader<\/p>\n<p>Front tires : 800\/65X32- NEW\u00a0 \u00a0REAR TIRES , PNEU ARRIERE 16.70X20<\/p>\n<p>HEADER 20F barre de coupe 6,09m- 2001<\/p>\n<p>MAINTENANCE EVERY YEAR &#8211; DRL Srl<\/p>\n<p>A VENDRE POUR COMPTE CLIENT \/ SALE CUSTOMER ACCOUNT<\/p>\n<h5><span style=\"color: #293e9b;\"><strong><br \/>\n<\/strong><\/span>Call for price: <a href=\"tel:+3281433782\">+32 475247675<\/a><\/h5>\n","protected":false},"featured_media":9806,"comment_status":"open","ping_status":"closed","template":"","meta":[],"product_brand":[],"product_cat":[150],"product_tag":[],"class_list":{"0":"post-9868","1":"product","2":"type-product","3":"status-publish","4":"has-post-thumbnail","6":"product_cat-moissonneuses-batteuses","8":"first","9":"outofstock","10":"shipping-taxable","11":"product-type-simple"},"_links":{"self":[{"href":"https:\/\/drl-agri.com\/fr\/wp-json\/wp\/v2\/product\/9868","targetHints":{"allow":["GET"]}}],"collection":[{"href":"https:\/\/drl-agri.com\/fr\/wp-json\/wp\/v2\/product"}],"about":[{"href":"https:\/\/drl-agri.com\/fr\/wp-json\/wp\/v2\/types\/product"}],"replies":[{"embeddable":true,"href":"https:\/\/drl-agri.com\/fr\/wp-json\/wp\/v2\/comments?post=9868"}],"wp:featuredmedia":[{"embeddable":true,"href":"https:\/\/drl-agri.com\/fr\/wp-json\/wp\/v2\/media\/9806"}],"wp:attachment":[{"href":"https:\/\/drl-agri.com\/fr\/wp-json\/wp\/v2\/media?parent=9868"}],"wp:term":[{"taxonomy":"product_brand","embeddable":true,"href":"https:\/\/drl-agri.com\/fr\/wp-json\/wp\/v2\/product_brand?post=9868"},{"taxonomy":"product_cat","embeddable":true,"href":"https:\/\/drl-agri.com\/fr\/wp-json\/wp\/v2\/product_cat?post=9868"},{"taxonomy":"product_tag","embeddable":true,"href":"https:\/\/drl-agri.com\/fr\/wp-json\/wp\/v2\/product_tag?post=9868"}],"curies":[{"name":"wp","href":"https:\/\/api.w.org\/{rel}","templated":true}]}}