{"id":9799,"date":"2023-09-13T13:33:14","date_gmt":"2023-09-13T13:33:14","guid":{"rendered":"https:\/\/drl-agri.com\/?post_type=product&#038;p=9799"},"modified":"2024-05-12T18:50:41","modified_gmt":"2024-05-12T18:50:41","slug":"new-holland-tx-66-sl","status":"publish","type":"product","link":"https:\/\/drl-agri.com\/fr\/product\/new-holland-tx-66-sl\/","title":{"rendered":"(\u00c9puis\u00e9) New Holland TX 66 SL 2005 (\u00c9puis\u00e9)"},"content":{"rendered":"","protected":false},"excerpt":{"rendered":"<h4><strong>Product Details<\/strong><\/h4>\n<p>TX 66 SL &#8211; 2005<\/p>\n<p>Cab -air cond- self levelling \u2013 auto nivellante<\/p>\n<p>Broyeur-Chopper \u2013 eparpilleur-Chaff spreader<\/p>\n<p>Drive: 4RM\/4WD<\/p>\n<p>Front tires : 800\/65X32- NEW REAR TIRES , PNEU ARRIERE NEUF 540\/65-24<\/p>\n<p>HEADER 20F barre de coupe 6,09m- 2007<\/p>\n<p>MAINTENANCE EVERY YEAR &#8211; DRL Srl<\/p>\n<p>A VENDRE POUR COMPTE CLIENT \/ SALE CUSTOMER ACCOUNT<\/p>\n<h5><span style=\"color: #293e9b;\"><strong><br \/>\n<\/strong><\/span>Call for price: <a href=\"tel:+3281433782\">+32 475247675<\/a><\/h5>\n","protected":false},"featured_media":9760,"comment_status":"open","ping_status":"closed","template":"","meta":[],"product_brand":[],"product_cat":[150],"product_tag":[],"class_list":{"0":"post-9799","1":"product","2":"type-product","3":"status-publish","4":"has-post-thumbnail","6":"product_cat-moissonneuses-batteuses","8":"first","9":"outofstock","10":"shipping-taxable","11":"product-type-simple"},"_links":{"self":[{"href":"https:\/\/drl-agri.com\/fr\/wp-json\/wp\/v2\/product\/9799","targetHints":{"allow":["GET"]}}],"collection":[{"href":"https:\/\/drl-agri.com\/fr\/wp-json\/wp\/v2\/product"}],"about":[{"href":"https:\/\/drl-agri.com\/fr\/wp-json\/wp\/v2\/types\/product"}],"replies":[{"embeddable":true,"href":"https:\/\/drl-agri.com\/fr\/wp-json\/wp\/v2\/comments?post=9799"}],"wp:featuredmedia":[{"embeddable":true,"href":"https:\/\/drl-agri.com\/fr\/wp-json\/wp\/v2\/media\/9760"}],"wp:attachment":[{"href":"https:\/\/drl-agri.com\/fr\/wp-json\/wp\/v2\/media?parent=9799"}],"wp:term":[{"taxonomy":"product_brand","embeddable":true,"href":"https:\/\/drl-agri.com\/fr\/wp-json\/wp\/v2\/product_brand?post=9799"},{"taxonomy":"product_cat","embeddable":true,"href":"https:\/\/drl-agri.com\/fr\/wp-json\/wp\/v2\/product_cat?post=9799"},{"taxonomy":"product_tag","embeddable":true,"href":"https:\/\/drl-agri.com\/fr\/wp-json\/wp\/v2\/product_tag?post=9799"}],"curies":[{"name":"wp","href":"https:\/\/api.w.org\/{rel}","templated":true}]}}