{"id":9063,"date":"2023-05-26T06:50:54","date_gmt":"2023-05-26T06:50:54","guid":{"rendered":"https:\/\/drl-agri.com\/product\/new-holland-cl-560\/"},"modified":"2024-05-12T18:50:33","modified_gmt":"2024-05-12T18:50:33","slug":"new-holland-cl-560","status":"publish","type":"product","link":"https:\/\/drl-agri.com\/fr\/product\/new-holland-cl-560\/","title":{"rendered":"(\u00c9puis\u00e9) Batteuse New Holland CL 560 (\u00c9puis\u00e9)"},"content":{"rendered":"","protected":false},"excerpt":{"rendered":"<h4><strong>D\u00e9tails du produit<br \/>\n<\/strong><\/h4>\n<div class=\"fitmentRow\">\n<div class=\"row tab-product-content element\">\n<p>Hill Side Annee 2005<br \/>\nCoupe 6,09M+ Chariot<br \/>\nSerial number 361428004<br \/>\nEngine CNH 675<br \/>\nTires MICHELIN 620\/75R30<\/p>\n<h5>Prix \u200b\u200bde vente: Vendue<\/h5>\n<\/div>\n<\/div>\n","protected":false},"featured_media":9015,"comment_status":"open","ping_status":"closed","template":"","meta":[],"product_brand":[],"product_cat":[150],"product_tag":[],"class_list":{"0":"post-9063","1":"product","2":"type-product","3":"status-publish","4":"has-post-thumbnail","6":"product_cat-moissonneuses-batteuses","8":"first","9":"outofstock","10":"shipping-taxable","11":"product-type-simple"},"_links":{"self":[{"href":"https:\/\/drl-agri.com\/fr\/wp-json\/wp\/v2\/product\/9063","targetHints":{"allow":["GET"]}}],"collection":[{"href":"https:\/\/drl-agri.com\/fr\/wp-json\/wp\/v2\/product"}],"about":[{"href":"https:\/\/drl-agri.com\/fr\/wp-json\/wp\/v2\/types\/product"}],"replies":[{"embeddable":true,"href":"https:\/\/drl-agri.com\/fr\/wp-json\/wp\/v2\/comments?post=9063"}],"wp:featuredmedia":[{"embeddable":true,"href":"https:\/\/drl-agri.com\/fr\/wp-json\/wp\/v2\/media\/9015"}],"wp:attachment":[{"href":"https:\/\/drl-agri.com\/fr\/wp-json\/wp\/v2\/media?parent=9063"}],"wp:term":[{"taxonomy":"product_brand","embeddable":true,"href":"https:\/\/drl-agri.com\/fr\/wp-json\/wp\/v2\/product_brand?post=9063"},{"taxonomy":"product_cat","embeddable":true,"href":"https:\/\/drl-agri.com\/fr\/wp-json\/wp\/v2\/product_cat?post=9063"},{"taxonomy":"product_tag","embeddable":true,"href":"https:\/\/drl-agri.com\/fr\/wp-json\/wp\/v2\/product_tag?post=9063"}],"curies":[{"name":"wp","href":"https:\/\/api.w.org\/{rel}","templated":true}]}}