{"id":10352,"date":"2024-12-09T07:17:38","date_gmt":"2024-12-09T07:17:38","guid":{"rendered":"https:\/\/drl-agri.com\/?post_type=product&#038;p=10352"},"modified":"2024-12-09T07:21:43","modified_gmt":"2024-12-09T07:21:43","slug":"new-holland-cr-9070-copy","status":"publish","type":"product","link":"https:\/\/drl-agri.com\/fr\/product\/new-holland-cr-9070-copy\/","title":{"rendered":"NEW HOLLAND CR 9070 (Copy)"},"content":{"rendered":"<p><img loading=\"lazy\" decoding=\"async\" class=\"alignnone size-medium wp-image-10308\" src=\"https:\/\/drl-agri.com\/wp-content\/uploads\/2024\/12\/20241206_141947-300x169.jpg\" alt=\"\" width=\"300\" height=\"169\" srcset=\"https:\/\/drl-agri.com\/wp-content\/uploads\/2024\/12\/20241206_141947-300x169.jpg 300w, https:\/\/drl-agri.com\/wp-content\/uploads\/2024\/12\/20241206_141947-1024x577.jpg 1024w, https:\/\/drl-agri.com\/wp-content\/uploads\/2024\/12\/20241206_141947-768x432.jpg 768w, https:\/\/drl-agri.com\/wp-content\/uploads\/2024\/12\/20241206_141947-1536x865.jpg 1536w, https:\/\/drl-agri.com\/wp-content\/uploads\/2024\/12\/20241206_141947-2048x1153.jpg 2048w, https:\/\/drl-agri.com\/wp-content\/uploads\/2024\/12\/20241206_141947-800x450.jpg 800w\" sizes=\"auto, (max-width: 300px) 100vw, 300px\" \/><\/p>\n","protected":false},"excerpt":{"rendered":"<div>\n<ol class=\"_conversationTurnList_hu1v5_199\">\n<li class=\"_conversationTurnWrapper_hu1v5_234\">\n<article class=\"w-full scroll-mb-[var(--thread-trailing-height,150px)] text-token-text-primary focus-visible:outline-2 focus-visible:outline-offset-[-4px]\" dir=\"auto\" data-testid=\"conversation-turn-3\" data-scroll-anchor=\"false\">\n<div class=\"group\/conversation-turn relative flex w-full min-w-0 flex-col agent-turn\">\n<div class=\"flex-col gap-1 md:gap-3\">\n<div class=\"flex max-w-full flex-col flex-grow\">\n<div class=\"min-h-8 text-message flex w-full flex-col items-end gap-2 whitespace-normal break-words text-start [.text-message+&amp;]:mt-5\" dir=\"auto\" data-message-author-role=\"assistant\" data-message-id=\"e4ddbd6b-c5c8-43af-b8d2-1cacc946d221\" data-message-model-slug=\"gpt-4o\">\n<div class=\"flex w-full flex-col gap-1 empty:hidden first:pt-[3px]\">\n<div class=\"markdown prose w-full break-words dark:prose-invert light\">\n<p><strong>Mod\u00e8le et caract\u00e9ristiques :<\/strong><\/p>\n<ul>\n<li><strong>Marque\/Mod\u00e8le :<\/strong>\u00a0New Holland CR 9070 Elevation<\/li>\n<li><strong>Ann\u00e9e :<\/strong>\u00a02011<\/li>\n<li><strong>Heures d&#8217;utilisation :<\/strong> 3 292 heures (rotor )<\/li>\n<li><strong>Coupe :<\/strong>\u00a0Varifeed de 7,60 m\u00e8tres avec chariot inclus<\/li>\n<li><strong>\u00c9quipement :<\/strong>\u00a0Broyeur\/\u00c9parpilleur<\/li>\n<\/ul>\n<p>\ud83d\ude9c\u00a0<strong>Pneumatiques :<\/strong><\/p>\n<ul>\n<li>Avant : 800\/75R32 GY<\/li>\n<li>Arri\u00e8re : 600\/65R28 Mitac<\/li>\n<\/ul>\n<p>\ud83d\udd0d\u00a0<strong>Historique d&#8217;entretien :<\/strong><br \/>\nMachine enti\u00e8rement r\u00e9vis\u00e9e dans nos ateliers :<br \/>\nNous fournissons un\u00a0<strong>descriptif complet des travaux r\u00e9alis\u00e9s<\/strong>\u00a0sur demande.<\/p>\n<p>\ud83d\udca1\u00a0<strong>Avantages :<\/strong><\/p>\n<ul>\n<li>\u00c9tat m\u00e9canique pr\u00eat pour la saison.<\/li>\n<\/ul>\n<p>\ud83d\udccd\u00a0<strong>Localisation :<\/strong><br \/>\nDisponible \u00e0 Lesve -Belgique<\/p>\n<p>\ud83d\udcde\u00a0<strong>Contactez-nous d\u00e8s maintenant pour plus d&#8217;informations ou pour organiser une visite !<\/strong><br \/>\nLinard &#8211; d.r.l@skynet.be -+32 (0) 475247675<\/p>\n<hr \/>\n<\/div>\n<\/div>\n<\/div>\n<\/div>\n<div class=\"mb-2 flex gap-3 empty:hidden -ml-2\">\n<div class=\"items-center justify-start rounded-xl p-1 z-10 -mt-1 bg-token-main-surface-primary md:absolute flex\">\n<div class=\"flex items-center\">\n<div class=\"flex\"><\/div>\n<div class=\"flex items-center pb-0\"><\/div>\n<\/div>\n<\/div>\n<\/div>\n<\/div>\n<div class=\"absolute\">\n<div class=\"flex items-center justify-center\"><\/div>\n<\/div>\n<div class=\"absolute\">\n<div class=\"flex items-center justify-center\"><\/div>\n<\/div>\n<\/div>\n<div class=\"group\/conversation-turn relative flex w-full min-w-0 flex-col\">\n<div class=\"flex-col gap-1 md:gap-3\">\n<div class=\"flex max-w-full flex-col flex-grow\">\n<div class=\"min-h-8 text-message flex w-full flex-col items-end gap-2 whitespace-normal break-words text-start [.text-message+&amp;]:mt-5\" dir=\"auto\" data-message-author-role=\"user\" data-message-id=\"aaa20026-d760-4a6a-bd1a-76fc150eabe4\">\n<div class=\"flex w-full flex-col gap-1 empty:hidden items-end rtl:items-start\">\n<div class=\"relative max-w-[var(--user-chat-width,70%)] rounded-3xl bg-token-message-surface px-5 py-2.5\">\n<div class=\"whitespace-pre-wrap\"><\/div>\n<\/div>\n<\/div>\n<\/div>\n<\/div>\n<\/div>\n<\/div>\n<div class=\"group\/conversation-turn relative flex w-full min-w-0 flex-col agent-turn\">\n<div class=\"flex-col gap-1 md:gap-3\">\n<div class=\"flex max-w-full flex-col flex-grow\">\n<div class=\"min-h-8 text-message flex w-full flex-col items-end gap-2 whitespace-normal break-words text-start [.text-message+&amp;]:mt-5\" dir=\"auto\" data-message-author-role=\"assistant\" data-message-id=\"d04cd9cd-9ed1-4b58-9ce6-e7a5c58d51c1\" data-message-model-slug=\"gpt-4o\">\n<div class=\"flex w-full flex-col gap-1 empty:hidden first:pt-[3px]\">\n<div class=\"markdown prose w-full break-words dark:prose-invert light\">\n<p><strong>FOR SALE: New Holland CR 9070 Combine Harvester (2011)<\/strong><\/p>\n<p>\ud83d\udd27\u00a0<strong>Model and Specifications:<\/strong><\/p>\n<ul>\n<li><strong>Make\/Model:<\/strong>\u00a0New Holland CR 9070 Elevation<\/li>\n<li><strong>Year:<\/strong>\u00a02011<\/li>\n<li><strong>Operating Hours:<\/strong> 3,292 hours (rotor)<\/li>\n<li><strong>Header:<\/strong>\u00a07.60-meter Varifeed header with transport trailer included<\/li>\n<li><strong>Equipment:<\/strong>\u00a0Chopper\/Spreader<\/li>\n<\/ul>\n<p>\ud83d\ude9c\u00a0<strong>Tires:<\/strong><\/p>\n<ul>\n<li>Front: 800\/75R32 GY<\/li>\n<li>Rear: 600\/65R28 Mitac<\/li>\n<\/ul>\n<p>\ud83d\udd0d\u00a0<strong>Maintenance History:<\/strong><br \/>\nThis machine has been fully serviced in our workshop.<br \/>\nA\u00a0<strong>detailed service report<\/strong>\u00a0is available upon request.<\/p>\n<p>\ud83d\udca1\u00a0<strong>Key Features:<\/strong><\/p>\n<ul>\n<li>Excellent mechanical condition, ready for the season.<\/li>\n<\/ul>\n<p>\ud83d\udccd\u00a0<strong>Location:<\/strong><br \/>\nAvailable at LESVE &#8211; BELGIUM<\/p>\n<p>\ud83d\udcde\u00a0<strong>Contact us today for more details or to schedule a viewing!<\/strong><br \/>\nLINARD- d.r.l@skynet.be &#8211; Whatsapp :+32 475247675<\/p>\n<\/div>\n<\/div>\n<\/div>\n<\/div>\n<div class=\"mb-2 flex gap-3 empty:hidden -ml-2\">\n<div class=\"items-center justify-start rounded-xl p-1 flex\"><\/div>\n<\/div>\n<\/div>\n<\/div>\n<\/article>\n<\/li>\n<\/ol>\n<p><input class=\"invisible h-[1px] w-full\" name=\"thread_is_scrolled_to_bottom\" type=\"checkbox\" \/><\/p>\n<\/div>\n<div>\n<div class=\"_footer_hu1v5_373\">\n<div class=\"z-10 flex flex-col gap-bar\" data-testid=\"bar-container-default\">\n<div class=\"grid gap-bar sticky relative\" data-testid=\"bar-default\">\n<p>&nbsp;<\/p>\n<div class=\"flex flex-col gap-2 z-20\"><\/div>\n<\/div>\n<div class=\"grid gap-bar sticky bottom-[var(--screen-keyboard-bottom,env(keyboard-inset-bottom,0px))] _primary_9ia9b_21\" data-testid=\"bar-composer-bar\">\n<div class=\"flex justify-center\"><\/div>\n<form class=\"w-full\" aria-haspopup=\"dialog\" aria-expanded=\"false\" aria-controls=\"radix-:r9t:\" data-state=\"closed\">\n<div class=\"relative flex h-full max-w-full flex-1 flex-col\">\n<div class=\"absolute bottom-full my-3 z-20\"><\/div>\n<div class=\"group relative flex w-full items-center\">\n<div id=\"composer-background\" class=\"flex w-full cursor-text flex-col rounded-3xl px-2.5 py-1 transition-colors contain-inline-size backdrop-blur-2xl no-transparency:backdrop-blur-none bg-token-composer-surface\">\n<div class=\"flex min-h-[44px] items-start pl-2\">\n<div class=\"min-w-0 max-w-full flex-1\">\n<div class=\"_prosemirror-parent_15ceg_1 text-token-text-primary max-h-[25dvh] max-h-52 overflow-auto default-browser\">\n<div id=\"prompt-textarea\" class=\"ProseMirror\" contenteditable=\"true\" translate=\"no\">\n<p class=\"placeholder\" data-placeholder=\"Message ChatGPT\">\n<\/div>\n<\/div>\n<\/div>\n<\/div>\n<\/div>\n<\/div>\n<\/div>\n<\/form>\n<\/div>\n<\/div>\n<\/div>\n<\/div>\n","protected":false},"featured_media":10308,"comment_status":"open","ping_status":"closed","template":"","meta":[],"product_brand":[],"product_cat":[150],"product_tag":[],"class_list":{"0":"post-10352","1":"product","2":"type-product","3":"status-publish","4":"has-post-thumbnail","6":"product_cat-moissonneuses-batteuses","8":"first","9":"instock","10":"shipping-taxable","11":"product-type-simple"},"_links":{"self":[{"href":"https:\/\/drl-agri.com\/fr\/wp-json\/wp\/v2\/product\/10352","targetHints":{"allow":["GET"]}}],"collection":[{"href":"https:\/\/drl-agri.com\/fr\/wp-json\/wp\/v2\/product"}],"about":[{"href":"https:\/\/drl-agri.com\/fr\/wp-json\/wp\/v2\/types\/product"}],"replies":[{"embeddable":true,"href":"https:\/\/drl-agri.com\/fr\/wp-json\/wp\/v2\/comments?post=10352"}],"wp:featuredmedia":[{"embeddable":true,"href":"https:\/\/drl-agri.com\/fr\/wp-json\/wp\/v2\/media\/10308"}],"wp:attachment":[{"href":"https:\/\/drl-agri.com\/fr\/wp-json\/wp\/v2\/media?parent=10352"}],"wp:term":[{"taxonomy":"product_brand","embeddable":true,"href":"https:\/\/drl-agri.com\/fr\/wp-json\/wp\/v2\/product_brand?post=10352"},{"taxonomy":"product_cat","embeddable":true,"href":"https:\/\/drl-agri.com\/fr\/wp-json\/wp\/v2\/product_cat?post=10352"},{"taxonomy":"product_tag","embeddable":true,"href":"https:\/\/drl-agri.com\/fr\/wp-json\/wp\/v2\/product_tag?post=10352"}],"curies":[{"name":"wp","href":"https:\/\/api.w.org\/{rel}","templated":true}]}}