{"id":9383,"date":"2022-11-18T10:15:40","date_gmt":"2022-11-18T10:15:40","guid":{"rendered":"https:\/\/beta.drl-agri.com\/?page_id=9383"},"modified":"2023-08-29T10:14:04","modified_gmt":"2023-08-29T10:14:04","slug":"irrigation","status":"publish","type":"page","link":"https:\/\/drl-agri.com\/fr\/gestion-de-culture\/irrigation\/","title":{"rendered":"Irrigation"},"content":{"rendered":"<div class=\"wpb-content-wrapper\"><p>[vc_row full_width=&#8221;stretch_row&#8221; css=&#8221;.vc_custom_1670748933358{padding-top: 150px !important;padding-bottom: 250px !important;background-image: url(https:\/\/drl-agri.com\/wp-content\/uploads\/2022\/12\/placeholder-irrigatori.jpg?id=8003) !important;background-position: center !important;background-repeat: no-repeat !important;background-size: cover !important;}&#8221; el_class=&#8221;under-menu-topbar&#8221;][vc_column offset=&#8221;vc_col-lg-offset-0 vc_col-md-offset-0 vc_col-sm-offset-0 vc_col-xs-offset-2 vc_col-xs-8&#8243;][\/vc_column][\/vc_row][vc_row css=&#8221;.vc_custom_1555661798285{margin-top: -100px !important;padding-top: 70px !important;padding-right: 50px !important;padding-left: 50px !important;background-color: #ffffff !important;}&#8221;][vc_column][vc_row_inner][vc_column_inner width=&#8221;2\/3&#8243;]<header class=\"kd-section-title col-lg-12 text-left  kd-animated fadeIn  \" data-animation-delay=200><h2 class=\"separator_off\" style=\"font-size: 36px;line-height: 42px;\">Irriguer vos cultures en temps r\u00e9el<\/h2><h4 class=\"subtitle \" >Arr\u00eatez de compter sur la pluie. Faites confiance \u00e0 nos syst\u00e8mes d'irrigation : arrosez o\u00f9 et quand vos cultures en ont besoin.<\/h4><\/header>[vc_column_text]Des plus petites pouvant \u00eatre utilis\u00e9es pour le jardinage aux machines les plus importantes destin\u00e9es \u00e0 l&#8217;irrigation des champs cultiv\u00e9s. Les syst\u00e8mes d&#8217;irrigation DRL aliment\u00e9s par IRTEC se distinguent par leur conception, leur qualit\u00e9 de fabrication et leur durabilit\u00e9 dans le temps.<\/p>\n<p>Faites-nous confiance pour vous apporter des solutions d&#8217;irrigation quelle que soit la taille de votre terrain, l&#8217;acc\u00e8s \u00e0 un point d&#8217;eau, ou le type de culture. Avec notre partenaire IRTEC, nous vous proposerons des solutions personnalis\u00e9es en fonction de vos besoins.[\/vc_column_text][\/vc_column_inner][vc_column_inner width=&#8221;1\/3&#8243;]<header class=\"kd-section-title col-lg-12 text-left  kd-animated fadeIn  \" data-animation-delay=200><h2 class=\"separator_off\" style=\"color: #293e9b;font-size: 30px;line-height: 36px;\">IRTEC : Un leader sur le march\u00e9 de l'irrigation<\/h2><\/header>[vc_single_image image=&#8221;8009&#8243; img_size=&#8221;medium&#8221;][vc_column_text]Pour nos solutions d&#8217;irrigation, nous avons choisi IRTEC. Nous croyons en leur professionnalisme et leur dynamisme et appr\u00e9cions la vari\u00e9t\u00e9 de leurs solutions d&#8217;irrigation.<\/p>\n<p>En savoir plus sur l&#8217;IRTEC:\u00a0 <strong><a href=\"http:\/\/www.irtec-irrigazione.it\/\" target=\"_blank\" rel=\"noopener noreferrer\">Visitez le site Web<\/a><\/strong>[\/vc_column_text][\/vc_column_inner][\/vc_row_inner][vc_row_inner css=&#8221;.vc_custom_1670755469628{margin-top: 15px !important;margin-bottom: 50px !important;}&#8221;][vc_column_inner width=&#8221;2\/3&#8243;]<header class=\"kd-section-title col-lg-12 text-left  kd-animated fadeIn  \" data-animation-delay=200><h2 class=\"separator_off\" style=\"font-size: 36px;line-height: 42px;\">Besoin d'entretien?<\/h2><h4 class=\"subtitle \" >Nous nous occupons de la maintenance de votre \u00e9quipement IRTEC.<\/h4><\/header>[vc_video link=&#8221;https:\/\/www.youtube.com\/watch?v=vWFuWmi3f4g&#8221; css=&#8221;.vc_custom_1670753751562{margin-top: 21px !important;}&#8221;][\/vc_column_inner][vc_column_inner width=&#8221;1\/3&#8243; css=&#8221;.vc_custom_1670754997397{border-top-width: 1px !important;border-right-width: 1px !important;border-bottom-width: 1px !important;border-left-width: 1px !important;padding-top: 30px !important;padding-right: 20px !important;padding-bottom: 30px !important;padding-left: 20px !important;background-color: #e8e8e8 !important;border-left-color: #fedd02 !important;border-left-style: ridge !important;border-right-color: #fedd02 !important;border-right-style: ridge !important;border-top-color: #fedd02 !important;border-top-style: ridge !important;border-bottom-color: #fedd02 !important;border-bottom-style: ridge !important;}&#8221;]<header class=\"kd-section-title col-lg-12 text-left  kd-animated fadeIn   vc_custom_1673702177977\" data-animation-delay=200><h2 class=\"separator_off\" style=\"color: #dd0000;font-size: 24px;line-height: 30px;\">Vous voulez conna\u00eetre le temps d'irrigation et le volume d'eau consomm\u00e9?<\/h2><\/header>[vc_single_image image=&#8221;8020&#8243; img_size=&#8221;full&#8221; css=&#8221;.vc_custom_1670754777713{margin-top: 15px !important;margin-bottom: 15px !important;}&#8221;][vc_column_text css=&#8221;.vc_custom_1673702198476{margin-top: 15px !important;}&#8221;]T\u00e9l\u00e9chargez notre feuille de calcul MS Excel et effectuez des calculs parfaits en fonction de vos exigences et de vos besoins.[\/vc_column_text]<a  href=\"https:\/\/drive.google.com\/file\/d\/1QpF7xg1Clohv7sF2KUY9adaEcvbBmpJv\/view\"  target=\"_blank\"  title=\"\" class=\"tt_button tt_primary_button btn_primary_color  pull-left button-action-link  kd-animated zoomIn\" data-animation-delay=200><span class=\"prim_text\">Commencer<\/span><\/a>[\/vc_column_inner][\/vc_row_inner][\/vc_column][\/vc_row][vc_row full_width=&#8221;stretch_row&#8221; equal_height=&#8221;yes&#8221; content_placement=&#8221;middle&#8221; css=&#8221;.vc_custom_1670756337374{padding-top: 100px !important;padding-bottom: 70px !important;background-color: #f5f5f5 !important;}&#8221;][vc_column][vc_row_inner equal_height=&#8221;yes&#8221; content_placement=&#8221;middle&#8221;][vc_column_inner width=&#8221;1\/2&#8243; offset=&#8221;vc_hidden-xs&#8221;][vc_column_text css_animation=&#8221;fadeIn&#8221;]<\/p>\n<h6 style=\"text-align: left;\">Une r\u00e9volution dans la gestion de l&#8217;irrigation agricole<\/h6>\n<p>[\/vc_column_text][vc_empty_space height=&#8221;25px&#8221;]<header class=\"kd-section-title col-lg-12 text-left  kd-animated fadeIn  \" data-animation-delay=200><h2 class=\"separator_off\" >Rendez votre gestion d'irrigation pr\u00e9cise avec notre partenaire CSMT Agri - Singapour<\/h2><\/header>[vc_column_text]\u00c9vitez les maladies et am\u00e9liorez la qualit\u00e9 et la productivit\u00e9 de votre culture : avec les solutions de cartographie et de surveillance propos\u00e9es par notre partenaire CSMT Agri, vous pouvez savoir ce dont votre culture a besoin, et quand elle en a besoin, et fournir une distribution d&#8217;eau uniforme et pr\u00e9cise \u00e0 la culture tout au long de son cycle de vie.[\/vc_column_text][\/vc_column_inner][vc_column_inner width=&#8221;1\/2&#8243;][vc_single_image image=&#8221;8048&#8243; img_size=&#8221;full&#8221; alignment=&#8221;center&#8221;][\/vc_column_inner][\/vc_row_inner][\/vc_column][\/vc_row][vc_row full_width=&#8221;stretch_row&#8221; css=&#8221;.vc_custom_1670756811623{padding-top: 100px !important;}&#8221;][vc_column][vc_row_inner][vc_column_inner width=&#8221;1\/4&#8243;][\/vc_column_inner][vc_column_inner width=&#8221;1\/2&#8243;]<header class=\"kd-section-title col-lg-12 text-center  kd-animated fadeIn  \" data-animation-delay=200><h2 class=\"separator_off\" >Principaux avantages de la gestion de l'irrigation de pr\u00e9cision<\/h2><\/header>[\/vc_column_inner][vc_column_inner width=&#8221;1\/4&#8243;][\/vc_column_inner][\/vc_row_inner][vc_row_inner css=&#8221;.vc_custom_1555684681204{padding-bottom: 100px !important;}&#8221;][vc_column_inner width=&#8221;1\/3&#8243;][vc_single_image image=&#8221;8059&#8243; img_size=&#8221;full&#8221; alignment=&#8221;center&#8221;]<header class=\"kd-section-title col-lg-12 text-center  kd-animated fadeIn   vc_custom_1673702372496\" data-animation-delay=200><h2 class=\"separator_off\" style=\"font-size: 24px;line-height: 30px;\">Contr\u00f4le d'irrigation \u00e0 distance<\/h2><p class=\"subtitle \" >Maintenant, surveillez et contr\u00f4lez vos pivots en un seul endroit depuis n'importe o\u00f9 sur un smartphone ou un ordinateur.<\/p><\/header>[\/vc_column_inner][vc_column_inner width=&#8221;1\/3&#8243;][vc_single_image image=&#8221;8061&#8243; img_size=&#8221;Full&#8221; alignment=&#8221;center&#8221;]<header class=\"kd-section-title col-lg-12 text-center  kd-animated fadeIn   vc_custom_1673702420041\" data-animation-delay=200><h2 class=\"separator_off\" style=\"font-size: 24px;line-height: 30px;\">Irrigation \u00e0 taux variable<\/h2><p class=\"subtitle \" >Effectuez une application tr\u00e8s cibl\u00e9e d'eau, de fertigation ou d'effluent en faisant varier le taux.<\/p><\/header>[\/vc_column_inner][vc_column_inner width=&#8221;1\/3&#8243;][vc_single_image image=&#8221;8057&#8243; img_size=&#8221;full&#8221; alignment=&#8221;center&#8221;]<header class=\"kd-section-title col-lg-12 text-center  kd-animated fadeIn   vc_custom_1673702456937\" data-animation-delay=200><h2 class=\"separator_off\" style=\"font-size: 24px;line-height: 30px;\">Irrigation uniforme<\/h2><p class=\"subtitle \" >Application coh\u00e9rente sur les zones, quelle que soit leur position, et risque minimis\u00e9 d'\u00e9carts et de chevauchements.<\/p><\/header>[\/vc_column_inner][\/vc_row_inner][\/vc_column][\/vc_row][vc_row full_width=&#8221;stretch_row&#8221;][vc_column][vc_row_inner css=&#8221;.vc_custom_1555684681204{padding-bottom: 100px !important;}&#8221;][vc_column_inner width=&#8221;1\/4&#8243;][\/vc_column_inner][vc_column_inner width=&#8221;1\/2&#8243;]<header class=\"kd-section-title col-lg-12 text-center  kd-animated fadeIn  \" data-animation-delay=200><h2 class=\"separator_off\" >Int\u00e9ress\u00e9? Prenons contact!<\/h2><h6 class=\"subtitle \" >Nous vous fournirons les meilleurs conseils sur l'\u00e9quipement et les options d'irrigation qui vous conviennent.<\/h6><\/header>[vc_empty_space height=&#8221;15px&#8221;]<a  href=\"https:\/\/drl-agri.com\/fr\/a-propos-de-nous\/contacter-drl\/\"  target=\"_self\"  title=\"Contact DRL\" class=\"tt_button tt_primary_button btn_primary_color  button-center button-action-link  kd-animated zoomIn\" data-animation-delay=200><span class=\"prim_text\">Commencer<\/span><\/a>[\/vc_column_inner][vc_column_inner width=&#8221;1\/4&#8243;][\/vc_column_inner][\/vc_row_inner][\/vc_column][\/vc_row]<\/p>\n<\/div>","protected":false},"excerpt":{"rendered":"<p>[vc_row full_width=&#8221;stretch_row&#8221; css=&#8221;.vc_custom_1670748933358{padding-top: 150px !important;padding-bottom: 250px !important;background-image: url(https:\/\/drl-agri.com\/wp-content\/uploads\/2022\/12\/placeholder-irrigatori.jpg?id=8003) !important;background-position: center !important;background-repeat: no-repeat !important;background-size: cover !important;}&#8221; el_class=&#8221;under-menu-topbar&#8221;][vc_column offset=&#8221;vc_col-lg-offset-0 vc_col-md-offset-0 vc_col-sm-offset-0 vc_col-xs-offset-2 [&hellip;]<\/p>\n","protected":false},"author":2,"featured_media":0,"parent":8774,"menu_order":0,"comment_status":"closed","ping_status":"closed","template":"","meta":{"footnotes":""},"class_list":["post-9383","page","type-page","status-publish","hentry"],"_links":{"self":[{"href":"https:\/\/drl-agri.com\/fr\/wp-json\/wp\/v2\/pages\/9383","targetHints":{"allow":["GET"]}}],"collection":[{"href":"https:\/\/drl-agri.com\/fr\/wp-json\/wp\/v2\/pages"}],"about":[{"href":"https:\/\/drl-agri.com\/fr\/wp-json\/wp\/v2\/types\/page"}],"author":[{"embeddable":true,"href":"https:\/\/drl-agri.com\/fr\/wp-json\/wp\/v2\/users\/2"}],"replies":[{"embeddable":true,"href":"https:\/\/drl-agri.com\/fr\/wp-json\/wp\/v2\/comments?post=9383"}],"version-history":[{"count":0,"href":"https:\/\/drl-agri.com\/fr\/wp-json\/wp\/v2\/pages\/9383\/revisions"}],"up":[{"embeddable":true,"href":"https:\/\/drl-agri.com\/fr\/wp-json\/wp\/v2\/pages\/8774"}],"wp:attachment":[{"href":"https:\/\/drl-agri.com\/fr\/wp-json\/wp\/v2\/media?parent=9383"}],"curies":[{"name":"wp","href":"https:\/\/api.w.org\/{rel}","templated":true}]}}