{"id":9378,"date":"2022-11-18T10:15:41","date_gmt":"2022-11-18T10:15:41","guid":{"rendered":"https:\/\/beta.drl-agri.com\/?page_id=9378"},"modified":"2023-08-29T10:21:43","modified_gmt":"2023-08-29T10:21:43","slug":"machine","status":"publish","type":"page","link":"https:\/\/drl-agri.com\/fr\/machine\/","title":{"rendered":"Machine"},"content":{"rendered":"<div class=\"wpb-content-wrapper\"><p>[vc_row full_width=&#8221;stretch_row&#8221; css=&#8221;.vc_custom_1668938585193{padding-top: 250px !important;padding-bottom: 250px !important;background-image: url(https:\/\/drl-agri.com\/wp-content\/uploads\/2022\/11\/DRL-Maintenance-Services.jpg?id=7846) !important;background-position: center !important;background-repeat: no-repeat !important;background-size: cover !important;}&#8221; el_class=&#8221;under-menu-topbar&#8221;][vc_column offset=&#8221;vc_col-lg-offset-0 vc_col-md-offset-0 vc_col-sm-offset-0 vc_col-xs-offset-2 vc_col-xs-8&#8243;][\/vc_column][\/vc_row][vc_row css=&#8221;.vc_custom_1555661798285{margin-top: -100px !important;padding-top: 70px !important;padding-right: 50px !important;padding-left: 50px !important;background-color: #ffffff !important;}&#8221;][vc_column][vc_row_inner css=&#8221;.vc_custom_1668956398939{margin-bottom: 50px !important;}&#8221;][vc_column_inner width=&#8221;1\/2&#8243;][vc_custom_heading text=&#8221;Machines agricoles<br \/>\nR\u00e9paration &amp; entretien&#8221; font_container=&#8221;tag:h2|font_size:36px|text_align:left|line_height:42px&#8221; use_theme_fonts=&#8221;yes&#8221;]<header class=\"kd-section-title col-lg-12 text-left    \" ><h4 class=\"subtitle \" >DRL Agri peut vous aider \u00e0 r\u00e9duire ces co\u00fbts suppl\u00e9mentaires en maintenant l'entretien de routine.<\/h4><\/header>[vc_column_text]Chez DRL Agri, nous avons une \u00e9quipe technique exp\u00e9riment\u00e9e et bien form\u00e9e avec un atelier enti\u00e8rement \u00e9quip\u00e9 pour fournir tous les niveaux de travaux de r\u00e9paration et d&#8217;entretien de machines agricoles.<\/p>\n<p>Nos services d&#8217;entretien et de r\u00e9paration vont de simples travaux tels que le soudage de fissures ou l&#8217;aff\u00fbtage de lames d&#8217;\u00e9quipement \u00e0 des projets de d\u00e9montage et de reconstruction complets. En pr\u00e8s de 30 ans d&#8217;activit\u00e9, nous avons trait\u00e9 presque toutes les marques et tous les types d&#8217;\u00e9quipements.[\/vc_column_text][\/vc_column_inner][vc_column_inner width=&#8221;1\/2&#8243;][vc_single_image image=&#8221;7862&#8243; img_size=&#8221;full&#8221;][\/vc_column_inner][\/vc_row_inner][\/vc_column][\/vc_row][vc_row full_width=&#8221;stretch_row&#8221; css=&#8221;.vc_custom_1555684303434{padding-top: 100px !important;padding-bottom: 70px !important;background-color: #f5f5f5 !important;}&#8221;][vc_column][vc_row_inner][vc_column_inner width=&#8221;1\/4&#8243; offset=&#8221;vc_hidden-xs&#8221;][\/vc_column_inner][vc_column_inner width=&#8221;1\/2&#8243;]<header class=\"kd-section-title col-lg-12 text-center  kd-animated fadeIn  \" data-animation-delay=200><h2 class=\"separator_off\" style=\"font-size: 36px;line-height: 42px;\">Les machines sont un facteur de co\u00fbt important dans l'industrie agricole<\/h2><h4 class=\"subtitle \" >Et nous sommes l\u00e0 pour vous aider \u00e0 \u00e9viter tout co\u00fbt impr\u00e9vu en vous proposant une maintenance programm\u00e9e<\/h4><\/header>[vc_single_image image=&#8221;7871&#8243; img_size=&#8221;full&#8221; alignment=&#8221;center&#8221;][\/vc_column_inner][vc_column_inner width=&#8221;1\/4&#8243; offset=&#8221;vc_hidden-xs&#8221;][\/vc_column_inner][\/vc_row_inner][vc_row_inner css=&#8221;.vc_custom_1668957833889{margin-top: 50px !important;}&#8221;][vc_column_inner]\r\n            <div class=\"kd-process-steps process_three_elem process-checkbox-template \">\r\n                <ul>\r\n                <li class=\"pss-item kd-animated fadeIn \"  >\r\n                    <div class=\"pss-container\"><div class=\"pss-step-number\"><span >1<\/span><\/div><div class=\"pss-text-area\">\r\n                            <h5 >Entretien et r\u00e9paration sur place<\/h5>\r\n                            <p >Nous comprenons que les retards dans la r\u00e9paration ou l'entretien de l'\u00e9quipement agricole pourraient vous faire subir de grosses pertes sous forme de panne ou d'inefficacit\u00e9 de l'\u00e9quipement. Par cons\u00e9quent, DRL propose des services de r\u00e9paration et d'entretien de mat\u00e9riel agricole sur site de haute qualit\u00e9 et en temps opportun dans le monde entier.<\/p><\/div>\r\n                    <\/div>\r\n                <\/li>\r\n                <li class=\"pss-item kd-animated fadeIn \"  data-animation-delay=200>\r\n                    <div class=\"pss-container\"><div class=\"pss-step-number\"><span >2<\/span><\/div><div class=\"pss-text-area\">\r\n                            <h5 >Besoin de pi\u00e8ces d\u00e9tach\u00e9es \u00e0 la place?<\/h5>\r\n                            <p >Nous proposons \u00e9galement des pi\u00e8ces d\u00e9tach\u00e9es pour des marques renomm\u00e9es. Cliquez sur le bouton ci-dessous et recherchez les pi\u00e8ces dont vous pourriez avoir besoin.<\/p><a href=\"https:\/\/drl-agri.com\/fr\/machine\/spare-parts\/\" class=\"tt_button  \"  target=\"_self\" title=\"Spare Parts\">Voir les pi\u00e8ces d\u00e9tach\u00e9es<\/a><\/div>\r\n                    <\/div>\r\n                <\/li>\r\n                <li class=\"pss-item kd-animated fadeIn \"  data-animation-delay=400>\r\n                    <div class=\"pss-container\"><div class=\"pss-step-number\"><span >3<\/span><\/div><div class=\"pss-text-area\">\r\n                            <h5 >Manuels d'utilisation<\/h5>\r\n                            <p >Nous vendons \u00e9galement des manuels d'utilisation pour chaque machine. Veuillez nous indiquer le mode d'emploi que vous recherchez.<\/p><\/div>\r\n                    <\/div>\r\n                <\/li><\/ul>\r\n            <\/div>[\/vc_column_inner][\/vc_row_inner][\/vc_column][\/vc_row][vc_row full_width=&#8221;stretch_row&#8221; css=&#8221;.vc_custom_1668957844177{padding-top: 150px !important;}&#8221;][vc_column][vc_row_inner css=&#8221;.vc_custom_1555684681204{padding-bottom: 100px !important;}&#8221;][vc_column_inner width=&#8221;1\/4&#8243;][\/vc_column_inner][vc_column_inner width=&#8221;1\/2&#8243;]<header class=\"kd-section-title col-lg-12 text-center  kd-animated fadeIn  \" data-animation-delay=200><h2 class=\"separator_off\" style=\"font-size: 36px;line-height: 42px;\">Vous avez des questions sur nos services de r\u00e9paration et de reconstruction?<\/h2><h6 class=\"subtitle \" >Nous pouvons d\u00e9velopper des solutions con\u00e7ues et fabriqu\u00e9es sur mesure pour les probl\u00e8mes de r\u00e9colte et d'emballage les plus difficiles des clients. Prenez contact avec nous.<\/h6><\/header>[vc_empty_space height=&#8221;15px&#8221;]<a  href=\"https:\/\/drl-agri.com\/fr\/a-propos-de-nous\/contacter-drl\/\"  target=\"_self\"  title=\"Contacter DRL\" class=\"tt_button tt_primary_button btn_primary_color  button-center button-action-link  kd-animated zoomIn\" data-animation-delay=200><span class=\"prim_text\">Commencer<\/span><\/a>[\/vc_column_inner][vc_column_inner width=&#8221;1\/4&#8243;][\/vc_column_inner][\/vc_row_inner][\/vc_column][\/vc_row]<\/p>\n<\/div>","protected":false},"excerpt":{"rendered":"<p>[vc_row full_width=&#8221;stretch_row&#8221; css=&#8221;.vc_custom_1668938585193{padding-top: 250px !important;padding-bottom: 250px !important;background-image: url(https:\/\/drl-agri.com\/wp-content\/uploads\/2022\/11\/DRL-Maintenance-Services.jpg?id=7846) !important;background-position: center !important;background-repeat: no-repeat !important;background-size: cover !important;}&#8221; el_class=&#8221;under-menu-topbar&#8221;][vc_column offset=&#8221;vc_col-lg-offset-0 vc_col-md-offset-0 vc_col-sm-offset-0 vc_col-xs-offset-2 [&hellip;]<\/p>\n","protected":false},"author":2,"featured_media":0,"parent":0,"menu_order":0,"comment_status":"closed","ping_status":"closed","template":"","meta":{"footnotes":""},"class_list":["post-9378","page","type-page","status-publish","hentry"],"_links":{"self":[{"href":"https:\/\/drl-agri.com\/fr\/wp-json\/wp\/v2\/pages\/9378","targetHints":{"allow":["GET"]}}],"collection":[{"href":"https:\/\/drl-agri.com\/fr\/wp-json\/wp\/v2\/pages"}],"about":[{"href":"https:\/\/drl-agri.com\/fr\/wp-json\/wp\/v2\/types\/page"}],"author":[{"embeddable":true,"href":"https:\/\/drl-agri.com\/fr\/wp-json\/wp\/v2\/users\/2"}],"replies":[{"embeddable":true,"href":"https:\/\/drl-agri.com\/fr\/wp-json\/wp\/v2\/comments?post=9378"}],"version-history":[{"count":0,"href":"https:\/\/drl-agri.com\/fr\/wp-json\/wp\/v2\/pages\/9378\/revisions"}],"wp:attachment":[{"href":"https:\/\/drl-agri.com\/fr\/wp-json\/wp\/v2\/media?parent=9378"}],"curies":[{"name":"wp","href":"https:\/\/api.w.org\/{rel}","templated":true}]}}