{"id":8808,"date":"2019-04-24T13:39:05","date_gmt":"2019-04-24T13:39:05","guid":{"rendered":"https:\/\/beta.drl-agri.com\/homepage-eng\/"},"modified":"2025-06-16T11:23:26","modified_gmt":"2025-06-16T11:23:26","slug":"homepage-eng-2","status":"publish","type":"page","link":"https:\/\/drl-agri.com\/fr\/","title":{"rendered":"Homepage FR"},"content":{"rendered":"<div class=\"wpb-content-wrapper\"><p>[vc_row full_width=&#8221;stretch_row_content&#8221; css=&#8221;.vc_custom_1735776599052{margin-top: 120px !important;margin-bottom: -32px !important;background-color: #2A2A2A !important;}&#8221;][vc_column css=&#8221;.vc_custom_1586364367847{padding-right: 150px !important;padding-left: 150px !important;}&#8221;][vc_message message_box_style=&#8221;solid&#8221; style=&#8221;square&#8221; message_box_color=&#8221;black&#8221; css=&#8221;&#8221;]<\/p>\n<p style=\"text-align: left; color: #ffffff;\">\u00c0 compter du 1er janvier 2025, DRL SRL ne sera joignable que via les coordonn\u00e9es d\u00e9sign\u00e9es telles qu&#8217;indiqu\u00e9es sur le site Web. <span style=\"color: #fedd02;\"><a style=\"color: #fedd02;\" href=\"https:\/\/drl-agri.com\/fr\/a-propos-de-nous\/contacter-drl\/\">Apprendre encore plus<\/a><\/span><\/p>\n<p>[\/vc_message][\/vc_column][\/vc_row][vc_row][vc_column][rev_slider_vc alias=&#8221;techco-header1&#8243;][\/vc_column][\/vc_row][vc_row css=&#8221;.vc_custom_1672654122777{padding-top: 70px !important;padding-bottom: 70px !important;background-color: #ffffff !important;}&#8221;][vc_column css=&#8221;.vc_custom_1516009024901{padding-right: 0px !important;padding-left: 0px !important;}&#8221;]<ul class=\"kd-icon-list\" ><li class=\"kd-icon-list-item\"><i class=\"fas fa-broadcast-tower\" style=\"font-size:28px;color:#f20000;\"><\/i><span class=\"kd-list-text\" ><span style=\"color: #414042;\"><strong>Ajout\u00e9 r\u00e9cemment\u00a0 \/\u00a0 <\/strong><\/span><span style=\"color: #333333;\">\u00a0<strong><span style=\"color: #293e9b;\"><a style=\"color: #293e9b;\" href=\"https:\/\/drl-agri.com\/fr\/materiel-doccasion\/\">Voir tout<\/a><\/span><\/strong><\/span><\/li><\/ul><header class=\"kd-section-title col-lg-12 text-left    \" ><h2 class=\"separator_off\" style=\"font-size: 36px;line-height: 42px;\">\u00c9quipement d'occasion disponible<\/h2><\/header><div class=\"woocommerce columns-4 \"><ul class=\"products columns-4\">\n\n<li class=\"woo-minimal-style product type-product post-10699 status-publish first instock product_cat-combine-harvesters has-post-thumbnail shipping-taxable product-type-simple\">\n<a href=\"https:\/\/drl-agri.com\/product\/cr9070\/\" class=\"woocommerce-LoopProduct-link woocommerce-loop-product__link\"><div class=\"woo-entry-image\"><img loading=\"lazy\" decoding=\"async\" width=\"800\" height=\"800\" src=\"https:\/\/drl-agri.com\/wp-content\/uploads\/2025\/10\/WhatsApp-Image-2025-10-07-at-09.31.03-1-800x800.jpeg\" class=\"attachment-woocommerce_thumbnail size-woocommerce_thumbnail\" alt=\"CR9070 -2011-ELEVATION\" srcset=\"https:\/\/drl-agri.com\/wp-content\/uploads\/2025\/10\/WhatsApp-Image-2025-10-07-at-09.31.03-1-800x800.jpeg 800w, https:\/\/drl-agri.com\/wp-content\/uploads\/2025\/10\/WhatsApp-Image-2025-10-07-at-09.31.03-1-150x150.jpeg 150w, https:\/\/drl-agri.com\/wp-content\/uploads\/2025\/10\/WhatsApp-Image-2025-10-07-at-09.31.03-1-320x320.jpeg 320w\" sizes=\"auto, (max-width: 800px) 100vw, 800px\" \/><\/div><div class=\"woo-entry-wrapper\"><h2 class=\"woocommerce-loop-product__title\">CR9070 -2011-ELEVATION<\/h2>\n<div class=\"categories\"><a href=\"https:\/\/drl-agri.com\/product-category\/combine-harvesters\/\" rel=\"tag\">Combine Harvesters<\/a><\/div>\n<\/a><a href=\"https:\/\/drl-agri.com\/product\/cr9070\/\" aria-describedby=\"woocommerce_loop_add_to_cart_link_describedby_10699\" data-quantity=\"1\" class=\"button product_type_simple\" data-product_id=\"10699\" data-product_sku=\"\" aria-label=\"En savoir plus sur &ldquo;CR9070 -2011-ELEVATION&rdquo;\" rel=\"nofollow\" data-success_message=\"\">Lire la suite<\/a>\t<span id=\"woocommerce_loop_add_to_cart_link_describedby_10699\" class=\"screen-reader-text\">\n\t\t\t<\/span>\n<\/div><\/li>\n\n<li class=\"woo-minimal-style product type-product post-9986 status-publish instock product_cat-tractors has-post-thumbnail shipping-taxable product-type-simple\">\n<a href=\"https:\/\/drl-agri.com\/product\/cnh-boomer-25c\/\" class=\"woocommerce-LoopProduct-link woocommerce-loop-product__link\"><div class=\"woo-entry-image\"><img loading=\"lazy\" decoding=\"async\" width=\"800\" height=\"800\" src=\"https:\/\/drl-agri.com\/wp-content\/uploads\/2024\/09\/20240830_145650-800x800.jpg\" class=\"attachment-woocommerce_thumbnail size-woocommerce_thumbnail\" alt=\"CNH Boomer 25 C\" srcset=\"https:\/\/drl-agri.com\/wp-content\/uploads\/2024\/09\/20240830_145650-800x800.jpg 800w, https:\/\/drl-agri.com\/wp-content\/uploads\/2024\/09\/20240830_145650-150x150.jpg 150w, https:\/\/drl-agri.com\/wp-content\/uploads\/2024\/09\/20240830_145650-320x320.jpg 320w\" sizes=\"auto, (max-width: 800px) 100vw, 800px\" \/><\/div><div class=\"woo-entry-wrapper\"><h2 class=\"woocommerce-loop-product__title\">CNH Boomer 25 C<\/h2>\n<div class=\"categories\"><a href=\"https:\/\/drl-agri.com\/product-category\/tractors\/\" rel=\"tag\">Tractors<\/a><\/div>\n<\/a><a href=\"https:\/\/drl-agri.com\/product\/cnh-boomer-25c\/\" aria-describedby=\"woocommerce_loop_add_to_cart_link_describedby_9986\" data-quantity=\"1\" class=\"button product_type_simple\" data-product_id=\"9986\" data-product_sku=\"\" aria-label=\"En savoir plus sur &ldquo;CNH Boomer 25 C&rdquo;\" rel=\"nofollow\" data-success_message=\"\">Lire la suite<\/a>\t<span id=\"woocommerce_loop_add_to_cart_link_describedby_9986\" class=\"screen-reader-text\">\n\t\t\t<\/span>\n<\/div><\/li>\n\n<li class=\"woo-minimal-style product type-product post-9915 status-publish outofstock product_cat-tractors has-post-thumbnail shipping-taxable product-type-simple\">\n<a href=\"https:\/\/drl-agri.com\/product\/td3-50-cnh\/\" class=\"woocommerce-LoopProduct-link woocommerce-loop-product__link\"><div class=\"woo-entry-image\"><img loading=\"lazy\" decoding=\"async\" width=\"800\" height=\"768\" src=\"https:\/\/drl-agri.com\/wp-content\/uploads\/2024\/01\/mini_IMG-20240112-WA0003-800x768.jpeg\" class=\"attachment-woocommerce_thumbnail size-woocommerce_thumbnail\" alt=\"Tracteur TD3.50 New Holland\" \/><\/div><div class=\"woo-entry-wrapper\"><h2 class=\"woocommerce-loop-product__title\">Tracteur TD3.50 New Holland<\/h2>\n<div class=\"categories\"><a href=\"https:\/\/drl-agri.com\/product-category\/tractors\/\" rel=\"tag\">Tractors<\/a><\/div>\n<\/a><a href=\"https:\/\/drl-agri.com\/product\/td3-50-cnh\/\" aria-describedby=\"woocommerce_loop_add_to_cart_link_describedby_9915\" data-quantity=\"1\" class=\"button product_type_simple\" data-product_id=\"9915\" data-product_sku=\"\" aria-label=\"En savoir plus sur &ldquo;Tracteur TD3.50 New Holland&rdquo;\" rel=\"nofollow\" data-success_message=\"\">Lire la suite<\/a>\t<span id=\"woocommerce_loop_add_to_cart_link_describedby_9915\" class=\"screen-reader-text\">\n\t\t\t<\/span>\n<\/div><\/li>\n\n<li class=\"woo-minimal-style product type-product post-9900 status-publish last instock product_cat-other-agri-equipment product_cat-uncategorized has-post-thumbnail shipping-taxable product-type-simple\">\n<a href=\"https:\/\/drl-agri.com\/product\/engine-678ht-ford\/\" class=\"woocommerce-LoopProduct-link woocommerce-loop-product__link\"><div class=\"woo-entry-image\"><img loading=\"lazy\" decoding=\"async\" width=\"800\" height=\"768\" src=\"https:\/\/drl-agri.com\/wp-content\/uploads\/2024\/01\/mini_20240105_160113-800x768.jpg\" class=\"attachment-woocommerce_thumbnail size-woocommerce_thumbnail\" alt=\"MOTEUR -ENGINE 678HT FORD\" \/><\/div><div class=\"woo-entry-wrapper\"><h2 class=\"woocommerce-loop-product__title\">MOTEUR -ENGINE 678HT FORD<\/h2>\n<div class=\"categories\"><a href=\"https:\/\/drl-agri.com\/product-category\/other-agri-equipment\/\" rel=\"tag\">Other Agri Equipment<\/a>, <a href=\"https:\/\/drl-agri.com\/product-category\/uncategorized\/\" rel=\"tag\">Uncategorized<\/a><\/div>\n<\/a><a href=\"https:\/\/drl-agri.com\/product\/engine-678ht-ford\/\" aria-describedby=\"woocommerce_loop_add_to_cart_link_describedby_9900\" data-quantity=\"1\" class=\"button product_type_simple\" data-product_id=\"9900\" data-product_sku=\"\" aria-label=\"En savoir plus sur &ldquo;MOTEUR -ENGINE 678HT FORD&rdquo;\" rel=\"nofollow\" data-success_message=\"\">Lire la suite<\/a>\t<span id=\"woocommerce_loop_add_to_cart_link_describedby_9900\" class=\"screen-reader-text\">\n\t\t\t<\/span>\n<\/div><\/li>\n\n<li class=\"woo-minimal-style product type-product post-9872 status-publish first outofstock product_cat-other-agri-equipment product_cat-uncategorized has-post-thumbnail shipping-taxable product-type-simple\">\n<a href=\"https:\/\/drl-agri.com\/product\/jd331\/\" class=\"woocommerce-LoopProduct-link woocommerce-loop-product__link\"><div class=\"woo-entry-image\"><img loading=\"lazy\" decoding=\"async\" width=\"800\" height=\"768\" src=\"https:\/\/drl-agri.com\/wp-content\/uploads\/2023\/12\/mini_20231228_093947-800x768.jpg\" class=\"attachment-woocommerce_thumbnail size-woocommerce_thumbnail\" alt=\"John Deere 331 Mower with Flail Conditioner - Year 2008\" \/><\/div><div class=\"woo-entry-wrapper\"><h2 class=\"woocommerce-loop-product__title\">John Deere 331 Mower with Flail Conditioner &#8211; Year 2008<\/h2>\n<div class=\"categories\"><a href=\"https:\/\/drl-agri.com\/product-category\/other-agri-equipment\/\" rel=\"tag\">Other Agri Equipment<\/a>, <a href=\"https:\/\/drl-agri.com\/product-category\/uncategorized\/\" rel=\"tag\">Uncategorized<\/a><\/div>\n<\/a><a href=\"https:\/\/drl-agri.com\/product\/jd331\/\" aria-describedby=\"woocommerce_loop_add_to_cart_link_describedby_9872\" data-quantity=\"1\" class=\"button product_type_simple\" data-product_id=\"9872\" data-product_sku=\"\" aria-label=\"En savoir plus sur &ldquo;John Deere 331 Mower with Flail Conditioner - Year 2008&rdquo;\" rel=\"nofollow\" data-success_message=\"\">Lire la suite<\/a>\t<span id=\"woocommerce_loop_add_to_cart_link_describedby_9872\" class=\"screen-reader-text\">\n\t\t\t<\/span>\n<\/div><\/li>\n\n<li class=\"woo-minimal-style product type-product post-9802 status-publish outofstock product_cat-combine-harvesters has-post-thumbnail shipping-taxable product-type-simple\">\n<a href=\"https:\/\/drl-agri.com\/product\/new-holland-tx-66-sl-2001\/\" class=\"woocommerce-LoopProduct-link woocommerce-loop-product__link\"><div class=\"woo-entry-image\"><img loading=\"lazy\" decoding=\"async\" width=\"792\" height=\"587\" src=\"https:\/\/drl-agri.com\/wp-content\/uploads\/2023\/09\/Screenshot-2023-09-16-083031.jpg\" class=\"attachment-woocommerce_thumbnail size-woocommerce_thumbnail\" alt=\"(Sold Out) New Holland TX 66 SL 2001\" srcset=\"https:\/\/drl-agri.com\/wp-content\/uploads\/2023\/09\/Screenshot-2023-09-16-083031.jpg 792w, https:\/\/drl-agri.com\/wp-content\/uploads\/2023\/09\/Screenshot-2023-09-16-083031-300x222.jpg 300w, https:\/\/drl-agri.com\/wp-content\/uploads\/2023\/09\/Screenshot-2023-09-16-083031-768x569.jpg 768w\" sizes=\"auto, (max-width: 792px) 100vw, 792px\" \/><\/div><div class=\"woo-entry-wrapper\"><h2 class=\"woocommerce-loop-product__title\">(Sold Out) New Holland TX 66 SL 2001<\/h2>\n<div class=\"categories\"><a href=\"https:\/\/drl-agri.com\/product-category\/combine-harvesters\/\" rel=\"tag\">Combine Harvesters<\/a><\/div>\n<\/a><a href=\"https:\/\/drl-agri.com\/product\/new-holland-tx-66-sl-2001\/\" aria-describedby=\"woocommerce_loop_add_to_cart_link_describedby_9802\" data-quantity=\"1\" class=\"button product_type_simple\" data-product_id=\"9802\" data-product_sku=\"\" aria-label=\"En savoir plus sur &ldquo;(Sold Out) New Holland TX 66 SL 2001&rdquo;\" rel=\"nofollow\" data-success_message=\"\">Lire la suite<\/a>\t<span id=\"woocommerce_loop_add_to_cart_link_describedby_9802\" class=\"screen-reader-text\">\n\t\t\t<\/span>\n<\/div><\/li>\n\n<li class=\"woo-minimal-style product type-product post-9756 status-publish outofstock product_cat-combine-harvesters has-post-thumbnail shipping-taxable product-type-simple\">\n<a href=\"https:\/\/drl-agri.com\/product\/new-holland-tx-66-sl\/\" class=\"woocommerce-LoopProduct-link woocommerce-loop-product__link\"><div class=\"woo-entry-image\"><img loading=\"lazy\" decoding=\"async\" width=\"800\" height=\"768\" src=\"https:\/\/drl-agri.com\/wp-content\/uploads\/2023\/09\/mini_20230913_142500-800x768.jpg\" class=\"attachment-woocommerce_thumbnail size-woocommerce_thumbnail\" alt=\"(Sold Out) New Holland TX 66 SL 2005\" \/><\/div><div class=\"woo-entry-wrapper\"><h2 class=\"woocommerce-loop-product__title\">(Sold Out) New Holland TX 66 SL 2005<\/h2>\n<div class=\"categories\"><a href=\"https:\/\/drl-agri.com\/product-category\/combine-harvesters\/\" rel=\"tag\">Combine Harvesters<\/a><\/div>\n<\/a><a href=\"https:\/\/drl-agri.com\/product\/new-holland-tx-66-sl\/\" aria-describedby=\"woocommerce_loop_add_to_cart_link_describedby_9756\" data-quantity=\"1\" class=\"button product_type_simple\" data-product_id=\"9756\" data-product_sku=\"\" aria-label=\"En savoir plus sur &ldquo;(Sold Out) New Holland TX 66 SL 2005&rdquo;\" rel=\"nofollow\" data-success_message=\"\">Lire la suite<\/a>\t<span id=\"woocommerce_loop_add_to_cart_link_describedby_9756\" class=\"screen-reader-text\">\n\t\t\t<\/span>\n<\/div><\/li>\n\n<li class=\"woo-minimal-style product type-product post-9706 status-publish last outofstock product_cat-other-agri-equipment has-post-thumbnail shipping-taxable purchasable product-type-simple\">\n<a href=\"https:\/\/drl-agri.com\/product\/trolley-chariot-de-coupe\/\" class=\"woocommerce-LoopProduct-link woocommerce-loop-product__link\"><div class=\"woo-entry-image\"><img loading=\"lazy\" decoding=\"async\" width=\"800\" height=\"768\" src=\"https:\/\/drl-agri.com\/wp-content\/uploads\/2023\/09\/mini_20230713_084554-800x768.jpg\" class=\"attachment-woocommerce_thumbnail size-woocommerce_thumbnail\" alt=\"TROLLEY - CHARIOT DE COUPE\" \/><\/div><div class=\"woo-entry-wrapper\"><h2 class=\"woocommerce-loop-product__title\">TROLLEY &#8211; CHARIOT DE COUPE<\/h2>\n<div class=\"categories\"><a href=\"https:\/\/drl-agri.com\/product-category\/other-agri-equipment\/\" rel=\"tag\">Other Agri Equipment<\/a><\/div>\n\t<span class=\"price\"><span class=\"price-wrapper\"><span class=\"woocommerce-Price-amount amount\"><bdi><span class=\"woocommerce-Price-currencySymbol\">&#36;<\/span>500.00<\/bdi><\/span><\/span><\/span>\n<\/a><a href=\"https:\/\/drl-agri.com\/product\/trolley-chariot-de-coupe\/\" aria-describedby=\"woocommerce_loop_add_to_cart_link_describedby_9706\" data-quantity=\"1\" class=\"button product_type_simple\" data-product_id=\"9706\" data-product_sku=\"\" aria-label=\"En savoir plus sur &ldquo;TROLLEY - CHARIOT DE COUPE&rdquo;\" rel=\"nofollow\" data-success_message=\"\">Lire la suite<\/a>\t<span id=\"woocommerce_loop_add_to_cart_link_describedby_9706\" class=\"screen-reader-text\">\n\t\t\t<\/span>\n<\/div><\/li>\n<\/ul>\n<\/div>[\/vc_column][\/vc_row][vc_row full_width=&#8221;stretch_row&#8221; equal_height=&#8221;yes&#8221; content_placement=&#8221;middle&#8221; css=&#8221;.vc_custom_1672655904822{padding-top: 70px !important;padding-bottom: 70px !important;background-color: #f4f4f4 !important;}&#8221;][vc_column width=&#8221;1\/2&#8243; offset=&#8221;vc_col-lg-6 vc_col-md-12&#8243;]<ul class=\"kd-icon-list\" ><li class=\"kd-icon-list-item\"><i class=\"fas fa-tools\" style=\"font-size:28px;color:#f20000;\"><\/i><span class=\"kd-list-text\" ><span style=\"color: #414042;\"><strong>R\u00e9paration et entretien d&#8217;\u00e9quipement<\/strong><\/span><\/li><\/ul><header class=\"kd-section-title col-lg-12 text-left    \" ><h2 class=\"separator_off\" style=\"font-size: 36px;line-height: 42px;\">Nous savons que vous ne pouvez pas vous permettre des temps d'arr\u00eat dans les exploitations agricoles<\/h2><\/header>[vc_column_text]<\/p>\n<p style=\"text-align: left; font-size: 18px;\">C&#8217;est pourquoi nos experts en r\u00e9paration et entretien sont pr\u00eats \u00e0 venir \u00e0 vous. Nous enverrons imm\u00e9diatement un technicien avec des unit\u00e9s de diagnostic mobiles pour remettre au travail l&#8217;\u00e9quipement d\u00e9fectueux.<\/p>\n<p>[\/vc_column_text]<a  href=\"https:\/\/drl-agri.com\/fr\/a-propos-de-nous\/contacter-drl\/\"  target=\"_self\"  title=\"Contact DRL\" class=\"tt_button tt_primary_button btn_primary_color  pull-left button-action-link  kd-animated zoomIn\" data-animation-delay=200><span class=\"prim_text\">Besoin d'aide?<\/span><\/a>[vc_empty_space height=&#8221;20px&#8221;][\/vc_column][vc_column css=&#8221;.vc_custom_1541588434316{padding-left: 0px !important;}&#8221; offset=&#8221;vc_col-lg-6&#8243; el_class=&#8221;hide-bg-on-mobile&#8221;][vc_single_image image=&#8221;10643&#8243; img_size=&#8221;full&#8221; alignment=&#8221;right&#8221; css_animation=&#8221;fadeIn&#8221; css=&#8221;.vc_custom_1750073006764{margin-bottom: 0px !important;}&#8221; el_class=&#8221;kd-large-image&#8221;][\/vc_column][\/vc_row][vc_row css=&#8221;.vc_custom_1672662798920{margin-top: 20px !important;padding-top: 70px !important;}&#8221;][vc_column css=&#8221;.vc_custom_1516009024901{padding-right: 0px !important;padding-left: 0px !important;}&#8221;]<header class=\"kd-section-title col-lg-8 vc_col-sm-8 text-left     vc_custom_1673705761490\" ><h2 class=\"separator_off\" style=\"font-size: 36px;line-height: 42px;\">Besoin de solutions de gestion des cultures?<\/h2><h4 class=\"subtitle \" >Vous \u00eates au bon endroit! Nous vous proposons nos derni\u00e8res technologies de gestion des cultures.<\/h4><\/header>[vc_row_inner css=&#8221;.vc_custom_1672662824572{margin-top: 50px !important;padding-bottom: 100px !important;}&#8221;][vc_column_inner width=&#8221;1\/4&#8243; css=&#8221;.vc_custom_1516009093233{padding-right: 0px !important;padding-left: 0px !important;}&#8221;]<div class=\"key-icon-box icon-default icon-top cont-center ib-hover-1  kd-animated fadeInUp\" style=\"background-color: transparent;\" ><a href=\"https:\/\/drl-agri.com\/crop-management\/guidance-mapping\/\" target=\"\"><div class=\"ib-wrapper\"><div class=\"tt-iconbox-customimg img_big_size\"><img loading=\"lazy\" decoding=\"async\" width=\"463\" height=\"267\" src=\"https:\/\/drl-agri.com\/wp-content\/uploads\/2023\/01\/DRL-NDVI-Cop-Mapping1.png\" class=\"attachment-full\" alt=\"\" title=\"DRL-NDVI-Cop-Mapping1\" srcset=\"https:\/\/drl-agri.com\/wp-content\/uploads\/2023\/01\/DRL-NDVI-Cop-Mapping1.png 463w, https:\/\/drl-agri.com\/wp-content\/uploads\/2023\/01\/DRL-NDVI-Cop-Mapping1-300x173.png 300w\" sizes=\"auto, (max-width: 463px) 100vw, 463px\" \/><\/div><h6 class=\"service-heading\" >Orientation et cartographie<\/h6><p >UAV agricole de pr\u00e9cision con\u00e7u pour surveiller les cultures de la plantation \u00e0 la r\u00e9colte.<\/p><\/div><\/a><\/div>[\/vc_column_inner][vc_column_inner width=&#8221;1\/4&#8243; css=&#8221;.vc_custom_1516009109505{padding-right: 0px !important;padding-left: 0px !important;}&#8221;]<div class=\"key-icon-box icon-default icon-top cont-center ib-hover-1  kd-animated fadeInUp\" style=\"background-color: transparent;\" data-animation-delay=200><a href=\"https:\/\/drl-agri.com\/crop-management\/irrigation\/\" target=\"\"><div class=\"ib-wrapper\"><div class=\"tt-iconbox-customimg img_big_size\"><img loading=\"lazy\" decoding=\"async\" width=\"463\" height=\"267\" src=\"https:\/\/drl-agri.com\/wp-content\/uploads\/2023\/01\/Irtec-Hose-Reel-Irigation-DRL-Agri-Belgium1.png\" class=\"attachment-full\" alt=\"\" title=\"Irtec-Hose-Reel-Irigation-DRL-Agri-Belgium1\" srcset=\"https:\/\/drl-agri.com\/wp-content\/uploads\/2023\/01\/Irtec-Hose-Reel-Irigation-DRL-Agri-Belgium1.png 463w, https:\/\/drl-agri.com\/wp-content\/uploads\/2023\/01\/Irtec-Hose-Reel-Irigation-DRL-Agri-Belgium1-300x173.png 300w\" sizes=\"auto, (max-width: 463px) 100vw, 463px\" \/><\/div><h6 class=\"service-heading\" >Irrigation<\/h6><p >Faites confiance \u00e0 nos syst\u00e8mes d'irrigation : arrosez o\u00f9 et quand vos cultures en ont besoin.<\/p><\/div><\/a><\/div>[\/vc_column_inner][vc_column_inner width=&#8221;1\/4&#8243; css=&#8221;.vc_custom_1516009124658{padding-right: 0px !important;padding-left: 0px !important;}&#8221;]<div class=\"key-icon-box icon-default icon-top cont-center ib-hover-1  kd-animated fadeInUp\" style=\"background-color: transparent;\" data-animation-delay=400><a href=\"https:\/\/drl-agri.com\/crop-management\/weather-data-logger\/\" target=\"\"><div class=\"ib-wrapper\"><div class=\"tt-iconbox-customimg img_big_size\"><img loading=\"lazy\" decoding=\"async\" width=\"463\" height=\"267\" src=\"https:\/\/drl-agri.com\/wp-content\/uploads\/2023\/01\/DRL-Weather-Data-Logger.png\" class=\"attachment-full\" alt=\"\" title=\"DRL-Weather-Data-Logger\" srcset=\"https:\/\/drl-agri.com\/wp-content\/uploads\/2023\/01\/DRL-Weather-Data-Logger.png 463w, https:\/\/drl-agri.com\/wp-content\/uploads\/2023\/01\/DRL-Weather-Data-Logger-300x173.png 300w\" sizes=\"auto, (max-width: 463px) 100vw, 463px\" \/><\/div><h6 class=\"service-heading\" >M\u00e9t\u00e9o de pr\u00e9cision<\/h6><p >Des donn\u00e9es m\u00e9t\u00e9orologiques exactes, pr\u00e9cises et fiables pour une gestion r\u00e9ussie des cultures.<\/p><\/div><\/a><\/div>[\/vc_column_inner][vc_column_inner width=&#8221;1\/4&#8243; css=&#8221;.vc_custom_1516009131818{padding-right: 0px !important;padding-left: 0px !important;}&#8221;]<div class=\"key-icon-box icon-default icon-top cont-center ib-hover-1  kd-animated fadeInUp\" style=\"background-color: transparent;\" data-animation-delay=600><a href=\"https:\/\/drl-agri.com\/crop-management\/yield-humidity-monitoring-kit\/\" target=\"\"><div class=\"ib-wrapper\"><div class=\"tt-iconbox-customimg img_big_size\"><img loading=\"lazy\" decoding=\"async\" width=\"463\" height=\"267\" src=\"https:\/\/drl-agri.com\/wp-content\/uploads\/2023\/01\/Yield-and-Humidity-Kit.png\" class=\"attachment-full\" alt=\"\" title=\"Yield-and-Humidity-Kit\" srcset=\"https:\/\/drl-agri.com\/wp-content\/uploads\/2023\/01\/Yield-and-Humidity-Kit.png 463w, https:\/\/drl-agri.com\/wp-content\/uploads\/2023\/01\/Yield-and-Humidity-Kit-300x173.png 300w\" sizes=\"auto, (max-width: 463px) 100vw, 463px\" \/><\/div><h6 class=\"service-heading\" >VE rendement humidite<\/h6><p >Nous automatisons la g\u00e9n\u00e9ration de cartes de rendement afin que vous puissiez vous concentrer sur l'agriculture.<\/p><\/div><\/a><\/div>[\/vc_column_inner][\/vc_row_inner]<div class=\"kd-shapes shape_egg shape_left_pos kd-animated zoomIn\" style=\"bottom: -13em;width: 630px;height: 630px;background-color: #d8f7f1;\" data-animation-delay=400><\/div>[\/vc_column][\/vc_row][vc_row full_width=&#8221;stretch_row&#8221; css=&#8221;.vc_custom_1672663279436{background-color: #1d349b !important;}&#8221;][vc_column][vc_row_inner css=&#8221;.vc_custom_1511348417220{padding-top: 100px !important;padding-bottom: 100px !important;}&#8221;][vc_column_inner width=&#8221;1\/2&#8243;][vc_column_text css_animation=&#8221;fadeIn&#8221; css=&#8221;&#8221;]<\/p>\n<h4 style=\"text-align: left;\"><span style=\"color: #fedd02;\"><span style=\"font-size: 18px;\">Solution d&#8217;eau SKW<\/span><\/span><\/h4>\n<p>[\/vc_column_text]<header class=\"kd-section-title col-lg-12 text-left  kd-animated fadeIn   vc_custom_1743946958238\" data-animation-delay=200><h2 class=\"separator_off\" style=\"color: #ffffff;font-size: 36px;line-height: 42px;\">SKW\u00ae \u2013 Repenser l'eau. Moins de ressources, plus de r\u00e9sultats, sans entretien.<\/h2><\/header><a  href=\"https:\/\/drl-agri.com\/fr\/gestion-de-culture\/solution-deau-skw\/\"  target=\"_self\"  title=\"Contacter DRL\" class=\"tt_button tt_secondary_button btn_secondary_color hover_solid_secondary pull-left button-action-link  kd-animated zoomIn\" data-animation-delay=200><span class=\"prim_text\">Apprendre encore plus<\/span><\/a>[\/vc_column_inner][vc_column_inner width=&#8221;1\/2&#8243;][vc_single_image image=&#8221;10620&#8243; img_size=&#8221;large&#8221; css=&#8221;&#8221;][\/vc_column_inner][\/vc_row_inner][\/vc_column][\/vc_row][vc_row css=&#8221;.vc_custom_1693311962679{margin-top: 50px !important;margin-bottom: 50px !important;padding-top: 32px !important;padding-bottom: 32px !important;}&#8221;][vc_column]<header class=\"kd-section-title col-lg-8 vc_col-sm-8 text-left     vc_custom_1693311988394\" ><h2 class=\"separator_off\" style=\"font-size: 36px;line-height: 42px;\">Derni\u00e8res nouvelles de DRL<\/h2><\/header>[vc_basic_grid post_type=&#8221;post&#8221; max_items=&#8221;3&#8243; grid_id=&#8221;vc_gid:1750072964249-35faa25f-d567-0&#8243;][\/vc_column][\/vc_row]<\/p>\n<\/div>","protected":false},"excerpt":{"rendered":"<p>[vc_row full_width=&#8221;stretch_row_content&#8221; css=&#8221;.vc_custom_1735776599052{margin-top: 120px !important;margin-bottom: -32px !important;background-color: #2A2A2A !important;}&#8221;][vc_column css=&#8221;.vc_custom_1586364367847{padding-right: 150px !important;padding-left: 150px !important;}&#8221;][vc_message message_box_style=&#8221;solid&#8221; style=&#8221;square&#8221; message_box_color=&#8221;black&#8221; css=&#8221;&#8221;] \u00c0 compter [&hellip;]<\/p>\n","protected":false},"author":2,"featured_media":0,"parent":0,"menu_order":0,"comment_status":"closed","ping_status":"closed","template":"","meta":{"footnotes":""},"class_list":["post-8808","page","type-page","status-publish","hentry"],"_links":{"self":[{"href":"https:\/\/drl-agri.com\/fr\/wp-json\/wp\/v2\/pages\/8808","targetHints":{"allow":["GET"]}}],"collection":[{"href":"https:\/\/drl-agri.com\/fr\/wp-json\/wp\/v2\/pages"}],"about":[{"href":"https:\/\/drl-agri.com\/fr\/wp-json\/wp\/v2\/types\/page"}],"author":[{"embeddable":true,"href":"https:\/\/drl-agri.com\/fr\/wp-json\/wp\/v2\/users\/2"}],"replies":[{"embeddable":true,"href":"https:\/\/drl-agri.com\/fr\/wp-json\/wp\/v2\/comments?post=8808"}],"version-history":[{"count":0,"href":"https:\/\/drl-agri.com\/fr\/wp-json\/wp\/v2\/pages\/8808\/revisions"}],"wp:attachment":[{"href":"https:\/\/drl-agri.com\/fr\/wp-json\/wp\/v2\/media?parent=8808"}],"curies":[{"name":"wp","href":"https:\/\/api.w.org\/{rel}","templated":true}]}}