{"id":8806,"date":"2022-11-18T10:15:41","date_gmt":"2022-11-18T10:15:41","guid":{"rendered":"https:\/\/beta.drl-agri.com\/expertise-support\/"},"modified":"2023-08-29T10:21:50","modified_gmt":"2023-08-29T10:21:50","slug":"expertise-accompagnement","status":"publish","type":"page","link":"https:\/\/drl-agri.com\/fr\/machine\/expertise-accompagnement\/","title":{"rendered":"Expertise &#038; Accompagnement"},"content":{"rendered":"<div class=\"wpb-content-wrapper\"><p>[vc_row full_width=&#8221;stretch_row&#8221; css=&#8221;.vc_custom_1669017862739{padding-top: 250px !important;padding-bottom: 250px !important;background-image: url(https:\/\/drl-agri.com\/wp-content\/uploads\/2022\/11\/15-1-scaled-1.jpg?id=7889) !important;background-position: center !important;background-repeat: no-repeat !important;background-size: cover !important;}&#8221; el_class=&#8221;under-menu-topbar&#8221;][vc_column offset=&#8221;vc_col-lg-offset-0 vc_col-md-offset-0 vc_col-sm-offset-0 vc_col-xs-offset-2 vc_col-xs-8&#8243;][\/vc_column][\/vc_row][vc_row css=&#8221;.vc_custom_1555661798285{margin-top: -100px !important;padding-top: 70px !important;padding-right: 50px !important;padding-left: 50px !important;background-color: #ffffff !important;}&#8221;][vc_column][vc_row_inner css=&#8221;.vc_custom_1669017903166{margin-bottom: 50px !important;}&#8221;][vc_column_inner width=&#8221;1\/2&#8243;][vc_custom_heading text=&#8221;Accompagner les clients dans le processus d&#8217;achat et fournir un support technique&#8221; font_container=&#8221;tag:h2|font_size:36px|text_align:left|line_height:42px&#8221; use_theme_fonts=&#8221;yes&#8221;]<header class=\"kd-section-title col-lg-12 text-left    \" ><h4 class=\"subtitle \" >Vous pensez avoir trouv\u00e9 le mat\u00e9riel dont vous avez besoin? Laissez-nous vous aider \u00e0 vous en assurer.<\/h4><\/header>[vc_column_text]Profitez de nos 30 ans d&#8217;exp\u00e9rience dans les machines agricoles pour savoir quel \u00e9quipement vaut la peine d&#8217;\u00eatre achet\u00e9.<\/p>\n<p>Sur votre demande, nous prendrons contact avec le vendeur, irons examiner la machine \u2013 o\u00f9 qu&#8217;elle se trouve \u2013 et vous informerons des \u00e9ventuels frais de transport, des r\u00e9parations \u00e0 effectuer, etc.<\/p>\n<p>Nous pouvons vous aider dans le processus d&#8217;achat et vous proposer un support technique, une r\u00e9paration et une maintenance dans notre atelier.[\/vc_column_text][\/vc_column_inner][vc_column_inner width=&#8221;1\/2&#8243;][vc_single_image image=&#8221;7891&#8243; img_size=&#8221;full&#8221; alignment=&#8221;center&#8221;][\/vc_column_inner][\/vc_row_inner][\/vc_column][\/vc_row][vc_row full_width=&#8221;stretch_row&#8221; css=&#8221;.vc_custom_1555684303434{padding-top: 100px !important;padding-bottom: 70px !important;background-color: #f5f5f5 !important;}&#8221;][vc_column][vc_row_inner][vc_column_inner width=&#8221;1\/4&#8243; offset=&#8221;vc_hidden-xs&#8221;][\/vc_column_inner][vc_column_inner width=&#8221;1\/2&#8243;]<header class=\"kd-section-title col-lg-12 text-center  kd-animated fadeIn  \" data-animation-delay=200><h2 class=\"separator_off\" style=\"font-size: 36px;line-height: 42px;\">Besoin d'\u00e9quipement en Belgique ou outre-fronti\u00e8re?<\/h2><h4 class=\"subtitle \" >Nous transportons du mat\u00e9riel agricole par route et par mer partout dans le monde.<\/h4><\/header>[vc_single_image image=&#8221;7894&#8243; img_size=&#8221;full&#8221; alignment=&#8221;center&#8221;][\/vc_column_inner][vc_column_inner width=&#8221;1\/4&#8243; offset=&#8221;vc_hidden-xs&#8221;][\/vc_column_inner][\/vc_row_inner][vc_row_inner equal_height=&#8221;yes&#8221; content_placement=&#8221;middle&#8221; css=&#8221;.vc_custom_1669019603445{margin-top: 75px !important;}&#8221;][vc_column_inner width=&#8221;1\/2&#8243;][vc_custom_heading text=&#8221;Comment fonctionne le syst\u00e8me d&#8217;exportation de DRL&#8221; font_container=&#8221;tag:h2|font_size:36px|text_align:left|line_height:42px&#8221; use_theme_fonts=&#8221;yes&#8221;][vc_column_text]Notre atelier pr\u00e9pare et\/ou d\u00e9monte le mat\u00e9riel agricole en vue de son exp\u00e9dition. Le mat\u00e9riel est pr\u00e9par\u00e9 avec le plus grand soin et nous veillons \u00e0 ce qu&#8217;il ne manque rien lors de son arriv\u00e9e chez notre client.<\/p>\n<p>Nous travaillons en partenariat avec diff\u00e9rents sp\u00e9cialistes du transport de mat\u00e9riel agricole, tant par route que par mer : en conteneur ou en Roll-on Roll-off. Nous \u00e9tudions avec vous la solution de transport la plus pratique et la moins co\u00fbteuse et nous pouvons \u00e9ventuellement nous charger d&#8217;organiser l&#8217;exp\u00e9dition avec le transporteur de votre choix.[\/vc_column_text][\/vc_column_inner][vc_column_inner width=&#8221;1\/2&#8243;][vc_single_image image=&#8221;7898&#8243; img_size=&#8221;full&#8221; alignment=&#8221;right&#8221;][\/vc_column_inner][\/vc_row_inner][\/vc_column][\/vc_row][vc_row full_width=&#8221;stretch_row&#8221; css=&#8221;.vc_custom_1669019305568{padding-top: 150px !important;}&#8221;][vc_column][vc_row_inner css=&#8221;.vc_custom_1555684681204{padding-bottom: 100px !important;}&#8221;][vc_column_inner width=&#8221;1\/4&#8243;][\/vc_column_inner][vc_column_inner width=&#8221;1\/2&#8243;]<header class=\"kd-section-title col-lg-12 text-center  kd-animated fadeIn  \" data-animation-delay=200><h2 class=\"separator_off\" style=\"font-size: 36px;line-height: 42px;\">Pas de Belgique? Besoin d'\u00e9quipement \u00e0 l'autre bout du monde?<\/h2><h6 class=\"subtitle \" >Vous n'avez pas \u00e0 vous inqui\u00e9ter. Nous livrons du mat\u00e9riel agricole dans le monde entier.<\/h6><\/header>[vc_empty_space height=&#8221;15px&#8221;]<a  href=\"https:\/\/drl-agri.com\/fr\/a-propos-de-nous\/contacter-drl\/\"  target=\"_self\"  title=\"Contacter DRL\" class=\"tt_button tt_primary_button btn_primary_color  button-center button-action-link  kd-animated zoomIn\" data-animation-delay=200><span class=\"prim_text\">Nous contacter<\/span><\/a>[\/vc_column_inner][vc_column_inner width=&#8221;1\/4&#8243;][\/vc_column_inner][\/vc_row_inner][\/vc_column][\/vc_row]<\/p>\n<\/div>","protected":false},"excerpt":{"rendered":"<p>[vc_row full_width=&#8221;stretch_row&#8221; css=&#8221;.vc_custom_1669017862739{padding-top: 250px !important;padding-bottom: 250px !important;background-image: url(https:\/\/drl-agri.com\/wp-content\/uploads\/2022\/11\/15-1-scaled-1.jpg?id=7889) !important;background-position: center !important;background-repeat: no-repeat !important;background-size: cover !important;}&#8221; el_class=&#8221;under-menu-topbar&#8221;][vc_column offset=&#8221;vc_col-lg-offset-0 vc_col-md-offset-0 vc_col-sm-offset-0 vc_col-xs-offset-2 [&hellip;]<\/p>\n","protected":false},"author":2,"featured_media":0,"parent":9378,"menu_order":0,"comment_status":"closed","ping_status":"closed","template":"","meta":{"footnotes":""},"class_list":["post-8806","page","type-page","status-publish","hentry"],"_links":{"self":[{"href":"https:\/\/drl-agri.com\/fr\/wp-json\/wp\/v2\/pages\/8806","targetHints":{"allow":["GET"]}}],"collection":[{"href":"https:\/\/drl-agri.com\/fr\/wp-json\/wp\/v2\/pages"}],"about":[{"href":"https:\/\/drl-agri.com\/fr\/wp-json\/wp\/v2\/types\/page"}],"author":[{"embeddable":true,"href":"https:\/\/drl-agri.com\/fr\/wp-json\/wp\/v2\/users\/2"}],"replies":[{"embeddable":true,"href":"https:\/\/drl-agri.com\/fr\/wp-json\/wp\/v2\/comments?post=8806"}],"version-history":[{"count":0,"href":"https:\/\/drl-agri.com\/fr\/wp-json\/wp\/v2\/pages\/8806\/revisions"}],"up":[{"embeddable":true,"href":"https:\/\/drl-agri.com\/fr\/wp-json\/wp\/v2\/pages\/9378"}],"wp:attachment":[{"href":"https:\/\/drl-agri.com\/fr\/wp-json\/wp\/v2\/media?parent=8806"}],"curies":[{"name":"wp","href":"https:\/\/api.w.org\/{rel}","templated":true}]}}