{"id":8804,"date":"2022-11-18T10:15:41","date_gmt":"2022-11-18T10:15:41","guid":{"rendered":"https:\/\/beta.drl-agri.com\/spare-parts\/"},"modified":"2026-03-31T09:30:03","modified_gmt":"2026-03-31T09:30:03","slug":"pieces-detachees","status":"publish","type":"page","link":"https:\/\/drl-agri.com\/fr\/machine\/pieces-detachees\/","title":{"rendered":"Pi\u00e8ces d\u00e9tach\u00e9es"},"content":{"rendered":"<div class=\"wpb-content-wrapper\"><p>[vc_row full_width=&#8221;stretch_row&#8221; css=&#8221;.vc_custom_1669020077632{padding-top: 250px !important;padding-bottom: 250px !important;background-image: url(https:\/\/drl-agri.com\/wp-content\/uploads\/2022\/11\/Spare-parts.jpg?id=7904) !important;background-position: center !important;background-repeat: no-repeat !important;background-size: cover !important;}&#8221; el_class=&#8221;under-menu-topbar&#8221;][vc_column offset=&#8221;vc_col-lg-offset-0 vc_col-md-offset-0 vc_col-sm-offset-0 vc_col-xs-offset-2 vc_col-xs-8&#8243;][\/vc_column][\/vc_row][vc_row css=&#8221;.vc_custom_1555661798285{margin-top: -100px !important;padding-top: 70px !important;padding-right: 50px !important;padding-left: 50px !important;background-color: #ffffff !important;}&#8221;][vc_column][vc_row_inner][vc_column_inner width=&#8221;1\/2&#8243;][vc_custom_heading text=&#8221;Tout fonctionne correctement sauf une seule pi\u00e8ce d\u00e9fectueuse?&#8221; font_container=&#8221;tag:h2|font_size:36px|text_align:left|line_height:42px&#8221; use_theme_fonts=&#8221;yes&#8221;]<header class=\"kd-section-title col-lg-12 text-left    \" ><h4 class=\"subtitle \" >Et savez-vous exactement ce qui doit \u00eatre fait et souhaitez-vous remplacer le produit vous-m\u00eame?<\/h4><\/header>[vc_column_text]Depuis plus de 30 ans, nous sommes sp\u00e9cialis\u00e9s dans la vente de pi\u00e8ces d\u00e9tach\u00e9es pour les mat\u00e9riels agricoles New Holland, Fiat, Ford et Laverda. Faites-nous savoir quelle pi\u00e8ce de rechange vous avez besoin pour votre mat\u00e9riel agricole.[\/vc_column_text]<a  href=\"https:\/\/drl-agri.com\/pieces.htm\"  target=\"_self\"  title=\"\" class=\"tt_button tt_primary_button btn_primary_color  pull-left button-action-link  kd-animated zoomIn\" data-animation-delay=200><span class=\"prim_text\">Demande de pieces detachees<\/span><\/a>[\/vc_column_inner][vc_column_inner width=&#8221;1\/2&#8243;][vc_single_image image=&#8221;7907&#8243; img_size=&#8221;full&#8221; alignment=&#8221;center&#8221;][\/vc_column_inner][\/vc_row_inner][\/vc_column][\/vc_row][vc_row full_width=&#8221;stretch_row&#8221; css=&#8221;.vc_custom_1555684303434{padding-top: 100px !important;padding-bottom: 70px !important;background-color: #f5f5f5 !important;}&#8221;][vc_column][vc_row_inner][vc_column_inner width=&#8221;1\/4&#8243; offset=&#8221;vc_hidden-xs&#8221;][\/vc_column_inner][vc_column_inner width=&#8221;1\/2&#8243;]<header class=\"kd-section-title col-lg-12 text-center  kd-animated fadeIn  \" data-animation-delay=200><h2 class=\"separator_off\" style=\"font-size: 36px;line-height: 42px;\">Pi\u00e8ces de rechange pour New Holland, FIAT, Laverda et FORD<\/h2><\/header>[vc_single_image image=&#8221;7914&#8243; img_size=&#8221;full&#8221; alignment=&#8221;center&#8221; css=&#8221;.vc_custom_1669021197640{margin-bottom: 20px !important;}&#8221;][vc_column_text css=&#8221;.vc_custom_1673700903029{margin-bottom: 10px !important;}&#8221;]<\/p>\n<p style=\"text-align: center;\">Nous r\u00e9pertorions la plupart des pi\u00e8ces de rechange pour les \u00e9quipements tels que les dents de coupe et de tari\u00e8re, les lames compl\u00e8tes et les sections de lame, toutes les courroies et cha\u00eenes d&#8217;entra\u00eenement et cha\u00eenes \u00e0 godets, les cha\u00eenes de convoyeur, les filtres, les grilles, les lames de broyeur et les contre-lames, les vis sans fin, le contre-batteur, le batteur lamelles, ampoules, interrupteurs, fusibles, \u00e9crous et boulons, phares, etc.<\/p>\n<p>[\/vc_column_text]<a  href=\"https:\/\/www.mycnhistore.com\/eu\/fr\/default\"  target=\"_self\"  title=\"\" class=\"tt_button tt_primary_button btn_primary_color  button-center button-action-link  kd-animated zoomIn\" data-animation-delay=200><span class=\"prim_text\">Parcourir le catalogue<\/span><\/a>[\/vc_column_inner][vc_column_inner width=&#8221;1\/4&#8243; offset=&#8221;vc_hidden-xs&#8221;][\/vc_column_inner][\/vc_row_inner][vc_row_inner css=&#8221;.vc_custom_1669021291533{margin-top: 75px !important;}&#8221;][vc_column_inner]\r\n            <div class=\"kd-process-steps process_three_elem process-checkbox-template \">\r\n                <ul>\r\n                <li class=\"pss-item kd-animated fadeIn \"  >\r\n                    <div class=\"pss-container\"><div class=\"pss-step-number\"><span >1<\/span><\/div><div class=\"pss-text-area\">\r\n                            <h5 >Autres marques<\/h5>\r\n                            <p >Nous travaillons avec diff\u00e9rents fournisseurs de pi\u00e8ces d\u00e9tach\u00e9es d'origine et adaptables, parmi lesquels Granit et Kramp.<\/p><\/div>\r\n                    <\/div>\r\n                <\/li>\r\n                <li class=\"pss-item kd-animated fadeIn \"  data-animation-delay=200>\r\n                    <div class=\"pss-container\"><div class=\"pss-step-number\"><span >2<\/span><\/div><div class=\"pss-text-area\">\r\n                            <h5 >Pi\u00e8ces d'occasion<\/h5>\r\n                            <p >A la recherche de pi\u00e8ces d\u00e9tach\u00e9es d'occasion? Veuillez nous contacter pour conna\u00eetre la disponibilit\u00e9 des pi\u00e8ces d'occasion.<\/p><\/div>\r\n                    <\/div>\r\n                <\/li>\r\n                <li class=\"pss-item kd-animated fadeIn \"  data-animation-delay=400>\r\n                    <div class=\"pss-container\"><div class=\"pss-step-number\"><span >3<\/span><\/div><div class=\"pss-text-area\">\r\n                            <h5 >Exp\u00e9dition de pi\u00e8ces de rechange<\/h5>\r\n                            <p >En fonction de la taille et du poids du colis ainsi que du pays d'exp\u00e9dition, nous faisons appel \u00e0 des transporteurs sp\u00e9cialis\u00e9s qui nous assurent une exp\u00e9dition rapide au meilleur prix. Les pi\u00e8ces peuvent \u00e9galement \u00eatre envoy\u00e9es par conteneur avec le mat\u00e9riel achet\u00e9.<\/p><\/div>\r\n                    <\/div>\r\n                <\/li><\/ul>\r\n            <\/div>[\/vc_column_inner][\/vc_row_inner][\/vc_column][\/vc_row][vc_row full_width=&#8221;stretch_row&#8221; css=&#8221;.vc_custom_1555684579349{border-bottom-width: 1px !important;border-bottom-color: #eaeaea !important;border-bottom-style: solid !important;}&#8221;][vc_column][vc_row_inner css=&#8221;.vc_custom_1555684724267{padding-top: 80px !important;padding-bottom: 80px !important;}&#8221;][vc_column_inner]<header class=\"kd-section-title col-lg-12 text-center  kd-animated fadeIn   vc_custom_1673701181836\" data-animation-delay=200><h2 class=\"separator_off\" style=\"font-size: 36px;line-height: 42px;\">Marques DRL sp\u00e9cialis\u00e9es dans<\/h2><\/header><div class=\"slider clients lift-effect kd-client-69d0269b4be9c  \"><div class=\"clients-content kd-animated zoomIn\" data-animation-delay=200><img loading=\"lazy\" decoding=\"async\" width=\"210\" height=\"94\" src=\"https:\/\/drl-agri.com\/wp-content\/uploads\/2022\/11\/New-Holland.png\" class=\"attachment-full\" alt=\"\" title=\"New-Holland\" \/><\/div><div class=\"clients-content kd-animated zoomIn\" data-animation-delay=200><img loading=\"lazy\" decoding=\"async\" width=\"210\" height=\"94\" src=\"https:\/\/drl-agri.com\/wp-content\/uploads\/2022\/11\/Fiat.png\" class=\"attachment-full\" alt=\"\" title=\"Fiat\" \/><\/div><div class=\"clients-content kd-animated zoomIn\" data-animation-delay=200><img loading=\"lazy\" decoding=\"async\" width=\"210\" height=\"94\" src=\"https:\/\/drl-agri.com\/wp-content\/uploads\/2022\/11\/Laverda.png\" class=\"attachment-full\" alt=\"\" title=\"Laverda\" \/><\/div><div class=\"clients-content kd-animated zoomIn\" data-animation-delay=200><img loading=\"lazy\" decoding=\"async\" width=\"210\" height=\"94\" src=\"https:\/\/drl-agri.com\/wp-content\/uploads\/2022\/11\/Ford.png\" class=\"attachment-full\" alt=\"\" title=\"Ford\" \/><\/div><div class=\"clients-content kd-animated zoomIn\" data-animation-delay=200><img loading=\"lazy\" decoding=\"async\" width=\"210\" height=\"94\" src=\"https:\/\/drl-agri.com\/wp-content\/uploads\/2022\/11\/Kramp-Logo.png\" class=\"attachment-full\" alt=\"\" title=\"Kramp-Logo\" \/><\/div><div class=\"clients-content kd-animated zoomIn\" data-animation-delay=200><img loading=\"lazy\" decoding=\"async\" width=\"210\" height=\"94\" src=\"https:\/\/drl-agri.com\/wp-content\/uploads\/2022\/11\/Granit.png\" class=\"attachment-full\" alt=\"\" title=\"Granit\" \/><\/div><div class=\"clients-content kd-animated zoomIn\" data-animation-delay=200><\/div><div class=\"clients-content kd-animated zoomIn\" data-animation-delay=200><\/div><\/div><script type=\"text\/javascript\">\r\n              jQuery(document).ready(function($){\r\n                if ($(\".slider.clients.kd-client-69d0269b4be9c\").length) {\r\n                  $(\".slider.clients.kd-client-69d0269b4be9c\").owlCarousel({\r\n                    stageClass: \"owl-wrapper\",\r\n                    stageOuterClass: \"owl-wrapper-outer\",\r\n                    loadedClass: \"owl-carousel\",\r\n                    responsiveClass:true,responsive:{\r\n                      0:{\r\n                          items:1,dots: false,},\r\n                      480:{\r\n                          items:3,dots: false,},\r\n                      960:{\r\n                          items:6,dots: false,}\r\n                    },loop: true,autoplay: true,autoplayTimeout: 6000,\r\n                  });\r\n                }\r\n              });\r\n            <\/script>[\/vc_column_inner][\/vc_row_inner][\/vc_column][\/vc_row][vc_row full_width=&#8221;stretch_row&#8221; equal_height=&#8221;yes&#8221; content_placement=&#8221;middle&#8221; css=&#8221;.vc_custom_1669024145702{border-bottom-width: 1px !important;background-color: #f5f5f5 !important;border-bottom-color: #eaeaea !important;border-bottom-style: solid !important;}&#8221;][vc_column][vc_row_inner equal_height=&#8221;yes&#8221; content_placement=&#8221;middle&#8221; css=&#8221;.vc_custom_1669024188805{padding-top: 80px !important;padding-bottom: 80px !important;}&#8221;][vc_column_inner width=&#8221;1\/2&#8243;]<header class=\"kd-section-title col-lg-12 text-left  kd-animated fadeIn  \" data-animation-delay=200><h2 class=\"separator_off\" style=\"font-size: 36px;line-height: 42px;\">Besoin d'informations techniques?<\/h2><h4 class=\"subtitle \" >\u00cates-vous un bricoleur ? Vous voulez le faire vous-m\u00eame?<\/h4><\/header>[vc_column_text]Vous recherchez les notices d&#8217;utilisation de votre mat\u00e9riel agricole ? Nous pouvons fournir \u00e0 nos clients ces manuels d&#8217;utilisation sur demande.<\/p>\n<p>Veuillez nous faire part de vos besoins et nous vous contacterons.[\/vc_column_text][\/vc_column_inner][vc_column_inner width=&#8221;1\/2&#8243;][vc_single_image image=&#8221;7940&#8243; img_size=&#8221;full&#8221; alignment=&#8221;center&#8221;][\/vc_column_inner][\/vc_row_inner][\/vc_column][\/vc_row][vc_row full_width=&#8221;stretch_row&#8221; css=&#8221;.vc_custom_1669024215558{padding-top: 150px !important;background-color: #ffffff !important;}&#8221;][vc_column][vc_row_inner css=&#8221;.vc_custom_1555684681204{padding-bottom: 100px !important;}&#8221;][vc_column_inner width=&#8221;1\/6&#8243;][\/vc_column_inner][vc_column_inner width=&#8221;2\/3&#8243;]<header class=\"kd-section-title col-lg-12 text-center  kd-animated fadeIn  \" data-animation-delay=200><h2 class=\"separator_off\" style=\"font-size: 36px;line-height: 42px;\">Vous ne savez pas quelle pi\u00e8ce recherchez-vous.<\/h2><h6 class=\"subtitle \" >Veuillez nous contacter et nos responsables de support d\u00e9di\u00e9s vous aideront \u00e0 trouver ce que vous recherchez ainsi que les remises de prix.<\/h6><\/header>[vc_empty_space height=&#8221;15px&#8221;]<a  href=\"https:\/\/drl-agri.com\/fr\/a-propos-de-nous\/contacter-drl\/\"  target=\"_self\"  title=\"Contact DRL\" class=\"tt_button tt_primary_button btn_primary_color  button-center button-action-link  kd-animated zoomIn\" data-animation-delay=200><span class=\"prim_text\">Nous contacter<\/span><\/a>[\/vc_column_inner][vc_column_inner width=&#8221;1\/6&#8243;][\/vc_column_inner][\/vc_row_inner][\/vc_column][\/vc_row]<\/p>\n<\/div>","protected":false},"excerpt":{"rendered":"<p>[vc_row full_width=&#8221;stretch_row&#8221; css=&#8221;.vc_custom_1669020077632{padding-top: 250px !important;padding-bottom: 250px !important;background-image: url(https:\/\/drl-agri.com\/wp-content\/uploads\/2022\/11\/Spare-parts.jpg?id=7904) !important;background-position: center !important;background-repeat: no-repeat !important;background-size: cover !important;}&#8221; el_class=&#8221;under-menu-topbar&#8221;][vc_column offset=&#8221;vc_col-lg-offset-0 vc_col-md-offset-0 vc_col-sm-offset-0 vc_col-xs-offset-2 [&hellip;]<\/p>\n","protected":false},"author":2,"featured_media":0,"parent":9378,"menu_order":0,"comment_status":"closed","ping_status":"closed","template":"","meta":{"footnotes":""},"class_list":["post-8804","page","type-page","status-publish","hentry"],"_links":{"self":[{"href":"https:\/\/drl-agri.com\/fr\/wp-json\/wp\/v2\/pages\/8804","targetHints":{"allow":["GET"]}}],"collection":[{"href":"https:\/\/drl-agri.com\/fr\/wp-json\/wp\/v2\/pages"}],"about":[{"href":"https:\/\/drl-agri.com\/fr\/wp-json\/wp\/v2\/types\/page"}],"author":[{"embeddable":true,"href":"https:\/\/drl-agri.com\/fr\/wp-json\/wp\/v2\/users\/2"}],"replies":[{"embeddable":true,"href":"https:\/\/drl-agri.com\/fr\/wp-json\/wp\/v2\/comments?post=8804"}],"version-history":[{"count":1,"href":"https:\/\/drl-agri.com\/fr\/wp-json\/wp\/v2\/pages\/8804\/revisions"}],"predecessor-version":[{"id":10757,"href":"https:\/\/drl-agri.com\/fr\/wp-json\/wp\/v2\/pages\/8804\/revisions\/10757"}],"up":[{"embeddable":true,"href":"https:\/\/drl-agri.com\/fr\/wp-json\/wp\/v2\/pages\/9378"}],"wp:attachment":[{"href":"https:\/\/drl-agri.com\/fr\/wp-json\/wp\/v2\/media?parent=8804"}],"curies":[{"name":"wp","href":"https:\/\/api.w.org\/{rel}","templated":true}]}}