{"id":8803,"date":"2022-12-31T16:16:41","date_gmt":"2022-12-31T16:16:41","guid":{"rendered":"https:\/\/beta.drl-agri.com\/privacy-policy\/"},"modified":"2023-08-29T10:34:48","modified_gmt":"2023-08-29T10:34:48","slug":"politique-de-confidentialite","status":"publish","type":"page","link":"https:\/\/drl-agri.com\/fr\/politique-de-confidentialite\/","title":{"rendered":"Politique de confidentialit\u00e9"},"content":{"rendered":"<div class=\"wpb-content-wrapper\"><p>[vc_row full_width=&#8221;stretch_row&#8221; css=&#8221;.vc_custom_1672503397765{padding-top: 250px !important;padding-bottom: 250px !important;background-image: url(https:\/\/drl-agri.com\/wp-content\/uploads\/2022\/12\/wanis-privacy-policy-1-1625&#215;360-1.jpg?id=8574) !important;background-position: center !important;background-repeat: no-repeat !important;background-size: cover !important;}&#8221; el_class=&#8221;under-menu-topbar&#8221;][vc_column offset=&#8221;vc_col-lg-offset-0 vc_col-md-offset-0 vc_col-sm-offset-0 vc_col-xs-offset-2 vc_col-xs-8&#8243;][\/vc_column][\/vc_row][vc_row css=&#8221;.vc_custom_1672502544161{margin-top: -100px !important;margin-bottom: 100px !important;padding-top: 70px !important;padding-right: 50px !important;padding-left: 50px !important;background-color: #ffffff !important;}&#8221;][vc_column]<header class=\"kd-section-title col-lg-12 text-left     vc_custom_1675093397887\" ><h2 class=\"separator_off\" style=\"font-size: 36px;line-height: 42px;\">Politique de confidentialit\u00e9<\/h2><\/header>[vc_column_text]DRL Agri maintient ce site Web \u00e0 des fins d&#8217;information, d&#8217;\u00e9ducation, de marketing et de communication. Le but de cette politique de confidentialit\u00e9 est de d\u00e9finir comment nous collectons et utilisons les informations personnelles que nous pouvons obtenir de vous via ce site Web. Cette politique de confidentialit\u00e9 entre en vigueur le 1er janvier 2023. En utilisant ce site Web, vous consentez aux conditions de cette politique de confidentialit\u00e9 et \u00e0 la collecte et \u00e0 l&#8217;utilisation d&#8217;informations par DRL Agri via ce site Web, comme indiqu\u00e9 dans les pr\u00e9sentes.<\/p>\n<h4><strong>Quelle information personnelle est collect\u00e9e?<\/strong><\/h4>\n<p>Afin d&#8217;exprimer votre int\u00e9r\u00eat ou de demander des informations sur les produits et services de DRL Agri, il peut vous \u00eatre demand\u00e9 de fournir certaines informations telles que votre nom, votre profession, votre entreprise ou votre employeur, votre adresse e-mail, votre adresse postale et votre num\u00e9ro de t\u00e9l\u00e9phone, ainsi que une description de votre int\u00e9r\u00eat ou demande d&#8217;information. Ce site Web utilise \u00e9galement des cookies et\/ou des balises de remarketing pour collecter des informations pouvant inclure votre ordinateur, votre adresse IP, votre emplacement, votre historique de navigation, la configuration de votre navigateur, vos pr\u00e9f\u00e9rences et vos param\u00e8tres. Notre utilisation des cookies et des balises de remarketing est d\u00e9crite plus en d\u00e9tail dans la section ci-dessous.<\/p>\n<h4><strong>Comment les informations sont-elles collect\u00e9es et utilis\u00e9es ?<\/strong><\/h4>\n<p>Nous recueillons les informations d\u00e9crites ici de diverses mani\u00e8res, y compris \u00e0 partir de formulaires Web et de technologies telles que les cookies. Les informations que nous collectons peuvent \u00eatre envoy\u00e9es \u00e0 DRL Agri par e-mail et\/ou stock\u00e9es dans une base de donn\u00e9es ou d&#8217;autres moyens de stockage de donn\u00e9es \u00e9lectroniques. Les informations sont utilis\u00e9es pour administrer les services de notre site Web et pour l&#8217;analyse du march\u00e9 et des clients et pour examiner, d\u00e9velopper et am\u00e9liorer nos services. \u00c0 cet \u00e9gard, ces informations peuvent \u00eatre utilis\u00e9es pour communiquer avec vous et \u00e0 des fins de marketing et de promotion, et pour vous informer sur les produits et services.<\/p>\n<h4><strong>Comment les informations seront-elles divulgu\u00e9es ou partag\u00e9es\u00a0?<\/strong><\/h4>\n<p>Nous ne vendrons, n&#8217;\u00e9changerons ni ne louerons vos informations personnelles \u00e0 des tiers sans votre consentement. Nous pouvons toutefois partager ou divulguer vos informations aux personnes suivantes susceptibles de les utiliser conform\u00e9ment aux termes de la pr\u00e9sente politique de confidentialit\u00e9\u00a0:<\/p>\n<ul>\n<li>Employ\u00e9s de DRL Agri\u00a0;<\/li>\n<li>Agents qui profilent vos donn\u00e9es \u00e0 nos fins de marketing\u00a0;<\/li>\n<li>Toute personne en raison d&#8217;un devoir ou d&#8217;une obligation l\u00e9gale\u00a0;<\/li>\n<li>concessionnaires, distributeurs ou partenaires commerciaux de DRL Agri\u00a0; et<\/li>\n<li>Affili\u00e9s et fournisseurs de DRL Agri.<\/li>\n<\/ul>\n<p>Nous partagerons ou divulguerons \u00e9galement vos informations personnelles lorsque la loi l&#8217;exige ou pour r\u00e9pondre \u00e0 des proc\u00e9dures judiciaires, prot\u00e9ger nos clients, prot\u00e9ger des vies, maintenir la s\u00e9curit\u00e9 de nos services et prot\u00e9ger les droits ou la propri\u00e9t\u00e9 de DRL Agri.<\/p>\n<h4><strong>Qu&#8217;en est-il des \u00ab\u00a0cookies\u00a0\u00bb et des \u00ab\u00a0balises de remarketing\u00a0\u00bb\u00a0?<\/strong><\/h4>\n<p>Lorsque vous utilisez ou visitez ce site Web, nous pla\u00e7ons un ou plusieurs cookies sur votre ordinateur ou appareil. Ces cookies sont de petits fichiers de donn\u00e9es qui transmettent des informations \u00e0 notre serveur pour fournir des informations sur vous, telles que votre ordinateur ou appareil, adresse IP, emplacement, historique de navigation, configuration du navigateur, pr\u00e9f\u00e9rences et param\u00e8tres. Nous utilisons ces informations pour aider \u00e0 exploiter notre site Web, collecter des informations sur l&#8217;activit\u00e9 en ligne des utilisateurs de notre site Web et compiler des analyses. Vous pouvez utiliser les param\u00e8tres de votre navigateur pour supprimer ou bloquer les cookies sur votre appareil.<\/p>\n<p>Nous utilisons \u00e9galement des balises de remarketing sur ce site Web pour atteindre les personnes dont nous savons qu&#8217;elles ont d\u00e9j\u00e0 visit\u00e9 notre site Web. Plus pr\u00e9cis\u00e9ment, la balise de remarketing Google AdWords sur notre site Web installe des cookies sur les ordinateurs des utilisateurs afin que Google puisse suivre ces utilisateurs, g\u00e9n\u00e9ralement jusqu&#8217;\u00e0 30 jours apr\u00e8s la visite. Sur la base des visites pass\u00e9es, cela permet \u00e0 Google de diffuser des annonces bas\u00e9es sur les centres d&#8217;int\u00e9r\u00eat de ces utilisateurs la prochaine fois qu&#8217;ils effectuent une recherche sur Google.com, avec l&#8217;un de leurs partenaires de recherche, ou qu&#8217;ils visitent un autre site du R\u00e9seau\u00a0Display de Google. Les utilisateurs peuvent d\u00e9sactiver cette utilisation de cookies en visitant les param\u00e8tres des annonces de Google.<\/p>\n<p>Pour une liste plus d\u00e9taill\u00e9e des cookies et des balises de remarketing sp\u00e9cifiques utilis\u00e9s sur ce site Web, veuillez cliquer ici.<\/p>\n<h4><strong>Enfants<\/strong><\/h4>\n<p>Nous ne collectons pas sciemment d&#8217;informations aupr\u00e8s d&#8217;enfants. Nous demandons aux parents ou aux tuteurs l\u00e9gaux de nous aider en supervisant les activit\u00e9s des enfants sur ce site et en ne leur permettant pas de soumettre des informations via ce site Web. Ce site Web est destin\u00e9 \u00e0 \u00eatre utilis\u00e9 uniquement par des adultes.<\/p>\n<h4><strong>Conditions d&#8217;utilisation<\/strong><\/h4>\n<p>L&#8217;utilisation de ce site Web et de tous les produits et services est fournie, sous r\u00e9serve des conditions g\u00e9n\u00e9rales contenues sur ce site Web.[\/vc_column_text][\/vc_column][\/vc_row]<\/p>\n<\/div>","protected":false},"excerpt":{"rendered":"<p>[vc_row full_width=&#8221;stretch_row&#8221; css=&#8221;.vc_custom_1672503397765{padding-top: 250px !important;padding-bottom: 250px !important;background-image: url(https:\/\/drl-agri.com\/wp-content\/uploads\/2022\/12\/wanis-privacy-policy-1-1625&#215;360-1.jpg?id=8574) !important;background-position: center !important;background-repeat: no-repeat !important;background-size: cover !important;}&#8221; el_class=&#8221;under-menu-topbar&#8221;][vc_column offset=&#8221;vc_col-lg-offset-0 vc_col-md-offset-0 vc_col-sm-offset-0 vc_col-xs-offset-2 [&hellip;]<\/p>\n","protected":false},"author":2,"featured_media":0,"parent":0,"menu_order":0,"comment_status":"closed","ping_status":"closed","template":"","meta":{"footnotes":""},"class_list":["post-8803","page","type-page","status-publish","hentry"],"_links":{"self":[{"href":"https:\/\/drl-agri.com\/fr\/wp-json\/wp\/v2\/pages\/8803","targetHints":{"allow":["GET"]}}],"collection":[{"href":"https:\/\/drl-agri.com\/fr\/wp-json\/wp\/v2\/pages"}],"about":[{"href":"https:\/\/drl-agri.com\/fr\/wp-json\/wp\/v2\/types\/page"}],"author":[{"embeddable":true,"href":"https:\/\/drl-agri.com\/fr\/wp-json\/wp\/v2\/users\/2"}],"replies":[{"embeddable":true,"href":"https:\/\/drl-agri.com\/fr\/wp-json\/wp\/v2\/comments?post=8803"}],"version-history":[{"count":0,"href":"https:\/\/drl-agri.com\/fr\/wp-json\/wp\/v2\/pages\/8803\/revisions"}],"wp:attachment":[{"href":"https:\/\/drl-agri.com\/fr\/wp-json\/wp\/v2\/media?parent=8803"}],"curies":[{"name":"wp","href":"https:\/\/api.w.org\/{rel}","templated":true}]}}