{"id":8801,"date":"2022-11-18T10:14:59","date_gmt":"2022-11-18T10:14:59","guid":{"rendered":"https:\/\/beta.drl-agri.com\/used-equipment\/"},"modified":"2023-09-05T08:42:20","modified_gmt":"2023-09-05T08:42:20","slug":"materiel-doccasion","status":"publish","type":"page","link":"https:\/\/drl-agri.com\/fr\/materiel-doccasion\/","title":{"rendered":"Mat\u00e9riel d\u2019occasion"},"content":{"rendered":"<div class=\"wpb-content-wrapper\"><p>[vc_row full_width=&#8221;stretch_row&#8221; css=&#8221;.vc_custom_1672498499951{padding-top: 150px !important;padding-bottom: 250px !important;background-image: url(https:\/\/drl-agri.com\/wp-content\/uploads\/2022\/12\/DRL-Used-Equipment.jpg?id=8538) !important;background-position: center !important;background-repeat: no-repeat !important;background-size: cover !important;}&#8221; el_class=&#8221;under-menu-topbar&#8221;][vc_column offset=&#8221;vc_col-lg-offset-0 vc_col-md-offset-0 vc_col-sm-offset-0 vc_col-xs-offset-2 vc_col-xs-8&#8243;][\/vc_column][\/vc_row][vc_row css=&#8221;.vc_custom_1555661798285{margin-top: -100px !important;padding-top: 70px !important;padding-right: 50px !important;padding-left: 50px !important;background-color: #ffffff !important;}&#8221;][vc_column][vc_row_inner][vc_column_inner width=&#8221;1\/2&#8243;][vc_custom_heading text=&#8221;Votre source de confiance pour acheter de l&#8217;\u00e9quipement agricole de qualit\u00e9.&#8221; font_container=&#8221;tag:h2|font_size:36px|text_align:left|line_height:42px&#8221; use_theme_fonts=&#8221;yes&#8221;][\/vc_column_inner][vc_column_inner width=&#8221;1\/2&#8243;][vc_custom_heading text=&#8221;DRL Agri permet aux visiteurs de trouver le bon mat\u00e9riel agricole d&#8217;occasion. Trouvez du mat\u00e9riel agricole d&#8217;occasion de marques c\u00e9l\u00e8bres de machines et d&#8217;\u00e9quipements agricoles \u00e0 travers le monde.&#8221; font_container=&#8221;tag:h6|text_align:left&#8221; use_theme_fonts=&#8221;yes&#8221;][\/vc_column_inner][\/vc_row_inner][\/vc_column][\/vc_row][vc_row css=&#8221;.vc_custom_1672498593584{margin-top: 50px !important;margin-bottom: 200px !important;}&#8221;][vc_column]<div class=\"woocommerce columns-4\"><ul class=\"products columns-4\">\n<li class=\"product-category product first\">\n\t<a aria-label=\"Acc\u00e9der \u00e0 la cat\u00e9gorie de produits Moissonneuses-batteuses\" href=\"https:\/\/drl-agri.com\/fr\/product-category\/moissonneuses-batteuses\/\"><img loading=\"lazy\" decoding=\"async\" src=\"https:\/\/drl-agri.com\/wp-content\/uploads\/2023\/09\/565413.jpg\" alt=\"Moissonneuses-batteuses\" width=\"800\" height=\"800\" srcset=\"https:\/\/drl-agri.com\/wp-content\/uploads\/2023\/09\/565413.jpg 600w, https:\/\/drl-agri.com\/wp-content\/uploads\/2023\/09\/565413-300x300.jpg 300w, https:\/\/drl-agri.com\/wp-content\/uploads\/2023\/09\/565413-150x150.jpg 150w, https:\/\/drl-agri.com\/wp-content\/uploads\/2023\/09\/565413-320x320.jpg 320w\" sizes=\"auto, (max-width: 600px) 100vw, 600px\" \/>\t\t<h2 class=\"woocommerce-loop-category__title\">\n\t\t\tMoissonneuses-batteuses <mark class=\"count\">(7)<\/mark>\t\t<\/h2>\n\t\t<\/a><\/li>\n<li class=\"product-category product\">\n\t<a aria-label=\"Acc\u00e9der \u00e0 la cat\u00e9gorie de produits Enrouleurs de tuyau\" href=\"https:\/\/drl-agri.com\/fr\/product-category\/enrouleurs-de-tuyau\/\"><img loading=\"lazy\" decoding=\"async\" src=\"https:\/\/drl-agri.com\/wp-content\/uploads\/2023\/09\/IRTEC-GB-03.jpg\" alt=\"Enrouleurs de tuyau\" width=\"800\" height=\"800\" srcset=\"https:\/\/drl-agri.com\/wp-content\/uploads\/2023\/09\/IRTEC-GB-03.jpg 534w, https:\/\/drl-agri.com\/wp-content\/uploads\/2023\/09\/IRTEC-GB-03-300x300.jpg 300w, https:\/\/drl-agri.com\/wp-content\/uploads\/2023\/09\/IRTEC-GB-03-150x150.jpg 150w, https:\/\/drl-agri.com\/wp-content\/uploads\/2023\/09\/IRTEC-GB-03-320x320.jpg 320w\" sizes=\"auto, (max-width: 534px) 100vw, 534px\" \/>\t\t<h2 class=\"woocommerce-loop-category__title\">\n\t\t\tEnrouleurs de tuyau <mark class=\"count\">(1)<\/mark>\t\t<\/h2>\n\t\t<\/a><\/li>\n<li class=\"product-category product\">\n\t<a aria-label=\"Acc\u00e9der \u00e0 la cat\u00e9gorie de produits Tracteurs\" href=\"https:\/\/drl-agri.com\/fr\/product-category\/tracteurs\/\"><img loading=\"lazy\" decoding=\"async\" src=\"https:\/\/drl-agri.com\/wp-content\/uploads\/2023\/09\/509515.jpg\" alt=\"Tracteurs\" width=\"800\" height=\"800\" srcset=\"https:\/\/drl-agri.com\/wp-content\/uploads\/2023\/09\/509515.jpg 501w, https:\/\/drl-agri.com\/wp-content\/uploads\/2023\/09\/509515-300x300.jpg 300w, https:\/\/drl-agri.com\/wp-content\/uploads\/2023\/09\/509515-150x150.jpg 150w, https:\/\/drl-agri.com\/wp-content\/uploads\/2023\/09\/509515-320x320.jpg 320w\" sizes=\"auto, (max-width: 501px) 100vw, 501px\" \/>\t\t<h2 class=\"woocommerce-loop-category__title\">\n\t\t\tTracteurs <mark class=\"count\">(2)<\/mark>\t\t<\/h2>\n\t\t<\/a><\/li>\n<li class=\"product-category product last\">\n\t<a aria-label=\"Acc\u00e9der \u00e0 la cat\u00e9gorie de produits Autres \u00e9quipements agricoles\" href=\"https:\/\/drl-agri.com\/fr\/product-category\/autres-equipements-agricoles\/\"><img loading=\"lazy\" decoding=\"async\" src=\"https:\/\/drl-agri.com\/wp-content\/uploads\/2023\/09\/mini_20230713_084554-1.jpg\" alt=\"Autres \u00e9quipements agricoles\" width=\"800\" height=\"800\" srcset=\"https:\/\/drl-agri.com\/wp-content\/uploads\/2023\/09\/mini_20230713_084554-1.jpg 768w, https:\/\/drl-agri.com\/wp-content\/uploads\/2023\/09\/mini_20230713_084554-1-300x300.jpg 300w, https:\/\/drl-agri.com\/wp-content\/uploads\/2023\/09\/mini_20230713_084554-1-150x150.jpg 150w, https:\/\/drl-agri.com\/wp-content\/uploads\/2023\/09\/mini_20230713_084554-1-320x320.jpg 320w\" sizes=\"auto, (max-width: 768px) 100vw, 768px\" \/>\t\t<h2 class=\"woocommerce-loop-category__title\">\n\t\t\tAutres \u00e9quipements agricoles <mark class=\"count\">(4)<\/mark>\t\t<\/h2>\n\t\t<\/a><\/li>\n<li class=\"product-category product first\">\n\t<a aria-label=\"Acc\u00e9der \u00e0 la cat\u00e9gorie de produits Des pi\u00e8ces de rechange\" href=\"https:\/\/drl-agri.com\/fr\/product-category\/des-pieces-de-rechange\/\"><img loading=\"lazy\" decoding=\"async\" src=\"https:\/\/drl-agri.com\/wp-content\/uploads\/2023\/09\/tractor-parts.jpg\" alt=\"Des pi\u00e8ces de rechange\" width=\"800\" height=\"800\" srcset=\"https:\/\/drl-agri.com\/wp-content\/uploads\/2023\/09\/tractor-parts.jpg 720w, https:\/\/drl-agri.com\/wp-content\/uploads\/2023\/09\/tractor-parts-300x300.jpg 300w, https:\/\/drl-agri.com\/wp-content\/uploads\/2023\/09\/tractor-parts-150x150.jpg 150w, https:\/\/drl-agri.com\/wp-content\/uploads\/2023\/09\/tractor-parts-320x320.jpg 320w\" sizes=\"auto, (max-width: 720px) 100vw, 720px\" \/>\t\t<h2 class=\"woocommerce-loop-category__title\">\n\t\t\tDes pi\u00e8ces de rechange <mark class=\"count\">(25)<\/mark>\t\t<\/h2>\n\t\t<\/a><\/li>\n<\/ul>\n<\/div>[vc_empty_space height=&#8221;200px&#8221;][\/vc_column][\/vc_row]<\/p>\n<\/div>","protected":false},"excerpt":{"rendered":"<p>[vc_row full_width=&#8221;stretch_row&#8221; css=&#8221;.vc_custom_1672498499951{padding-top: 150px !important;padding-bottom: 250px !important;background-image: url(https:\/\/drl-agri.com\/wp-content\/uploads\/2022\/12\/DRL-Used-Equipment.jpg?id=8538) !important;background-position: center !important;background-repeat: no-repeat !important;background-size: cover !important;}&#8221; el_class=&#8221;under-menu-topbar&#8221;][vc_column offset=&#8221;vc_col-lg-offset-0 vc_col-md-offset-0 vc_col-sm-offset-0 vc_col-xs-offset-2 [&hellip;]<\/p>\n","protected":false},"author":2,"featured_media":0,"parent":0,"menu_order":0,"comment_status":"closed","ping_status":"closed","template":"","meta":{"footnotes":""},"class_list":["post-8801","page","type-page","status-publish","hentry"],"_links":{"self":[{"href":"https:\/\/drl-agri.com\/fr\/wp-json\/wp\/v2\/pages\/8801","targetHints":{"allow":["GET"]}}],"collection":[{"href":"https:\/\/drl-agri.com\/fr\/wp-json\/wp\/v2\/pages"}],"about":[{"href":"https:\/\/drl-agri.com\/fr\/wp-json\/wp\/v2\/types\/page"}],"author":[{"embeddable":true,"href":"https:\/\/drl-agri.com\/fr\/wp-json\/wp\/v2\/users\/2"}],"replies":[{"embeddable":true,"href":"https:\/\/drl-agri.com\/fr\/wp-json\/wp\/v2\/comments?post=8801"}],"version-history":[{"count":0,"href":"https:\/\/drl-agri.com\/fr\/wp-json\/wp\/v2\/pages\/8801\/revisions"}],"wp:attachment":[{"href":"https:\/\/drl-agri.com\/fr\/wp-json\/wp\/v2\/media?parent=8801"}],"curies":[{"name":"wp","href":"https:\/\/api.w.org\/{rel}","templated":true}]}}