{"id":8799,"date":"2022-11-18T10:15:09","date_gmt":"2022-11-18T10:15:09","guid":{"rendered":"https:\/\/beta.drl-agri.com\/combine-harvesters\/"},"modified":"2024-05-12T18:49:31","modified_gmt":"2024-05-12T18:49:31","slug":"moissonneuses-batteuses","status":"publish","type":"page","link":"https:\/\/drl-agri.com\/fr\/materiel-doccasion\/moissonneuses-batteuses\/","title":{"rendered":"Moissonneuses-batteuses"},"content":{"rendered":"<div class=\"wpb-content-wrapper\"><p>[vc_row full_width=&#8221;stretch_row&#8221; css=&#8221;.vc_custom_1672321814229{padding-top: 200px !important;padding-bottom: 250px !important;background-image: url(https:\/\/drl-agri.com\/wp-content\/uploads\/2022\/12\/download-scaled-1.webp?id=8159) !important;background-position: center !important;background-repeat: no-repeat !important;background-size: cover !important;}&#8221; el_class=&#8221;under-menu-topbar&#8221;][vc_column offset=&#8221;vc_col-lg-offset-0 vc_col-md-offset-0 vc_col-sm-offset-0 vc_col-xs-offset-2 vc_col-xs-8&#8243;][\/vc_column][\/vc_row][vc_row css=&#8221;.vc_custom_1555661798285{margin-top: -100px !important;padding-top: 70px !important;padding-right: 50px !important;padding-left: 50px !important;background-color: #ffffff !important;}&#8221;][vc_column][vc_row_inner][vc_column_inner][vc_custom_heading text=&#8221;Moissonneuses-batteuses&#8221; font_container=&#8221;tag:h2|font_size:36px|text_align:center|line_height:42px&#8221; use_theme_fonts=&#8221;yes&#8221;][vc_column_text]<\/p>\n<h4 style=\"text-align: center;\"><strong>DRL vous aide \u00e0 trouver la bonne moissonneuse-batteuse dont vous avez besoin.<\/strong><\/h4>\n<p>[\/vc_column_text][\/vc_column_inner][\/vc_row_inner][\/vc_column][\/vc_row][vc_row css=&#8221;.vc_custom_1672327637605{margin-top: 60px !important;}&#8221;][vc_column]<div class=\"woocommerce columns-4 \"><ul class=\"products columns-4\">\n\n<li class=\"woo-minimal-style product type-product post-10700 status-publish first instock product_cat-moissonneuses-batteuses has-post-thumbnail shipping-taxable product-type-simple\">\n<a href=\"https:\/\/drl-agri.com\/fr\/product\/cr9070\/\" class=\"woocommerce-LoopProduct-link woocommerce-loop-product__link\"><div class=\"woo-entry-image\"><img loading=\"lazy\" decoding=\"async\" width=\"800\" height=\"800\" src=\"https:\/\/drl-agri.com\/wp-content\/uploads\/2025\/10\/WhatsApp-Image-2025-10-07-at-09.31.03-1-800x800.jpeg\" class=\"attachment-woocommerce_thumbnail size-woocommerce_thumbnail\" alt=\"CR9070 -2011-ELEVATION\" srcset=\"https:\/\/drl-agri.com\/wp-content\/uploads\/2025\/10\/WhatsApp-Image-2025-10-07-at-09.31.03-1-800x800.jpeg 800w, https:\/\/drl-agri.com\/wp-content\/uploads\/2025\/10\/WhatsApp-Image-2025-10-07-at-09.31.03-1-150x150.jpeg 150w, https:\/\/drl-agri.com\/wp-content\/uploads\/2025\/10\/WhatsApp-Image-2025-10-07-at-09.31.03-1-320x320.jpeg 320w\" sizes=\"auto, (max-width: 800px) 100vw, 800px\" \/><\/div><div class=\"woo-entry-wrapper\"><h2 class=\"woocommerce-loop-product__title\">CR9070 -2011-ELEVATION<\/h2>\n<div class=\"categories\"><a href=\"https:\/\/drl-agri.com\/fr\/product-category\/moissonneuses-batteuses\/\" rel=\"tag\">Moissonneuses-batteuses<\/a><\/div>\n<\/a><a href=\"https:\/\/drl-agri.com\/fr\/product\/cr9070\/\" aria-describedby=\"woocommerce_loop_add_to_cart_link_describedby_10700\" data-quantity=\"1\" class=\"button product_type_simple\" data-product_id=\"10700\" data-product_sku=\"\" aria-label=\"En savoir plus sur &ldquo;CR9070 -2011-ELEVATION&rdquo;\" rel=\"nofollow\" data-success_message=\"\">Lire la suite<\/a>\t<span id=\"woocommerce_loop_add_to_cart_link_describedby_10700\" class=\"screen-reader-text\">\n\t\t\t<\/span>\n<\/div><\/li>\n\n<li class=\"woo-minimal-style product type-product post-10352 status-publish instock product_cat-moissonneuses-batteuses has-post-thumbnail shipping-taxable product-type-simple\">\n<a href=\"https:\/\/drl-agri.com\/fr\/product\/new-holland-cr-9070-copy\/\" class=\"woocommerce-LoopProduct-link woocommerce-loop-product__link\"><div class=\"woo-entry-image\"><img loading=\"lazy\" decoding=\"async\" width=\"800\" height=\"800\" src=\"https:\/\/drl-agri.com\/wp-content\/uploads\/2024\/12\/20241206_141947-800x800.jpg\" class=\"attachment-woocommerce_thumbnail size-woocommerce_thumbnail\" alt=\"NEW HOLLAND CR 9070 (Copy)\" srcset=\"https:\/\/drl-agri.com\/wp-content\/uploads\/2024\/12\/20241206_141947-800x800.jpg 800w, https:\/\/drl-agri.com\/wp-content\/uploads\/2024\/12\/20241206_141947-150x150.jpg 150w, https:\/\/drl-agri.com\/wp-content\/uploads\/2024\/12\/20241206_141947-320x320.jpg 320w\" sizes=\"auto, (max-width: 800px) 100vw, 800px\" \/><\/div><div class=\"woo-entry-wrapper\"><h2 class=\"woocommerce-loop-product__title\">NEW HOLLAND CR 9070 (Copy)<\/h2>\n<div class=\"categories\"><a href=\"https:\/\/drl-agri.com\/fr\/product-category\/moissonneuses-batteuses\/\" rel=\"tag\">Moissonneuses-batteuses<\/a><\/div>\n<\/a><a href=\"https:\/\/drl-agri.com\/fr\/product\/new-holland-cr-9070-copy\/\" aria-describedby=\"woocommerce_loop_add_to_cart_link_describedby_10352\" data-quantity=\"1\" class=\"button product_type_simple\" data-product_id=\"10352\" data-product_sku=\"\" aria-label=\"En savoir plus sur &ldquo;NEW HOLLAND CR 9070 (Copy)&rdquo;\" rel=\"nofollow\" data-success_message=\"\">Lire la suite<\/a>\t<span id=\"woocommerce_loop_add_to_cart_link_describedby_10352\" class=\"screen-reader-text\">\n\t\t\t<\/span>\n<\/div><\/li>\n\n<li class=\"woo-minimal-style product type-product post-10284 status-publish outofstock product_cat-moissonneuses-batteuses has-post-thumbnail shipping-taxable product-type-simple\">\n<a href=\"https:\/\/drl-agri.com\/fr\/product\/nh-tx-36-sl-1992\/\" class=\"woocommerce-LoopProduct-link woocommerce-loop-product__link\"><div class=\"woo-entry-image\"><img loading=\"lazy\" decoding=\"async\" width=\"800\" height=\"800\" src=\"https:\/\/drl-agri.com\/wp-content\/uploads\/2025\/02\/WhatsApp-Image-2025-02-18-at-15.10.27-4-800x800.jpeg\" class=\"attachment-woocommerce_thumbnail size-woocommerce_thumbnail\" alt=\"TX36 SL - 1992\" srcset=\"https:\/\/drl-agri.com\/wp-content\/uploads\/2025\/02\/WhatsApp-Image-2025-02-18-at-15.10.27-4-800x800.jpeg 800w, https:\/\/drl-agri.com\/wp-content\/uploads\/2025\/02\/WhatsApp-Image-2025-02-18-at-15.10.27-4-150x150.jpeg 150w, https:\/\/drl-agri.com\/wp-content\/uploads\/2025\/02\/WhatsApp-Image-2025-02-18-at-15.10.27-4-320x320.jpeg 320w\" sizes=\"auto, (max-width: 800px) 100vw, 800px\" \/><\/div><div class=\"woo-entry-wrapper\"><h2 class=\"woocommerce-loop-product__title\">TX36 SL &#8211; 1992<\/h2>\n<div class=\"categories\"><a href=\"https:\/\/drl-agri.com\/fr\/product-category\/moissonneuses-batteuses\/\" rel=\"tag\">Moissonneuses-batteuses<\/a><\/div>\n<\/a><a href=\"https:\/\/drl-agri.com\/fr\/product\/nh-tx-36-sl-1992\/\" aria-describedby=\"woocommerce_loop_add_to_cart_link_describedby_10284\" data-quantity=\"1\" class=\"button product_type_simple\" data-product_id=\"10284\" data-product_sku=\"\" aria-label=\"En savoir plus sur &ldquo;TX36 SL - 1992&rdquo;\" rel=\"nofollow\" data-success_message=\"\">Lire la suite<\/a>\t<span id=\"woocommerce_loop_add_to_cart_link_describedby_10284\" class=\"screen-reader-text\">\n\t\t\t<\/span>\n<\/div><\/li>\n\n<li class=\"woo-minimal-style product type-product post-9868 status-publish last outofstock product_cat-moissonneuses-batteuses has-post-thumbnail shipping-taxable product-type-simple\">\n<a href=\"https:\/\/drl-agri.com\/fr\/product\/new-holland-tx-66-sl-2001\/\" class=\"woocommerce-LoopProduct-link woocommerce-loop-product__link\"><div class=\"woo-entry-image\"><img loading=\"lazy\" decoding=\"async\" width=\"792\" height=\"587\" src=\"https:\/\/drl-agri.com\/wp-content\/uploads\/2023\/09\/Screenshot-2023-09-16-083031.jpg\" class=\"attachment-woocommerce_thumbnail size-woocommerce_thumbnail\" alt=\"(\u00c9puis\u00e9) New Holland TX 66 SL 2001 (\u00c9puis\u00e9)\" srcset=\"https:\/\/drl-agri.com\/wp-content\/uploads\/2023\/09\/Screenshot-2023-09-16-083031.jpg 792w, https:\/\/drl-agri.com\/wp-content\/uploads\/2023\/09\/Screenshot-2023-09-16-083031-300x222.jpg 300w, https:\/\/drl-agri.com\/wp-content\/uploads\/2023\/09\/Screenshot-2023-09-16-083031-768x569.jpg 768w\" sizes=\"auto, (max-width: 792px) 100vw, 792px\" \/><\/div><div class=\"woo-entry-wrapper\"><h2 class=\"woocommerce-loop-product__title\">(\u00c9puis\u00e9) New Holland TX 66 SL 2001 (\u00c9puis\u00e9)<\/h2>\n<div class=\"categories\"><a href=\"https:\/\/drl-agri.com\/fr\/product-category\/moissonneuses-batteuses\/\" rel=\"tag\">Moissonneuses-batteuses<\/a><\/div>\n<\/a><a href=\"https:\/\/drl-agri.com\/fr\/product\/new-holland-tx-66-sl-2001\/\" aria-describedby=\"woocommerce_loop_add_to_cart_link_describedby_9868\" data-quantity=\"1\" class=\"button product_type_simple\" data-product_id=\"9868\" data-product_sku=\"\" aria-label=\"En savoir plus sur &ldquo;(\u00c9puis\u00e9) New Holland TX 66 SL 2001 (\u00c9puis\u00e9)&rdquo;\" rel=\"nofollow\" data-success_message=\"\">Lire la suite<\/a>\t<span id=\"woocommerce_loop_add_to_cart_link_describedby_9868\" class=\"screen-reader-text\">\n\t\t\t<\/span>\n<\/div><\/li>\n\n<li class=\"woo-minimal-style product type-product post-9799 status-publish first outofstock product_cat-moissonneuses-batteuses has-post-thumbnail shipping-taxable product-type-simple\">\n<a href=\"https:\/\/drl-agri.com\/fr\/product\/new-holland-tx-66-sl\/\" class=\"woocommerce-LoopProduct-link woocommerce-loop-product__link\"><div class=\"woo-entry-image\"><img loading=\"lazy\" decoding=\"async\" width=\"800\" height=\"768\" src=\"https:\/\/drl-agri.com\/wp-content\/uploads\/2023\/09\/mini_20230913_142500-800x768.jpg\" class=\"attachment-woocommerce_thumbnail size-woocommerce_thumbnail\" alt=\"(\u00c9puis\u00e9) New Holland TX 66 SL 2005 (\u00c9puis\u00e9)\" \/><\/div><div class=\"woo-entry-wrapper\"><h2 class=\"woocommerce-loop-product__title\">(\u00c9puis\u00e9) New Holland TX 66 SL 2005 (\u00c9puis\u00e9)<\/h2>\n<div class=\"categories\"><a href=\"https:\/\/drl-agri.com\/fr\/product-category\/moissonneuses-batteuses\/\" rel=\"tag\">Moissonneuses-batteuses<\/a><\/div>\n<\/a><a href=\"https:\/\/drl-agri.com\/fr\/product\/new-holland-tx-66-sl\/\" aria-describedby=\"woocommerce_loop_add_to_cart_link_describedby_9799\" data-quantity=\"1\" class=\"button product_type_simple\" data-product_id=\"9799\" data-product_sku=\"\" aria-label=\"En savoir plus sur &ldquo;(\u00c9puis\u00e9) New Holland TX 66 SL 2005 (\u00c9puis\u00e9)&rdquo;\" rel=\"nofollow\" data-success_message=\"\">Lire la suite<\/a>\t<span id=\"woocommerce_loop_add_to_cart_link_describedby_9799\" class=\"screen-reader-text\">\n\t\t\t<\/span>\n<\/div><\/li>\n\n<li class=\"woo-minimal-style product type-product post-9063 status-publish outofstock product_cat-moissonneuses-batteuses has-post-thumbnail shipping-taxable product-type-simple\">\n<a href=\"https:\/\/drl-agri.com\/fr\/product\/new-holland-cl-560\/\" class=\"woocommerce-LoopProduct-link woocommerce-loop-product__link\"><div class=\"woo-entry-image\"><img loading=\"lazy\" decoding=\"async\" width=\"800\" height=\"800\" src=\"https:\/\/drl-agri.com\/wp-content\/uploads\/2023\/05\/New-Holland-CL-560-1-scaled-1-800x800.jpg\" class=\"attachment-woocommerce_thumbnail size-woocommerce_thumbnail\" alt=\"(\u00c9puis\u00e9) Batteuse New Holland CL 560 (\u00c9puis\u00e9)\" srcset=\"https:\/\/drl-agri.com\/wp-content\/uploads\/2023\/05\/New-Holland-CL-560-1-scaled-1-800x800.jpg 800w, https:\/\/drl-agri.com\/wp-content\/uploads\/2023\/05\/New-Holland-CL-560-1-scaled-1-150x150.jpg 150w, https:\/\/drl-agri.com\/wp-content\/uploads\/2023\/05\/New-Holland-CL-560-1-scaled-1-320x320.jpg 320w\" sizes=\"auto, (max-width: 800px) 100vw, 800px\" \/><\/div><div class=\"woo-entry-wrapper\"><h2 class=\"woocommerce-loop-product__title\">(\u00c9puis\u00e9) Batteuse New Holland CL 560 (\u00c9puis\u00e9)<\/h2>\n<div class=\"categories\"><a href=\"https:\/\/drl-agri.com\/fr\/product-category\/moissonneuses-batteuses\/\" rel=\"tag\">Moissonneuses-batteuses<\/a><\/div>\n<\/a><a href=\"https:\/\/drl-agri.com\/fr\/product\/new-holland-cl-560\/\" aria-describedby=\"woocommerce_loop_add_to_cart_link_describedby_9063\" data-quantity=\"1\" class=\"button product_type_simple\" data-product_id=\"9063\" data-product_sku=\"\" aria-label=\"En savoir plus sur &ldquo;(\u00c9puis\u00e9) Batteuse New Holland CL 560 (\u00c9puis\u00e9)&rdquo;\" rel=\"nofollow\" data-success_message=\"\">Lire la suite<\/a>\t<span id=\"woocommerce_loop_add_to_cart_link_describedby_9063\" class=\"screen-reader-text\">\n\t\t\t<\/span>\n<\/div><\/li>\n\n<li class=\"woo-minimal-style product type-product post-9522 status-publish outofstock product_cat-moissonneuses-batteuses has-post-thumbnail shipping-taxable product-type-simple\">\n<a href=\"https:\/\/drl-agri.com\/fr\/product\/new-holland-cx-8050-sl-2\/\" class=\"woocommerce-LoopProduct-link woocommerce-loop-product__link\"><div class=\"woo-entry-image\"><img loading=\"lazy\" decoding=\"async\" width=\"800\" height=\"800\" src=\"https:\/\/drl-agri.com\/wp-content\/uploads\/2022\/12\/20220811_091517-min-scaled-1-800x800.jpg\" class=\"attachment-woocommerce_thumbnail size-woocommerce_thumbnail\" alt=\"(\u00c9puis\u00e9) New Holland CX 8050 SL\" srcset=\"https:\/\/drl-agri.com\/wp-content\/uploads\/2022\/12\/20220811_091517-min-scaled-1-800x800.jpg 800w, https:\/\/drl-agri.com\/wp-content\/uploads\/2022\/12\/20220811_091517-min-scaled-1-150x150.jpg 150w, https:\/\/drl-agri.com\/wp-content\/uploads\/2022\/12\/20220811_091517-min-scaled-1-320x320.jpg 320w\" sizes=\"auto, (max-width: 800px) 100vw, 800px\" \/><\/div><div class=\"woo-entry-wrapper\"><h2 class=\"woocommerce-loop-product__title\">(\u00c9puis\u00e9) New Holland CX 8050 SL<\/h2>\n<div class=\"categories\"><a href=\"https:\/\/drl-agri.com\/fr\/product-category\/moissonneuses-batteuses\/\" rel=\"tag\">Moissonneuses-batteuses<\/a><\/div>\n<\/a><a href=\"https:\/\/drl-agri.com\/fr\/product\/new-holland-cx-8050-sl-2\/\" aria-describedby=\"woocommerce_loop_add_to_cart_link_describedby_9522\" data-quantity=\"1\" class=\"button product_type_simple\" data-product_id=\"9522\" data-product_sku=\"\" aria-label=\"En savoir plus sur &ldquo;(\u00c9puis\u00e9) New Holland CX 8050 SL&rdquo;\" rel=\"nofollow\" data-success_message=\"\">Lire la suite<\/a>\t<span id=\"woocommerce_loop_add_to_cart_link_describedby_9522\" class=\"screen-reader-text\">\n\t\t\t<\/span>\n<\/div><\/li>\n<\/ul>\n<\/div>[vc_empty_space height=&#8221;200px&#8221;][\/vc_column][\/vc_row]<\/p>\n<\/div>","protected":false},"excerpt":{"rendered":"<p>[vc_row full_width=&#8221;stretch_row&#8221; css=&#8221;.vc_custom_1672321814229{padding-top: 200px !important;padding-bottom: 250px !important;background-image: url(https:\/\/drl-agri.com\/wp-content\/uploads\/2022\/12\/download-scaled-1.webp?id=8159) !important;background-position: center !important;background-repeat: no-repeat !important;background-size: cover !important;}&#8221; el_class=&#8221;under-menu-topbar&#8221;][vc_column offset=&#8221;vc_col-lg-offset-0 vc_col-md-offset-0 vc_col-sm-offset-0 vc_col-xs-offset-2 [&hellip;]<\/p>\n","protected":false},"author":2,"featured_media":0,"parent":8801,"menu_order":0,"comment_status":"closed","ping_status":"closed","template":"","meta":{"footnotes":""},"class_list":["post-8799","page","type-page","status-publish","hentry"],"_links":{"self":[{"href":"https:\/\/drl-agri.com\/fr\/wp-json\/wp\/v2\/pages\/8799","targetHints":{"allow":["GET"]}}],"collection":[{"href":"https:\/\/drl-agri.com\/fr\/wp-json\/wp\/v2\/pages"}],"about":[{"href":"https:\/\/drl-agri.com\/fr\/wp-json\/wp\/v2\/types\/page"}],"author":[{"embeddable":true,"href":"https:\/\/drl-agri.com\/fr\/wp-json\/wp\/v2\/users\/2"}],"replies":[{"embeddable":true,"href":"https:\/\/drl-agri.com\/fr\/wp-json\/wp\/v2\/comments?post=8799"}],"version-history":[{"count":0,"href":"https:\/\/drl-agri.com\/fr\/wp-json\/wp\/v2\/pages\/8799\/revisions"}],"up":[{"embeddable":true,"href":"https:\/\/drl-agri.com\/fr\/wp-json\/wp\/v2\/pages\/8801"}],"wp:attachment":[{"href":"https:\/\/drl-agri.com\/fr\/wp-json\/wp\/v2\/media?parent=8799"}],"curies":[{"name":"wp","href":"https:\/\/api.w.org\/{rel}","templated":true}]}}