{"id":8795,"date":"2022-11-18T10:15:10","date_gmt":"2022-11-18T10:15:10","guid":{"rendered":"https:\/\/beta.drl-agri.com\/tractors\/"},"modified":"2023-09-05T08:18:38","modified_gmt":"2023-09-05T08:18:38","slug":"tracteurs","status":"publish","type":"page","link":"https:\/\/drl-agri.com\/fr\/materiel-doccasion\/tracteurs\/","title":{"rendered":"Tracteurs"},"content":{"rendered":"<div class=\"wpb-content-wrapper\"><p>[vc_row full_width=&#8221;stretch_row&#8221; css=&#8221;.vc_custom_1672333446382{padding-top: 200px !important;padding-bottom: 250px !important;background-image: url(https:\/\/drl-agri.com\/wp-content\/uploads\/2022\/12\/maxresdefault.jpg?id=8276) !important;background-position: center !important;background-repeat: no-repeat !important;background-size: cover !important;}&#8221; el_class=&#8221;under-menu-topbar&#8221;][vc_column offset=&#8221;vc_col-lg-offset-0 vc_col-md-offset-0 vc_col-sm-offset-0 vc_col-xs-offset-2 vc_col-xs-8&#8243;][\/vc_column][\/vc_row][vc_row css=&#8221;.vc_custom_1555661798285{margin-top: -100px !important;padding-top: 70px !important;padding-right: 50px !important;padding-left: 50px !important;background-color: #ffffff !important;}&#8221;][vc_column][vc_row_inner][vc_column_inner][vc_custom_heading text=&#8221;Tracteurs&#8221; font_container=&#8221;tag:h2|font_size:36px|text_align:center|line_height:42px&#8221; use_theme_fonts=&#8221;yes&#8221;][vc_column_text]<\/p>\n<h4 style=\"text-align: center;\"><strong>DRL vous aide \u00e0 trouver les bons tracteurs pour r\u00e9pondre \u00e0 vos besoins agricoles.<\/strong><\/h4>\n<p>[\/vc_column_text][\/vc_column_inner][\/vc_row_inner][\/vc_column][\/vc_row][vc_row css=&#8221;.vc_custom_1672327637605{margin-top: 60px !important;}&#8221;][vc_column]<div class=\"woocommerce columns-4 \"><ul class=\"products columns-4\">\n\n<li class=\"woo-minimal-style product type-product post-10025 status-publish first instock product_cat-tracteurs has-post-thumbnail shipping-taxable product-type-simple\">\n<a href=\"https:\/\/drl-agri.com\/fr\/product\/cnh-boomer-25c\/\" class=\"woocommerce-LoopProduct-link woocommerce-loop-product__link\"><div class=\"woo-entry-image\"><img loading=\"lazy\" decoding=\"async\" width=\"800\" height=\"800\" src=\"https:\/\/drl-agri.com\/wp-content\/uploads\/2024\/09\/20240830_145650-800x800.jpg\" class=\"attachment-woocommerce_thumbnail size-woocommerce_thumbnail\" alt=\"CNH Boomer 25 C\" srcset=\"https:\/\/drl-agri.com\/wp-content\/uploads\/2024\/09\/20240830_145650-800x800.jpg 800w, https:\/\/drl-agri.com\/wp-content\/uploads\/2024\/09\/20240830_145650-150x150.jpg 150w, https:\/\/drl-agri.com\/wp-content\/uploads\/2024\/09\/20240830_145650-320x320.jpg 320w\" sizes=\"auto, (max-width: 800px) 100vw, 800px\" \/><\/div><div class=\"woo-entry-wrapper\"><h2 class=\"woocommerce-loop-product__title\">CNH Boomer 25 C<\/h2>\n<div class=\"categories\"><a href=\"https:\/\/drl-agri.com\/fr\/product-category\/tracteurs\/\" rel=\"tag\">Tracteurs<\/a><\/div>\n<\/a><a href=\"https:\/\/drl-agri.com\/fr\/product\/cnh-boomer-25c\/\" aria-describedby=\"woocommerce_loop_add_to_cart_link_describedby_10025\" data-quantity=\"1\" class=\"button product_type_simple\" data-product_id=\"10025\" data-product_sku=\"\" aria-label=\"En savoir plus sur &ldquo;CNH Boomer 25 C&rdquo;\" rel=\"nofollow\" data-success_message=\"\">Lire la suite<\/a>\t<span id=\"woocommerce_loop_add_to_cart_link_describedby_10025\" class=\"screen-reader-text\">\n\t\t\t<\/span>\n<\/div><\/li>\n\n<li class=\"woo-minimal-style product type-product post-9943 status-publish instock product_cat-tracteurs has-post-thumbnail shipping-taxable product-type-simple\">\n<a href=\"https:\/\/drl-agri.com\/fr\/product\/td3-50-cnh\/\" class=\"woocommerce-LoopProduct-link woocommerce-loop-product__link\"><div class=\"woo-entry-image\"><img loading=\"lazy\" decoding=\"async\" width=\"800\" height=\"768\" src=\"https:\/\/drl-agri.com\/wp-content\/uploads\/2024\/01\/mini_IMG-20240112-WA0003-800x768.jpeg\" class=\"attachment-woocommerce_thumbnail size-woocommerce_thumbnail\" alt=\"Tracteur TD3.50 New Holland\" \/><\/div><div class=\"woo-entry-wrapper\"><h2 class=\"woocommerce-loop-product__title\">Tracteur TD3.50 New Holland<\/h2>\n<div class=\"categories\"><a href=\"https:\/\/drl-agri.com\/fr\/product-category\/tracteurs\/\" rel=\"tag\">Tracteurs<\/a><\/div>\n<\/a><a href=\"https:\/\/drl-agri.com\/fr\/product\/td3-50-cnh\/\" aria-describedby=\"woocommerce_loop_add_to_cart_link_describedby_9943\" data-quantity=\"1\" class=\"button product_type_simple\" data-product_id=\"9943\" data-product_sku=\"\" aria-label=\"En savoir plus sur &ldquo;Tracteur TD3.50 New Holland&rdquo;\" rel=\"nofollow\" data-success_message=\"\">Lire la suite<\/a>\t<span id=\"woocommerce_loop_add_to_cart_link_describedby_9943\" class=\"screen-reader-text\">\n\t\t\t<\/span>\n<\/div><\/li>\n<\/ul>\n<\/div>[vc_empty_space height=&#8221;200px&#8221;][\/vc_column][\/vc_row]<\/p>\n<\/div>","protected":false},"excerpt":{"rendered":"<p>[vc_row full_width=&#8221;stretch_row&#8221; css=&#8221;.vc_custom_1672333446382{padding-top: 200px !important;padding-bottom: 250px !important;background-image: url(https:\/\/drl-agri.com\/wp-content\/uploads\/2022\/12\/maxresdefault.jpg?id=8276) !important;background-position: center !important;background-repeat: no-repeat !important;background-size: cover !important;}&#8221; el_class=&#8221;under-menu-topbar&#8221;][vc_column offset=&#8221;vc_col-lg-offset-0 vc_col-md-offset-0 vc_col-sm-offset-0 vc_col-xs-offset-2 [&hellip;]<\/p>\n","protected":false},"author":2,"featured_media":0,"parent":8801,"menu_order":0,"comment_status":"closed","ping_status":"closed","template":"","meta":{"footnotes":""},"class_list":["post-8795","page","type-page","status-publish","hentry"],"_links":{"self":[{"href":"https:\/\/drl-agri.com\/fr\/wp-json\/wp\/v2\/pages\/8795","targetHints":{"allow":["GET"]}}],"collection":[{"href":"https:\/\/drl-agri.com\/fr\/wp-json\/wp\/v2\/pages"}],"about":[{"href":"https:\/\/drl-agri.com\/fr\/wp-json\/wp\/v2\/types\/page"}],"author":[{"embeddable":true,"href":"https:\/\/drl-agri.com\/fr\/wp-json\/wp\/v2\/users\/2"}],"replies":[{"embeddable":true,"href":"https:\/\/drl-agri.com\/fr\/wp-json\/wp\/v2\/comments?post=8795"}],"version-history":[{"count":0,"href":"https:\/\/drl-agri.com\/fr\/wp-json\/wp\/v2\/pages\/8795\/revisions"}],"up":[{"embeddable":true,"href":"https:\/\/drl-agri.com\/fr\/wp-json\/wp\/v2\/pages\/8801"}],"wp:attachment":[{"href":"https:\/\/drl-agri.com\/fr\/wp-json\/wp\/v2\/media?parent=8795"}],"curies":[{"name":"wp","href":"https:\/\/api.w.org\/{rel}","templated":true}]}}