{"id":8780,"date":"2018-10-22T13:49:53","date_gmt":"2018-10-22T13:49:53","guid":{"rendered":"https:\/\/beta.drl-agri.com\/about\/careers\/"},"modified":"2023-08-29T12:40:44","modified_gmt":"2023-08-29T12:40:44","slug":"carrieres","status":"publish","type":"page","link":"https:\/\/drl-agri.com\/fr\/a-propos-de-nous\/carrieres\/","title":{"rendered":"carri\u00e8res"},"content":{"rendered":"<div class=\"wpb-content-wrapper\"><p>[vc_row full_width=&#8221;stretch_row&#8221; equal_height=&#8221;yes&#8221; content_placement=&#8221;middle&#8221; css=&#8221;.vc_custom_1668937301347{padding-top: 200px !important;padding-bottom: 100px !important;background-color: #f5f5f5 !important;}&#8221;][vc_column width=&#8221;1\/2&#8243; css=&#8221;.vc_custom_1516008233239{padding-right: 0px !important;padding-left: 0px !important;}&#8221;]<header class=\"kd-section-title col-lg-12 text-left  kd-animated fadeIn   vc_custom_1673696184718\" data-animation-delay=200><h2 class=\"separator_off\" >DRL est propuls\u00e9 par ses employ\u00e9s<\/h2><h4 class=\"subtitle \" >Nous croyons en la r\u00e9alisation d'une main-d'\u0153uvre diversifi\u00e9e, multiculturelle et \u00e9quilibr\u00e9e entre les sexes avec une large repr\u00e9sentation<\/h4><\/header>[\/vc_column][vc_column width=&#8221;1\/2&#8243;][vc_single_image image=&#8221;7841&#8243; img_size=&#8221;full&#8221; alignment=&#8221;right&#8221; css_animation=&#8221;top-to-bottom&#8221;][\/vc_column][\/vc_row][vc_row full_width=&#8221;stretch_row&#8221; css=&#8221;.vc_custom_1668922139487{background-color: #f5f5f5 !important;}&#8221;][vc_column css=&#8221;.vc_custom_1516008233239{padding-right: 0px !important;padding-left: 0px !important;}&#8221;][vc_row_inner css=&#8221;.vc_custom_1556020243036{margin-bottom: 30px !important;}&#8221;][vc_column_inner width=&#8221;1\/3&#8243;][vc_single_image image=&#8221;7811&#8243; img_size=&#8221;full&#8221; alignment=&#8221;center&#8221;]<header class=\"kd-section-title col-lg-12 text-left  kd-animated fadeIn   vc_custom_1673696220191\" data-animation-delay=200><h4 class=\"separator_off\" >Qui sommes-nous et que faisons-nous<\/h4><h6 class=\"subtitle \" >Chez DRL, nous sommes fiers de fournir des services conviviaux et professionnels tels que l'expertise et l'assistance, l'entretien et la r\u00e9paration, les conseils via la cartographie et les syst\u00e8mes d'irrigation pour l'industrie agricole.<\/h6><\/header>[\/vc_column_inner][vc_column_inner width=&#8221;1\/3&#8243;][vc_single_image image=&#8221;7816&#8243; img_size=&#8221;full&#8221; alignment=&#8221;center&#8221;]<header class=\"kd-section-title col-lg-12 text-left  kd-animated fadeIn   vc_custom_1673696273389\" data-animation-delay=200><h4 class=\"separator_off\" >Objectif, valeurs et culture<\/h4><h6 class=\"subtitle \" >Notre philosophie est d'\u00eatre reconnu dans l'ensemble de l'industrie comme une entreprise int\u00e8gre avec de v\u00e9ritables pr\u00e9occupations pour le bien-\u00eatre et le bien-\u00eatre de nos clients et employ\u00e9s dans le monde entier.<\/h6><\/header>[\/vc_column_inner][vc_column_inner width=&#8221;1\/3&#8243;][vc_single_image image=&#8221;7819&#8243; img_size=&#8221;full&#8221; alignment=&#8221;center&#8221;]<header class=\"kd-section-title col-lg-12 text-left  kd-animated fadeIn   vc_custom_1673696302766\" data-animation-delay=200><h4 class=\"separator_off\" >Aider les communaut\u00e9s \u00e0 prosp\u00e9rer<\/h4><h6 class=\"subtitle \" >Nous travaillons avec des partenaires et des employ\u00e9s locaux pour offrir des programmes ax\u00e9s sur leur bien-\u00eatre, leur sant\u00e9 et leur \u00e9ducation. Et nous pensons que chacun m\u00e9rite la possibilit\u00e9 de r\u00e9aliser son potentiel.<\/h6><\/header>[\/vc_column_inner][\/vc_row_inner][\/vc_column][\/vc_row][vc_row full_width=&#8221;stretch_row&#8221;][vc_column][vc_row_inner css=&#8221;.vc_custom_1536243977243{padding-top: 100px !important;}&#8221;][vc_column_inner width=&#8221;1\/2&#8243; offset=&#8221;vc_hidden-xs&#8221;]<header class=\"kd-section-title col-lg-12 text-left  kd-animated fadeIn  \" data-animation-delay=200><h2 class=\"separator_off\" >Faites partie de nous ?<\/h2><h4 class=\"subtitle \" >Une v\u00e9ritable force derri\u00e8re le succ\u00e8s de DRL<\/h4><\/header>[vc_empty_space height=&#8221;15px&#8221;][vc_column_text]Soumettez votre candidature et elle sera utilis\u00e9e pour \u00e9valuer votre \u00e9ligibilit\u00e9 et votre aptitude \u00e0 l&#8217;emploi. C&#8217;est votre chance de raconter votre histoire d&#8217;une mani\u00e8re qui d\u00e9montre que vous \u00eates le meilleur candidat pour le poste.[\/vc_column_text][\/vc_column_inner][vc_column_inner width=&#8221;1\/2&#8243;]<div class=\"kd-contact-form full-width-cf\" >\n<div class=\"wpcf7 no-js\" id=\"wpcf7-f9478-o1\" lang=\"en-US\" dir=\"ltr\" data-wpcf7-id=\"9478\">\n<div class=\"screen-reader-response\"><p role=\"status\" aria-live=\"polite\" aria-atomic=\"true\"><\/p> <ul><\/ul><\/div>\n<form action=\"\/fr\/wp-json\/wp\/v2\/pages\/8780#wpcf7-f9478-o1\" method=\"post\" class=\"wpcf7-form init\" aria-label=\"Contact form\" enctype=\"multipart\/form-data\" novalidate=\"novalidate\" data-status=\"init\">\n<fieldset class=\"hidden-fields-container\"><input type=\"hidden\" name=\"_wpcf7\" value=\"9478\" \/><input type=\"hidden\" name=\"_wpcf7_version\" value=\"6.1.5\" \/><input type=\"hidden\" name=\"_wpcf7_locale\" value=\"en_US\" \/><input type=\"hidden\" name=\"_wpcf7_unit_tag\" value=\"wpcf7-f9478-o1\" \/><input type=\"hidden\" name=\"_wpcf7_container_post\" value=\"0\" \/><input type=\"hidden\" name=\"_wpcf7_posted_data_hash\" value=\"\" \/><input type=\"hidden\" name=\"_wpcf7_recaptcha_response\" value=\"\" \/>\n<\/fieldset>\n<p><span class=\"wpcf7-form-control-wrap\" data-name=\"first-name\"><input size=\"40\" maxlength=\"400\" class=\"wpcf7-form-control wpcf7-text wpcf7-validates-as-required\" aria-required=\"true\" aria-invalid=\"false\" placeholder=\"Nom\" value=\"\" type=\"text\" name=\"first-name\" \/><\/span><br \/>\n<span class=\"wpcf7-form-control-wrap\" data-name=\"your-phone\"><input size=\"40\" maxlength=\"400\" class=\"wpcf7-form-control wpcf7-tel wpcf7-validates-as-required wpcf7-text wpcf7-validates-as-tel\" aria-required=\"true\" aria-invalid=\"false\" placeholder=\"T\u00e9l\u00e9phone\" value=\"\" type=\"tel\" name=\"your-phone\" \/><\/span><br \/>\n<span class=\"wpcf7-form-control-wrap\" data-name=\"your-email\"><input size=\"40\" maxlength=\"400\" class=\"wpcf7-form-control wpcf7-email wpcf7-validates-as-required wpcf7-text wpcf7-validates-as-email\" aria-required=\"true\" aria-invalid=\"false\" placeholder=\"Adresse e-mail\" value=\"\" type=\"email\" name=\"your-email\" \/><\/span><br \/>\n<span class=\"wpcf7-form-control-wrap\" data-name=\"country\"><input size=\"40\" maxlength=\"400\" class=\"wpcf7-form-control wpcf7-text wpcf7-validates-as-required\" aria-required=\"true\" aria-invalid=\"false\" placeholder=\"Pays\" value=\"\" type=\"text\" name=\"country\" \/><\/span><br \/>\n<span class=\"wpcf7-form-control-wrap\" data-name=\"subject\"><input size=\"40\" maxlength=\"400\" class=\"wpcf7-form-control wpcf7-text wpcf7-validates-as-required\" aria-required=\"true\" aria-invalid=\"false\" placeholder=\"Profession\" value=\"\" type=\"text\" name=\"subject\" \/><\/span><br \/>\n<span class=\"wpcf7-form-control-wrap\" data-name=\"file-705\"><input size=\"40\" class=\"wpcf7-form-control wpcf7-file wpcf7-validates-as-required\" accept=\".pdf,.doc,.docx,.jpg,.jpeg,.png\" aria-required=\"true\" aria-invalid=\"false\" type=\"file\" name=\"file-705\" \/><\/span><br \/>\n<hr \/><br \/>\n<span class=\"wpcf7-form-control-wrap\" data-name=\"acceptance-925\"><span class=\"wpcf7-form-control wpcf7-acceptance\"><span class=\"wpcf7-list-item\"><label><input type=\"checkbox\" name=\"acceptance-925\" value=\"1\" aria-invalid=\"false\" \/><span class=\"wpcf7-list-item-label\">En utilisant ce formulaire, vous acceptez le stockage et le traitement de vos donn\u00e9es par ce site Web. Veuillez lire la <a href=\"https:\/\/drl-agri.com\/fr\/politique-de-confidentialit\u00e9\" target=\"_blank\" rel=\"noopener\">politique de confidentialit\u00e9<\/a><\/span><\/label><\/span><\/span><\/span>\n<\/p>\n<p><input class=\"wpcf7-form-control wpcf7-submit has-spinner\" type=\"submit\" value=\"appliquer\" \/>\n<\/p><div class=\"wpcf7-response-output\" aria-hidden=\"true\"><\/div>\n<\/form>\n<\/div>\n<\/div>[\/vc_column_inner][\/vc_row_inner][vc_row_inner css=&#8221;.vc_custom_1536243815259{padding-bottom: 100px !important;}&#8221;][vc_column_inner css=&#8221;.vc_custom_1536243836394{padding-right: 10px !important;}&#8221;][\/vc_column_inner][\/vc_row_inner][\/vc_column][\/vc_row]<\/p>\n<\/div>","protected":false},"excerpt":{"rendered":"<p>[vc_row full_width=&#8221;stretch_row&#8221; equal_height=&#8221;yes&#8221; content_placement=&#8221;middle&#8221; css=&#8221;.vc_custom_1668937301347{padding-top: 200px !important;padding-bottom: 100px !important;background-color: #f5f5f5 !important;}&#8221;][vc_column width=&#8221;1\/2&#8243; css=&#8221;.vc_custom_1516008233239{padding-right: 0px !important;padding-left: 0px !important;}&#8221;][\/vc_column][vc_column width=&#8221;1\/2&#8243;][vc_single_image image=&#8221;7841&#8243; img_size=&#8221;full&#8221; [&hellip;]<\/p>\n","protected":false},"author":2,"featured_media":0,"parent":8766,"menu_order":0,"comment_status":"closed","ping_status":"closed","template":"","meta":{"footnotes":""},"class_list":["post-8780","page","type-page","status-publish","hentry"],"_links":{"self":[{"href":"https:\/\/drl-agri.com\/fr\/wp-json\/wp\/v2\/pages\/8780","targetHints":{"allow":["GET"]}}],"collection":[{"href":"https:\/\/drl-agri.com\/fr\/wp-json\/wp\/v2\/pages"}],"about":[{"href":"https:\/\/drl-agri.com\/fr\/wp-json\/wp\/v2\/types\/page"}],"author":[{"embeddable":true,"href":"https:\/\/drl-agri.com\/fr\/wp-json\/wp\/v2\/users\/2"}],"replies":[{"embeddable":true,"href":"https:\/\/drl-agri.com\/fr\/wp-json\/wp\/v2\/comments?post=8780"}],"version-history":[{"count":0,"href":"https:\/\/drl-agri.com\/fr\/wp-json\/wp\/v2\/pages\/8780\/revisions"}],"up":[{"embeddable":true,"href":"https:\/\/drl-agri.com\/fr\/wp-json\/wp\/v2\/pages\/8766"}],"wp:attachment":[{"href":"https:\/\/drl-agri.com\/fr\/wp-json\/wp\/v2\/media?parent=8780"}],"curies":[{"name":"wp","href":"https:\/\/api.w.org\/{rel}","templated":true}]}}