{"id":8779,"date":"2018-10-22T13:48:22","date_gmt":"2018-10-22T13:48:22","guid":{"rendered":"https:\/\/beta.drl-agri.com\/about\/contact-drl\/"},"modified":"2025-01-01T23:48:37","modified_gmt":"2025-01-01T23:48:37","slug":"contacter-drl","status":"publish","type":"page","link":"https:\/\/drl-agri.com\/fr\/a-propos-de-nous\/contacter-drl\/","title":{"rendered":"Contacter DRL"},"content":{"rendered":"<div class=\"wpb-content-wrapper\"><p>[vc_row full_width=&#8221;stretch_row&#8221; css=&#8221;.vc_custom_1668840679131{padding-top: 200px !important;background-color: #f5f5f5 !important;}&#8221;][vc_column css=&#8221;.vc_custom_1555664781539{padding-right: 0px !important;padding-left: 0px !important;}&#8221;]<header class=\"kd-section-title col-lg-12 text-left    \" ><h2 class=\"separator_off\" >Bienvenue sur la page d'assistance de DRL!<\/h2><h4 class=\"subtitle \" >Nous sommes heureux de r\u00e9pondre \u00e0 toutes vos questions.<\/h4><\/header>[vc_column_text]Vous ne trouvez pas ce dont vous avez besoin ? Contactez notre repr\u00e9sentant du service client.[\/vc_column_text][vc_row_inner css=&#8221;.vc_custom_1555664968490{padding-top: 100px !important;padding-bottom: 70px !important;}&#8221;][vc_column_inner width=&#8221;1\/3&#8243;]<div class=\"cb-container cb-cont-left\" style=\"background-color:#fff;\" ><a href=\"https:\/\/maps.google.com\/maps?ll=50.381944,4.77028&z=12&t=h&hl=en&gl=US&mapclient=embed&q=Rue%20Louis%20Bertulot%209%205170%20Profondeville%20Belgium\" target=\"_blank\"><div class=\"cb-img-area\"><i class=\"fas fa-building\" style=\" \"><\/i> <\/div><div class=\"cb-text-area\">\n                    <h4 class=\"cb-heading \" >Bureau principal<\/h4><p >Rue Louis Bertulot 9<br \/>\n5170 Lesve, Profondeville<br \/>\nBelgium<\/p><\/div><\/a><\/div>[\/vc_column_inner][vc_column_inner width=&#8221;1\/3&#8243;]<div class=\"cb-container cb-cont-left\" style=\"background-color:#fff;\" ><a href=\"tel:+32475247675\" target=\"\"><div class=\"cb-img-area\"><i class=\"fas fa-phone-volume\" style=\" \"><\/i> <\/div><div class=\"cb-text-area\">\n                    <h4 class=\"cb-heading \" >Contactez-nous par t\u00e9l\u00e9phone.<\/h4><p >Linard Alain: +32 (0) 475 247 675<br \/>\nRenier Marc:  +32 (0) 475 453 879<\/p><\/div><\/a><\/div>[\/vc_column_inner][vc_column_inner width=&#8221;1\/3&#8243;]<div class=\"cb-container cb-cont-left\" style=\"background-color:#fff;\" ><a href=\"mailto:d.r.l@skynet.be\" target=\"\"><div class=\"cb-img-area\"><i class=\"far fa-envelope\" style=\" \"><\/i> <\/div><div class=\"cb-text-area\">\n                    <h4 class=\"cb-heading \" >Obtenez plus d'informations rapidement.<\/h4><p >Linard Alain: d.r.l@skynet.be<br \/>\nRenier Marc: marc.renier@drl-agri.be<br \/>\nMme Jonet Sonia: secretariat@drl-agri.be<\/p><\/div><\/a><\/div>[\/vc_column_inner][\/vc_row_inner][\/vc_column][\/vc_row][vc_row full_width=&#8221;stretch_row&#8221;][vc_column css=&#8221;.vc_custom_1516095665984{padding-right: 0px !important;padding-left: 0px !important;}&#8221;][vc_row_inner css=&#8221;.vc_custom_1556019873852{padding-bottom: 0px !important;}&#8221;][vc_column_inner width=&#8221;1\/2&#8243; css=&#8221;.vc_custom_1519832372870{padding-bottom: 100px !important;padding-left: 15px !important;}&#8221; offset=&#8221;vc_col-lg-6 vc_col-md-12&#8243;][vc_gmaps link=&#8221;#E-8_JTNDaWZyYW1lJTIwc3JjJTNEJTIyaHR0cHMlM0ElMkYlMkZ3d3cuZ29vZ2xlLmNvbSUyRm1hcHMlMkZlbWJlZCUzRnBiJTNEJTIxMW0xNCUyMTFtOCUyMTFtMyUyMTFkMzg3NDUuNjU4NzI5MDU5NzIlMjEyZDQuNzcwMjglMjEzZDUwLjM4MTk0NCUyMTNtMiUyMTFpMTAyNCUyMTJpNzY4JTIxNGYxMy4xJTIxM20zJTIxMW0yJTIxMXMweDQ3YzE5MDUxYzlmYTQ5M2YlMjUzQTB4ZDQ3MzJkNjYzOWE5ZmI4NiUyMTJzUnVlJTI1MjBMb3VpcyUyNTIwQmVydHVsb3QlMjUyMDklMjUyQyUyNTIwNTE3MCUyNTIwUHJvZm9uZGV2aWxsZSUyNTJDJTI1MjBCZWxnaXVtJTIxNWUxJTIxM20yJTIxMXNlbiUyMTJzdXMlMjE0djE2Njg4Mzc3ODEyODMlMjE1bTIlMjExc2VuJTIxMnN1cyUyMiUyMHdpZHRoJTNEJTIyNjAwJTIyJTIwaGVpZ2h0JTNEJTIyNDUwJTIyJTIwc3R5bGUlM0QlMjJib3JkZXIlM0EwJTNCJTIyJTIwYWxsb3dmdWxsc2NyZWVuJTNEJTIyJTIyJTIwbG9hZGluZyUzRCUyMmxhenklMjIlMjByZWZlcnJlcnBvbGljeSUzRCUyMm5vLXJlZmVycmVyLXdoZW4tZG93bmdyYWRlJTIyJTNFJTNDJTJGaWZyYW1lJTNF&#8221;][\/vc_column_inner][vc_column_inner width=&#8221;1\/2&#8243; css=&#8221;.vc_custom_1519832395134{padding-right: 15px !important;padding-bottom: 50px !important;padding-left: 80px !important;}&#8221; offset=&#8221;vc_col-lg-6 vc_col-md-12&#8243;]<header class=\"kd-section-title col-lg-12 text-left    \" ><h2 class=\"separator_off\" >Envoie-nous un message<\/h2><h6 class=\"subtitle \" >Utilisez le formulaire de contact rapide ci-dessous.<\/h6><\/header>[vc_column_text]Merci de votre int\u00e9r\u00eat pour DRL Agri. Veuillez utiliser ce formulaire si vous avez des questions sur nos produits ou services. Nous vous r\u00e9pondrons d\u00e8s que possible.[\/vc_column_text][vc_empty_space height=&#8221;10px&#8221;]<div class=\"kd-contact-form full-width-cf white-input-bg\" >\n<div class=\"wpcf7 no-js\" id=\"wpcf7-f9477-o1\" lang=\"en-US\" dir=\"ltr\" data-wpcf7-id=\"9477\">\n<div class=\"screen-reader-response\"><p role=\"status\" aria-live=\"polite\" aria-atomic=\"true\"><\/p> <ul><\/ul><\/div>\n<form action=\"\/fr\/wp-json\/wp\/v2\/pages\/8779#wpcf7-f9477-o1\" method=\"post\" class=\"wpcf7-form init\" aria-label=\"Contact form\" novalidate=\"novalidate\" data-status=\"init\">\n<fieldset class=\"hidden-fields-container\"><input type=\"hidden\" name=\"_wpcf7\" value=\"9477\" \/><input type=\"hidden\" name=\"_wpcf7_version\" value=\"6.1.5\" \/><input type=\"hidden\" name=\"_wpcf7_locale\" value=\"en_US\" \/><input type=\"hidden\" name=\"_wpcf7_unit_tag\" value=\"wpcf7-f9477-o1\" \/><input type=\"hidden\" name=\"_wpcf7_container_post\" value=\"0\" \/><input type=\"hidden\" name=\"_wpcf7_posted_data_hash\" value=\"\" \/><input type=\"hidden\" name=\"_wpcf7_recaptcha_response\" value=\"\" \/>\n<\/fieldset>\n<p><span class=\"wpcf7-form-control-wrap\" data-name=\"first-name\"><input size=\"40\" maxlength=\"400\" class=\"wpcf7-form-control wpcf7-text wpcf7-validates-as-required\" aria-required=\"true\" aria-invalid=\"false\" placeholder=\"Nom\" value=\"\" type=\"text\" name=\"first-name\" \/><\/span><br \/>\n<span class=\"wpcf7-form-control-wrap\" data-name=\"your-phone\"><input size=\"40\" maxlength=\"400\" class=\"wpcf7-form-control wpcf7-tel wpcf7-validates-as-required wpcf7-text wpcf7-validates-as-tel\" aria-required=\"true\" aria-invalid=\"false\" placeholder=\"T\u00e9l\u00e9phone\" value=\"\" type=\"tel\" name=\"your-phone\" \/><\/span><br \/>\n<span class=\"wpcf7-form-control-wrap\" data-name=\"your-email\"><input size=\"40\" maxlength=\"400\" class=\"wpcf7-form-control wpcf7-email wpcf7-validates-as-required wpcf7-text wpcf7-validates-as-email\" aria-required=\"true\" aria-invalid=\"false\" placeholder=\"Adresse e-mail\" value=\"\" type=\"email\" name=\"your-email\" \/><\/span><br \/>\n<span class=\"wpcf7-form-control-wrap\" data-name=\"country\"><input size=\"40\" maxlength=\"400\" class=\"wpcf7-form-control wpcf7-text wpcf7-validates-as-required\" aria-required=\"true\" aria-invalid=\"false\" placeholder=\"Pays\" value=\"\" type=\"text\" name=\"country\" \/><\/span><br \/>\n<span class=\"wpcf7-form-control-wrap\" data-name=\"textarea-596\"><textarea cols=\"40\" rows=\"10\" maxlength=\"2000\" class=\"wpcf7-form-control wpcf7-textarea wpcf7-validates-as-required\" aria-required=\"true\" aria-invalid=\"false\" placeholder=\"Message\" name=\"textarea-596\"><\/textarea><\/span><br \/>\n<span class=\"wpcf7-form-control-wrap\" data-name=\"acceptance-925\"><span class=\"wpcf7-form-control wpcf7-acceptance\"><span class=\"wpcf7-list-item\"><label><input type=\"checkbox\" name=\"acceptance-925\" value=\"1\" aria-invalid=\"false\" \/><span class=\"wpcf7-list-item-label\">En utilisant ce formulaire, vous acceptez le stockage et le traitement de vos donn\u00e9es par ce site Web. Veuillez lire la <a href=\"https:\/\/drl-agri.com\/fr\/politique-de-confidentialit\u00e9\" target=\"_blank\" rel=\"noopener\">politique de confidentialit\u00e9<\/a><\/span><\/label><\/span><\/span><\/span>\n<\/p>\n<p><input class=\"wpcf7-form-control wpcf7-submit has-spinner\" type=\"submit\" value=\"envoyer\" \/>\n<\/p><div class=\"wpcf7-response-output\" aria-hidden=\"true\"><\/div>\n<\/form>\n<\/div>\n<\/div>[\/vc_column_inner][\/vc_row_inner][\/vc_column][\/vc_row][vc_row][vc_column][\/vc_column][\/vc_row]<\/p>\n<\/div>","protected":false},"excerpt":{"rendered":"<p>[vc_row full_width=&#8221;stretch_row&#8221; css=&#8221;.vc_custom_1668840679131{padding-top: 200px !important;background-color: #f5f5f5 !important;}&#8221;][vc_column css=&#8221;.vc_custom_1555664781539{padding-right: 0px !important;padding-left: 0px !important;}&#8221;][vc_column_text]Vous ne trouvez pas ce dont vous avez besoin [&hellip;]<\/p>\n","protected":false},"author":2,"featured_media":0,"parent":8766,"menu_order":0,"comment_status":"closed","ping_status":"closed","template":"","meta":{"footnotes":""},"class_list":["post-8779","page","type-page","status-publish","hentry"],"_links":{"self":[{"href":"https:\/\/drl-agri.com\/fr\/wp-json\/wp\/v2\/pages\/8779","targetHints":{"allow":["GET"]}}],"collection":[{"href":"https:\/\/drl-agri.com\/fr\/wp-json\/wp\/v2\/pages"}],"about":[{"href":"https:\/\/drl-agri.com\/fr\/wp-json\/wp\/v2\/types\/page"}],"author":[{"embeddable":true,"href":"https:\/\/drl-agri.com\/fr\/wp-json\/wp\/v2\/users\/2"}],"replies":[{"embeddable":true,"href":"https:\/\/drl-agri.com\/fr\/wp-json\/wp\/v2\/comments?post=8779"}],"version-history":[{"count":0,"href":"https:\/\/drl-agri.com\/fr\/wp-json\/wp\/v2\/pages\/8779\/revisions"}],"up":[{"embeddable":true,"href":"https:\/\/drl-agri.com\/fr\/wp-json\/wp\/v2\/pages\/8766"}],"wp:attachment":[{"href":"https:\/\/drl-agri.com\/fr\/wp-json\/wp\/v2\/media?parent=8779"}],"curies":[{"name":"wp","href":"https:\/\/api.w.org\/{rel}","templated":true}]}}