{"id":8773,"date":"2022-11-18T10:15:40","date_gmt":"2022-11-18T10:15:40","guid":{"rendered":"https:\/\/beta.drl-agri.com\/guidance-mapping\/"},"modified":"2023-08-29T10:11:31","modified_gmt":"2023-08-29T10:11:31","slug":"guidage-cartographie","status":"publish","type":"page","link":"https:\/\/drl-agri.com\/fr\/gestion-de-culture\/guidage-cartographie\/","title":{"rendered":"Guidage &#038; Cartographie"},"content":{"rendered":"<div class=\"wpb-content-wrapper\"><p>[vc_row full_width=&#8221;stretch_row&#8221; css=&#8221;.vc_custom_1670582377707{padding-top: 250px !important;padding-bottom: 250px !important;background-image: url(https:\/\/drl-agri.com\/wp-content\/uploads\/2022\/12\/Ebc7rF5XgAMoovb.jpg?id=7965) !important;background-position: center !important;background-repeat: no-repeat !important;background-size: cover !important;}&#8221; el_class=&#8221;under-menu-topbar&#8221;][vc_column offset=&#8221;vc_col-lg-offset-0 vc_col-md-offset-0 vc_col-sm-offset-0 vc_col-xs-offset-2 vc_col-xs-8&#8243;][\/vc_column][\/vc_row][vc_row css=&#8221;.vc_custom_1555661798285{margin-top: -100px !important;padding-top: 70px !important;padding-right: 50px !important;padding-left: 50px !important;background-color: #ffffff !important;}&#8221;][vc_column][vc_row_inner][vc_column_inner width=&#8221;1\/2&#8243;][vc_custom_heading text=&#8221;Apprenez \u00e0 conna\u00eetre ce dont votre culture a besoin et o\u00f9 elle en a besoin&#8221; font_container=&#8221;tag:h2|font_size:36px|text_align:left|line_height:42px&#8221; use_theme_fonts=&#8221;yes&#8221;]<header class=\"kd-section-title col-lg-12 text-left    \" ><h4 class=\"subtitle \" >Vous aider \u00e0 surveiller vos terres et vos cultures<\/h4><\/header>[vc_column_text]Notre partenaire CSMT a d\u00e9velopp\u00e9 une technologie qui collecte des donn\u00e9es et les rassemble dans une carte d&#8217;ensemble, o\u00f9 vous pouvez facilement voir l&#8217;\u00e9tat de votre culture et rep\u00e9rer les probl\u00e8mes de croissance potentiels.<\/p>\n<p>Notre technologie vous permet de r\u00e9agir rapidement \u00e0 ces probl\u00e8mes et d&#8217;appliquer le traitement dont vos cultures ont besoin d\u00e8s qu&#8217;elles en ont besoin, et exactement &#8211; et uniquement &#8211; l\u00e0 o\u00f9 elles en ont besoin.[\/vc_column_text][\/vc_column_inner][vc_column_inner width=&#8221;1\/2&#8243;][vc_column_text]<\/p>\n<div style=\"width: 1280px;\" class=\"wp-video\"><video class=\"wp-video-shortcode\" id=\"video-8773-1\" width=\"1280\" height=\"720\" preload=\"metadata\" controls=\"controls\"><source type=\"video\/mp4\" src=\"https:\/\/drl-agri.com\/wp-content\/uploads\/2022\/11\/CSMT-Agri.mp4?_=1\" \/><a href=\"https:\/\/drl-agri.com\/wp-content\/uploads\/2022\/11\/CSMT-Agri.mp4\">https:\/\/drl-agri.com\/wp-content\/uploads\/2022\/11\/CSMT-Agri.mp4<\/a><\/video><\/div>\n<p><span style=\"color: #ff0000;\"><strong>Regardez la vid\u00e9o pour avoir un aper\u00e7u rapide<\/strong><\/span>[\/vc_column_text][\/vc_column_inner][\/vc_row_inner][\/vc_column][\/vc_row][vc_row full_width=&#8221;stretch_row&#8221; equal_height=&#8221;yes&#8221; content_placement=&#8221;middle&#8221; css=&#8221;.vc_custom_1670741854420{margin-top: 50px !important;padding-bottom: 80px !important;}&#8221;][vc_column][vc_row_inner equal_height=&#8221;yes&#8221; content_placement=&#8221;middle&#8221;][vc_column_inner width=&#8221;1\/2&#8243;]<header class=\"kd-section-title col-lg-12 text-left    \" ><h2 class=\"separator_off\" style=\"font-size: 36px;line-height: 42px;\">Automatisez le flux de travail agricole avec les technologies de navigation intelligentes<\/h2><\/header>[vc_column_text]Le syst\u00e8me de navigation de DRL optimis\u00e9 par la division Agriculture d&#8217;Hexagon fournit des technologies qui convertissent les donn\u00e9es en informations intelligentes qui permettent une planification intelligente, une ex\u00e9cution efficace, des commandes pr\u00e9cises de la machine et des flux de travail automatis\u00e9s qui optimisent les op\u00e9rations et augmentent les b\u00e9n\u00e9fices.[\/vc_column_text][\/vc_column_inner][vc_column_inner width=&#8221;1\/2&#8243;][vc_single_image image=&#8221;7973&#8243; img_size=&#8221;full&#8221; alignment=&#8221;center&#8221;][\/vc_column_inner][\/vc_row_inner][\/vc_column][\/vc_row][vc_row full_width=&#8221;stretch_row_content_no_spaces&#8221; css=&#8221;.vc_custom_1670742976965{margin-top: 50px !important;padding-bottom: 0px !important;}&#8221;][vc_column][vc_single_image image=&#8221;7968&#8243; img_size=&#8221;full&#8221; alignment=&#8221;center&#8221;][\/vc_column][\/vc_row][vc_row full_width=&#8221;stretch_row&#8221; css=&#8221;.vc_custom_1555684303434{padding-top: 100px !important;padding-bottom: 70px !important;background-color: #f5f5f5 !important;}&#8221;][vc_column][vc_row_inner][vc_column_inner width=&#8221;1\/2&#8243;][vc_single_image image=&#8221;7986&#8243; img_size=&#8221;medium&#8221;]<header class=\"kd-section-title col-lg-12 text-left     vc_custom_1673701664267\" ><h2 class=\"separator_off\" style=\"font-size: 30px;line-height: 42px;\">Syst\u00e8mes de navigation<\/h2><\/header>[vc_column_text css=&#8221;.vc_custom_1673701694212{margin-top: 10px !important;}&#8221;]Les syst\u00e8mes de navigation de DRL guident et maintiennent le positionnement de la machine \u00e0 l&#8217;aide de fl\u00e8ches et de lignes de direction virtuelles auxquelles l&#8217;op\u00e9rateur peut se r\u00e9f\u00e9rer &#8211; dans le but de maintenir l&#8217;alignement pr\u00e9vu et d&#8217;obtenir une vitesse, une fonctionnalit\u00e9 et une qualit\u00e9 accrues.<\/p>\n<ul>\n<li>Optimise la zone de travail<\/li>\n<li>Meilleur alignement de la machine<\/li>\n<li>Automatise les op\u00e9rations<\/li>\n<li>Agilit\u00e9 op\u00e9rationnelle<\/li>\n<\/ul>\n<p>[\/vc_column_text][\/vc_column_inner][vc_column_inner width=&#8221;1\/2&#8243;][vc_single_image image=&#8221;7988&#8243; img_size=&#8221;medium&#8221;]<header class=\"kd-section-title col-lg-12 text-left     vc_custom_1673701713498\" ><h2 class=\"separator_off\" style=\"font-size: 30px;line-height: 42px;\">Syst\u00e8me de contr\u00f4le de pulv\u00e9risation<\/h2><\/header>[vc_column_text css=&#8221;.vc_custom_1673701734803{margin-top: 10px !important;}&#8221;]Notre syst\u00e8me de contr\u00f4le de la pulv\u00e9risation cibl\u00e9e contr\u00f4le automatiquement chaque section de pulv\u00e9risation et minimise le chevauchement des entr\u00e9es, \u00e9vitant ainsi les exc\u00e8s et les \u00e9checs d&#8217;application. Il dispose \u00e9galement d&#8217;un contr\u00f4leur de d\u00e9bit de pulv\u00e9risation pour le d\u00e9bit appliqu\u00e9 et garantit un dosage d&#8217;entr\u00e9e optimal\u00a0; m\u00eame si les vitesses des op\u00e9rations de la machine varient.<\/p>\n<ul>\n<li>Minimise les chevauchements dans l&#8217;application d&#8217;entr\u00e9e<\/li>\n<li>Optimise les applications d&#8217;entr\u00e9e<\/li>\n<li>R\u00e9duit le nombre de semis endommag\u00e9s<\/li>\n<li>Augmente la productivit\u00e9<\/li>\n<\/ul>\n<p>[\/vc_column_text][\/vc_column_inner][\/vc_row_inner][\/vc_column][\/vc_row][vc_row full_width=&#8221;stretch_row&#8221; css=&#8221;.vc_custom_1670746121613{padding-top: 65px !important;}&#8221;][vc_column][vc_row_inner css=&#8221;.vc_custom_1670746131796{border-top-width: 50px !important;padding-bottom: 100px !important;}&#8221;][vc_column_inner width=&#8221;1\/4&#8243;][\/vc_column_inner][vc_column_inner width=&#8221;1\/2&#8243;]<header class=\"kd-section-title col-lg-12 text-center  kd-animated fadeIn  \" data-animation-delay=200><h2 class=\"separator_off\" style=\"font-size: 36px;line-height: 42px;\">Besoin d'une solution pour cibler vos applications produit?<\/h2><h6 class=\"subtitle \" >Associez la technologie de notre partenaire CSMT Singapour \u00e0 des syst\u00e8mes de navigation modernes : encodez les donn\u00e9es collect\u00e9es par NDVI dans votre GPS pour garantir la pr\u00e9cision de vos applications de produits : automatiques, elles sont cibl\u00e9es et r\u00e9gul\u00e9es en fonction des besoins vari\u00e9s de votre culture.<\/h6><\/header>[vc_empty_space height=&#8221;15px&#8221;]<a  href=\"https:\/\/drl-agri.com\/fr\/a-propos-de-nous\/contacter-drl\/\"  target=\"_self\"  title=\"Contact DRL\" class=\"tt_button tt_primary_button btn_primary_color  button-center button-action-link  kd-animated zoomIn\" data-animation-delay=200><span class=\"prim_text\">Nous contacter<\/span><\/a>[\/vc_column_inner][vc_column_inner width=&#8221;1\/4&#8243;][\/vc_column_inner][\/vc_row_inner][\/vc_column][\/vc_row]<\/p>\n<\/div>","protected":false},"excerpt":{"rendered":"<p>[vc_row full_width=&#8221;stretch_row&#8221; css=&#8221;.vc_custom_1670582377707{padding-top: 250px !important;padding-bottom: 250px !important;background-image: url(https:\/\/drl-agri.com\/wp-content\/uploads\/2022\/12\/Ebc7rF5XgAMoovb.jpg?id=7965) !important;background-position: center !important;background-repeat: no-repeat !important;background-size: cover !important;}&#8221; el_class=&#8221;under-menu-topbar&#8221;][vc_column offset=&#8221;vc_col-lg-offset-0 vc_col-md-offset-0 vc_col-sm-offset-0 vc_col-xs-offset-2 [&hellip;]<\/p>\n","protected":false},"author":2,"featured_media":0,"parent":8774,"menu_order":0,"comment_status":"closed","ping_status":"closed","template":"","meta":{"footnotes":""},"class_list":["post-8773","page","type-page","status-publish","hentry"],"_links":{"self":[{"href":"https:\/\/drl-agri.com\/fr\/wp-json\/wp\/v2\/pages\/8773","targetHints":{"allow":["GET"]}}],"collection":[{"href":"https:\/\/drl-agri.com\/fr\/wp-json\/wp\/v2\/pages"}],"about":[{"href":"https:\/\/drl-agri.com\/fr\/wp-json\/wp\/v2\/types\/page"}],"author":[{"embeddable":true,"href":"https:\/\/drl-agri.com\/fr\/wp-json\/wp\/v2\/users\/2"}],"replies":[{"embeddable":true,"href":"https:\/\/drl-agri.com\/fr\/wp-json\/wp\/v2\/comments?post=8773"}],"version-history":[{"count":0,"href":"https:\/\/drl-agri.com\/fr\/wp-json\/wp\/v2\/pages\/8773\/revisions"}],"up":[{"embeddable":true,"href":"https:\/\/drl-agri.com\/fr\/wp-json\/wp\/v2\/pages\/8774"}],"wp:attachment":[{"href":"https:\/\/drl-agri.com\/fr\/wp-json\/wp\/v2\/media?parent=8773"}],"curies":[{"name":"wp","href":"https:\/\/api.w.org\/{rel}","templated":true}]}}