{"id":8771,"date":"2022-11-18T10:15:40","date_gmt":"2022-11-18T10:15:40","guid":{"rendered":"https:\/\/beta.drl-agri.com\/weather-data-logger\/"},"modified":"2023-08-29T10:13:32","modified_gmt":"2023-08-29T10:13:32","slug":"meteo-de-precision","status":"publish","type":"page","link":"https:\/\/drl-agri.com\/fr\/gestion-de-culture\/meteo-de-precision\/","title":{"rendered":"M\u00e9t\u00e9o de pr\u00e9cision"},"content":{"rendered":"<div class=\"wpb-content-wrapper\"><p>[vc_row full_width=&#8221;stretch_row&#8221; css=&#8221;.vc_custom_1670828604504{padding-top: 150px !important;padding-bottom: 250px !important;background-image: url(https:\/\/drl-agri.com\/wp-content\/uploads\/2022\/12\/Weather-Data-Logger-DRL-Agri.jpg?id=8069) !important;background-position: center !important;background-repeat: no-repeat !important;background-size: cover !important;}&#8221; el_class=&#8221;under-menu-topbar&#8221;][vc_column offset=&#8221;vc_col-lg-offset-0 vc_col-md-offset-0 vc_col-sm-offset-0 vc_col-xs-offset-2 vc_col-xs-8&#8243;][\/vc_column][\/vc_row][vc_row equal_height=&#8221;yes&#8221; content_placement=&#8221;middle&#8221; css=&#8221;.vc_custom_1670829340562{margin-top: -100px !important;padding-top: 70px !important;padding-right: 50px !important;padding-left: 50px !important;background-color: #ffffff !important;}&#8221;][vc_column][vc_row_inner equal_height=&#8221;yes&#8221; content_placement=&#8221;middle&#8221;][vc_column_inner width=&#8221;2\/3&#8243;]<header class=\"kd-section-title col-lg-12 text-left  kd-animated fadeIn  \" data-animation-delay=200><h2 class=\"separator_off\" style=\"font-size: 36px;line-height: 42px;\">Qui conna\u00eet les risques cach\u00e9s dans votre sol, votre eau et vos cultures?<\/h2><h4 class=\"subtitle \" >Notre enregistreur de donn\u00e9es m\u00e9t\u00e9o \u00e0 la pointe de la technologie le fait.<\/h4><\/header>[vc_custom_heading text=&#8221;Quand on sait que l&#8217;agriculture est l&#8217;un des secteurs industriels les plus d\u00e9pendants de la m\u00e9t\u00e9o. Par cons\u00e9quent, pourquoi ne pas disposer de donn\u00e9es m\u00e9t\u00e9orologiques exactes, pr\u00e9cises et fiables, essentielles pour une gestion et une production r\u00e9ussies des cultures?&#8221; font_container=&#8221;tag:h6|text_align:left&#8221; use_theme_fonts=&#8221;yes&#8221;][\/vc_column_inner][vc_column_inner width=&#8221;1\/3&#8243;][vc_single_image image=&#8221;8075&#8243; img_size=&#8221;medium&#8221; alignment=&#8221;center&#8221;][\/vc_column_inner][\/vc_row_inner][\/vc_column][\/vc_row][vc_row full_width=&#8221;stretch_row&#8221; css=&#8221;.vc_custom_1555684303434{padding-top: 100px !important;padding-bottom: 70px !important;background-color: #f5f5f5 !important;}&#8221;][vc_column width=&#8221;1\/6&#8243;][\/vc_column][vc_column width=&#8221;2\/3&#8243;]<header class=\"kd-section-title col-lg-12 text-center  kd-animated fadeIn  \" data-animation-delay=200><h2 class=\"separator_off\" style=\"font-size: 36px;line-height: 42px;\">Regardez la technologie en action<\/h2><\/header>[vc_video link=&#8221;https:\/\/www.youtube.com\/watch?v=9cUKakSqGIc&#8221; align=&#8221;center&#8221;][\/vc_column][vc_column width=&#8221;1\/6&#8243;][\/vc_column][\/vc_row][vc_row full_width=&#8221;stretch_row&#8221; css=&#8221;.vc_custom_1555684303434{padding-top: 100px !important;padding-bottom: 70px !important;background-color: #f5f5f5 !important;}&#8221;][vc_column][vc_row_inner][vc_column_inner width=&#8221;1\/2&#8243; offset=&#8221;vc_hidden-xs&#8221;][vc_column_text css_animation=&#8221;fadeIn&#8221;]<\/p>\n<p>[\/vc_column_text][vc_empty_space height=&#8221;25px&#8221;]<header class=\"kd-section-title col-lg-12 text-left  kd-animated fadeIn  \" data-animation-delay=200><h2 class=\"separator_off\" >Vous aider \u00e0 r\u00e9duire les co\u00fbts inutiles en termes de productivit\u00e9 et de qualit\u00e9 des cultures<\/h2><\/header>[vc_column_text]Appliquer les produits, irriguer, se prot\u00e9ger du gel, des insectes, des maladies\u2026 au bon moment, c&#8217;est \u00e9viter des co\u00fbts importants en productivit\u00e9 et en qualit\u00e9 des cultures.<\/p>\n<p>C&#8217;est pourquoi les pr\u00e9visions m\u00e9t\u00e9orologiques ont toujours \u00e9t\u00e9 le facteur principal de la gestion des cultures. Les agriculteurs sont cependant confront\u00e9s \u00e0 un probl\u00e8me : aucune pr\u00e9vision ne prend en compte tous les \u00e9l\u00e9ments qui interviennent dans la croissance de la culture.<\/p>\n<p>Ne laissez aucune place au hasard : nos stations m\u00e9t\u00e9o vous fourniront des informations compl\u00e8tes :<\/p>\n<ul>\n<li>Pr\u00e9cipitations<\/li>\n<li>Temp\u00e9rature de l&#8217;air et du sol<\/li>\n<li>Humidit\u00e9 relative<\/li>\n<li>Humidit\u00e9 du sol<\/li>\n<li>Vitesse et direction du vent<\/li>\n<li>Radiation solaire<\/li>\n<\/ul>\n<p>[\/vc_column_text][\/vc_column_inner][vc_column_inner width=&#8221;1\/2&#8243;][vc_single_image image=&#8221;8087&#8243; img_size=&#8221;full&#8221;][\/vc_column_inner][\/vc_row_inner][\/vc_column][\/vc_row][vc_row full_width=&#8221;stretch_row&#8221; css=&#8221;.vc_custom_1672223567568{padding-top: 60px !important;}&#8221;][vc_column][vc_row_inner css=&#8221;.vc_custom_1555684681204{padding-bottom: 100px !important;}&#8221;][vc_column_inner width=&#8221;1\/4&#8243;][\/vc_column_inner][vc_column_inner width=&#8221;1\/2&#8243;]<header class=\"kd-section-title col-lg-12 text-center  kd-animated fadeIn  \" data-animation-delay=200><h2 class=\"separator_off\" >Besoin d'une solution selon vos besoins?<\/h2><h6 class=\"subtitle \" >Nos stations m\u00e9t\u00e9o peuvent \u00eatre programm\u00e9es selon vos besoins, pour vous avertir, directement sur votre t\u00e9l\u00e9phone portable, du bon moment pour une intervention sur le terrain, pour vous informer des risques de maladies, etc.<\/h6><\/header>[vc_empty_space height=&#8221;15px&#8221;]<a  href=\"https:\/\/drl-agri.com\/fr\/a-propos-de-nous\/contacter-drl\/\"  target=\"_self\"  title=\"Contact DRL\" class=\"tt_button tt_primary_button btn_primary_color  button-center button-action-link  kd-animated zoomIn\" data-animation-delay=200><span class=\"prim_text\">Nous contacter<\/span><\/a>[\/vc_column_inner][vc_column_inner width=&#8221;1\/4&#8243;][\/vc_column_inner][\/vc_row_inner][\/vc_column][\/vc_row]<\/p>\n<\/div>","protected":false},"excerpt":{"rendered":"<p>[vc_row full_width=&#8221;stretch_row&#8221; css=&#8221;.vc_custom_1670828604504{padding-top: 150px !important;padding-bottom: 250px !important;background-image: url(https:\/\/drl-agri.com\/wp-content\/uploads\/2022\/12\/Weather-Data-Logger-DRL-Agri.jpg?id=8069) !important;background-position: center !important;background-repeat: no-repeat !important;background-size: cover !important;}&#8221; el_class=&#8221;under-menu-topbar&#8221;][vc_column offset=&#8221;vc_col-lg-offset-0 vc_col-md-offset-0 vc_col-sm-offset-0 vc_col-xs-offset-2 [&hellip;]<\/p>\n","protected":false},"author":2,"featured_media":0,"parent":8774,"menu_order":0,"comment_status":"closed","ping_status":"closed","template":"","meta":{"footnotes":""},"class_list":["post-8771","page","type-page","status-publish","hentry"],"_links":{"self":[{"href":"https:\/\/drl-agri.com\/fr\/wp-json\/wp\/v2\/pages\/8771","targetHints":{"allow":["GET"]}}],"collection":[{"href":"https:\/\/drl-agri.com\/fr\/wp-json\/wp\/v2\/pages"}],"about":[{"href":"https:\/\/drl-agri.com\/fr\/wp-json\/wp\/v2\/types\/page"}],"author":[{"embeddable":true,"href":"https:\/\/drl-agri.com\/fr\/wp-json\/wp\/v2\/users\/2"}],"replies":[{"embeddable":true,"href":"https:\/\/drl-agri.com\/fr\/wp-json\/wp\/v2\/comments?post=8771"}],"version-history":[{"count":0,"href":"https:\/\/drl-agri.com\/fr\/wp-json\/wp\/v2\/pages\/8771\/revisions"}],"up":[{"embeddable":true,"href":"https:\/\/drl-agri.com\/fr\/wp-json\/wp\/v2\/pages\/8774"}],"wp:attachment":[{"href":"https:\/\/drl-agri.com\/fr\/wp-json\/wp\/v2\/media?parent=8771"}],"curies":[{"name":"wp","href":"https:\/\/api.w.org\/{rel}","templated":true}]}}