{"id":8769,"date":"2022-11-18T10:15:41","date_gmt":"2022-11-18T10:15:41","guid":{"rendered":"https:\/\/beta.drl-agri.com\/yield-humidity-monitoring-kit\/"},"modified":"2023-08-29T10:13:35","modified_gmt":"2023-08-29T10:13:35","slug":"ve-rendement-humidite","status":"publish","type":"page","link":"https:\/\/drl-agri.com\/fr\/gestion-de-culture\/ve-rendement-humidite\/","title":{"rendered":"VE rendement humidite"},"content":{"rendered":"<div class=\"wpb-content-wrapper\"><p>[vc_row full_width=&#8221;stretch_row&#8221; css=&#8221;.vc_custom_1672313799994{padding-top: 250px !important;padding-bottom: 250px !important;background-image: url(https:\/\/drl-agri.com\/wp-content\/uploads\/2022\/12\/Yield-Mapping-DRL.jpg?id=8145) !important;background-position: center !important;background-repeat: no-repeat !important;background-size: cover !important;}&#8221; el_class=&#8221;under-menu-topbar&#8221;][vc_column offset=&#8221;vc_col-lg-offset-0 vc_col-md-offset-0 vc_col-sm-offset-0 vc_col-xs-offset-2 vc_col-xs-8&#8243;][\/vc_column][\/vc_row][vc_row css=&#8221;.vc_custom_1555661798285{margin-top: -100px !important;padding-top: 70px !important;padding-right: 50px !important;padding-left: 50px !important;background-color: #ffffff !important;}&#8221;][vc_column][vc_row_inner][vc_column_inner width=&#8221;1\/2&#8243;][vc_custom_heading text=&#8221;Apportez une capacit\u00e9 de pr\u00e9cision \u00e0 votre ferme avec des capteurs de rendement et d&#8217;humidit\u00e9&#8221; font_container=&#8221;tag:h2|font_size:36px|text_align:left|line_height:42px&#8221; use_theme_fonts=&#8221;yes&#8221;][vc_column_text]<\/p>\n<h4><span class=\"TextRun SCXW44473500 BCX0\" lang=\"EN-US\" xml:lang=\"EN-US\" data-contrast=\"auto\"><span class=\"NormalTextRun SCXW44473500 BCX0\">Nous automatisons la g\u00e9n\u00e9ration de cartes de rendement afin que vous puissiez vous concentrer sur l&#8217;agriculture.<\/span><\/span><\/h4>\n<p>Cartes de rendement et d&#8217;humidit\u00e9 nettoy\u00e9es, filtr\u00e9es et automatis\u00e9es. Moniteur de rendement install\u00e9 par l&#8217;utilisateur qui fonctionne sur n&#8217;importe quelle moissonneuse-batteuse.[\/vc_column_text][\/vc_column_inner][vc_column_inner width=&#8221;1\/2&#8243;][vc_single_image image=&#8221;8114&#8243; img_size=&#8221;full&#8221; alignment=&#8221;center&#8221;][\/vc_column_inner][\/vc_row_inner][\/vc_column][\/vc_row][vc_row full_width=&#8221;stretch_row&#8221; css=&#8221;.vc_custom_1555684303434{padding-top: 100px !important;padding-bottom: 70px !important;background-color: #f5f5f5 !important;}&#8221;][vc_column width=&#8221;1\/6&#8243;][\/vc_column][vc_column width=&#8221;2\/3&#8243;]<header class=\"kd-section-title col-lg-12 text-center  kd-animated fadeIn  \" data-animation-delay=200><h2 class=\"separator_off\" style=\"font-size: 36px;line-height: 42px;\">Kits de surveillance du rendement et de l'humidit\u00e9<\/h2><h6 class=\"subtitle \" >Rejoignez des milliers d'autres agriculteurs qui ont \u00e9quip\u00e9 leur moissonneuse-batteuse pour la cartographie des rendements.<\/h6><\/header>[vc_empty_space height=&#8221;15px&#8221;][vc_row_inner][vc_column_inner width=&#8221;1\/2&#8243;][vc_single_image image=&#8221;8130&#8243; img_size=&#8221;medium&#8221;]<header class=\"kd-section-title col-lg-12 text-left  kd-animated fadeIn   vc_custom_1673703283151\" data-animation-delay=200><h2 class=\"separator_off\" style=\"font-size: 24px;line-height: 30px;\">Moniteur de rendement FarmTRX\u2122 2.0<\/h2><\/header>[vc_column_text]Une installation universelle sur n&#8217;importe quel \u00e2ge, marque ou mod\u00e8le de moissonneuse-batteuse. Mettez \u00e0 jour l&#8217;\u00e9quipement que vous poss\u00e9dez d\u00e9j\u00e0 pour Precision AG. Des cartes de rendement utilisables, pr\u00e9cises et pr\u00e9cises en sont le r\u00e9sultat.[\/vc_column_text][vc_empty_space height=&#8221;15px&#8221;]<a  href=\"https:\/\/store.drl-agri.com\/product\/farmtrx-yield-monitor-v2\/\"  target=\"_self\"  title=\"Visit DRL Store\" class=\"tt_button tt_primary_button btn_primary_color  pull-left button-action-link  kd-animated zoomIn\" data-animation-delay=200><span class=\"prim_text\">Voir le produit<\/span><\/a>[vc_empty_space height=&#8221;15px&#8221;][\/vc_column_inner][vc_column_inner width=&#8221;1\/2&#8243;][vc_single_image image=&#8221;8128&#8243; img_size=&#8221;medium&#8221;]<header class=\"kd-section-title col-lg-12 text-left  kd-animated fadeIn   vc_custom_1673703320591\" data-animation-delay=200><h2 class=\"separator_off\" style=\"font-size: 24px;line-height: 30px;\">Capteur d'humidit\u00e9 FarmTRX\u2122 2.0<\/h2><\/header>[vc_column_text]<\/p>\n<div class=\"woocommerce-product-details__short-description\">\n<p>Le capteur d&#8217;humidit\u00e9 FarmTRX\u2122 Moisture Sensor 2.0 offre aux agriculteurs des lectures fiables de l&#8217;humidit\u00e9 actuelle et moyenne des grains pour permettre une prise de d\u00e9cision tactique dans le champ et autour de la cour.<\/p>\n<\/div>\n<p>[\/vc_column_text][vc_empty_space height=&#8221;15px&#8221;]<a  href=\"https:\/\/store.drl-agri.com\/product\/farmtrx-moisture-sensor-v2\/\"  target=\"_self\"  title=\"Visit DRL Store\" class=\"tt_button tt_primary_button btn_primary_color  pull-left button-action-link  kd-animated zoomIn\" data-animation-delay=200><span class=\"prim_text\">Voir le produit<\/span><\/a>[vc_empty_space height=&#8221;15px&#8221;][\/vc_column_inner][\/vc_row_inner][\/vc_column][vc_column width=&#8221;1\/6&#8243;][\/vc_column][\/vc_row][vc_row full_width=&#8221;stretch_row&#8221; css=&#8221;.vc_custom_1672313654881{padding-top: 100px !important;padding-bottom: 70px !important;}&#8221;][vc_column width=&#8221;1\/6&#8243;][\/vc_column][vc_column width=&#8221;2\/3&#8243;]<header class=\"kd-section-title col-lg-12 text-center  kd-animated fadeIn  \" data-animation-delay=200><h2 class=\"separator_off\" style=\"font-size: 36px;line-height: 42px;\">Regardez la vid\u00e9o pour en apprendre plus<\/h2><\/header>[vc_video link=&#8221;https:\/\/www.youtube.com\/watch?v=GOMSAbq1Sp0&#8243; align=&#8221;center&#8221;][\/vc_column][vc_column width=&#8221;1\/6&#8243;][\/vc_column][\/vc_row][vc_row full_width=&#8221;stretch_row&#8221; css=&#8221;.vc_custom_1672313661908{padding-top: 80px !important;background-color: #f5f5f5 !important;}&#8221;][vc_column][vc_row_inner css=&#8221;.vc_custom_1555684681204{padding-bottom: 100px !important;}&#8221;][vc_column_inner width=&#8221;1\/4&#8243;][\/vc_column_inner][vc_column_inner width=&#8221;1\/2&#8243;]<header class=\"kd-section-title col-lg-12 text-center  kd-animated fadeIn  \" data-animation-delay=200><h2 class=\"separator_off\" >En savoir plus sur les solutions DRL<\/h2><h6 class=\"subtitle \" >Nos technologies agricoles peuvent vous aider \u00e0 atteindre la perfection agricole<\/h6><\/header>[vc_empty_space height=&#8221;15px&#8221;]<a  href=\"https:\/\/drl-agri.com\/fr\/a-propos-de-nous\/contacter-drl\/\"  target=\"_self\"  title=\"Contact DRL\" class=\"tt_button tt_primary_button btn_primary_color  button-center button-action-link  kd-animated zoomIn\" data-animation-delay=200><span class=\"prim_text\">Nous contacter<\/span><\/a>[\/vc_column_inner][vc_column_inner width=&#8221;1\/4&#8243;][\/vc_column_inner][\/vc_row_inner][\/vc_column][\/vc_row]<\/p>\n<\/div>","protected":false},"excerpt":{"rendered":"<p>[vc_row full_width=&#8221;stretch_row&#8221; css=&#8221;.vc_custom_1672313799994{padding-top: 250px !important;padding-bottom: 250px !important;background-image: url(https:\/\/drl-agri.com\/wp-content\/uploads\/2022\/12\/Yield-Mapping-DRL.jpg?id=8145) !important;background-position: center !important;background-repeat: no-repeat !important;background-size: cover !important;}&#8221; el_class=&#8221;under-menu-topbar&#8221;][vc_column offset=&#8221;vc_col-lg-offset-0 vc_col-md-offset-0 vc_col-sm-offset-0 vc_col-xs-offset-2 [&hellip;]<\/p>\n","protected":false},"author":2,"featured_media":0,"parent":8774,"menu_order":0,"comment_status":"closed","ping_status":"closed","template":"","meta":{"footnotes":""},"class_list":["post-8769","page","type-page","status-publish","hentry"],"_links":{"self":[{"href":"https:\/\/drl-agri.com\/fr\/wp-json\/wp\/v2\/pages\/8769","targetHints":{"allow":["GET"]}}],"collection":[{"href":"https:\/\/drl-agri.com\/fr\/wp-json\/wp\/v2\/pages"}],"about":[{"href":"https:\/\/drl-agri.com\/fr\/wp-json\/wp\/v2\/types\/page"}],"author":[{"embeddable":true,"href":"https:\/\/drl-agri.com\/fr\/wp-json\/wp\/v2\/users\/2"}],"replies":[{"embeddable":true,"href":"https:\/\/drl-agri.com\/fr\/wp-json\/wp\/v2\/comments?post=8769"}],"version-history":[{"count":0,"href":"https:\/\/drl-agri.com\/fr\/wp-json\/wp\/v2\/pages\/8769\/revisions"}],"up":[{"embeddable":true,"href":"https:\/\/drl-agri.com\/fr\/wp-json\/wp\/v2\/pages\/8774"}],"wp:attachment":[{"href":"https:\/\/drl-agri.com\/fr\/wp-json\/wp\/v2\/media?parent=8769"}],"curies":[{"name":"wp","href":"https:\/\/api.w.org\/{rel}","templated":true}]}}