{"id":8766,"date":"2023-08-29T09:12:56","date_gmt":"2023-08-29T09:12:56","guid":{"rendered":"https:\/\/beta.drl-agri.com\/about\/"},"modified":"2023-08-29T09:54:44","modified_gmt":"2023-08-29T09:54:44","slug":"a-propos-de-nous","status":"publish","type":"page","link":"https:\/\/drl-agri.com\/fr\/a-propos-de-nous\/","title":{"rendered":"A propos de nous"},"content":{"rendered":"<div class=\"wpb-content-wrapper\"><p>[vc_row full_width=&#8221;stretch_row&#8221; css=&#8221;.vc_custom_1668881249834{padding-top: 275px !important;padding-bottom: 150px !important;background-color: #f5f5f5 !important;background-position: center !important;background-repeat: no-repeat !important;background-size: cover !important;}&#8221;][vc_column css=&#8221;.vc_custom_1556023475207{margin-left: 0px !important;padding-left: 0px !important;}&#8221;][vc_row_inner][vc_column_inner width=&#8221;1\/2&#8243;]<header class=\"kd-section-title col-lg-12 text-left  kd-animated fadeIn  \" data-animation-delay=200><h2 class=\"separator_off\" style=\"font-size: 42px;\">Une entreprise moderne de fourniture de mat\u00e9riel agricole<\/h2><h4 class=\"subtitle \" >En cours de route, DRL a progress\u00e9.<\/h4><\/header>[vc_column_text]DRL a \u00e9t\u00e9 fond\u00e9e en 1987 par deux hommes d&#8217;affaires d\u00e9sireux d&#8217;offrir une alternative sur le march\u00e9 des machines agricoles en Belgique. Ils ont construit un atelier, ont commenc\u00e9 \u00e0 s&#8217;installer sur le march\u00e9 et se sont rapidement \u00e9tendus \u00e0 la France, \u00e0 l&#8217;Europe et \u00e0 l&#8217;Asie.<\/p>\n<p>DRL n&#8217;a cess\u00e9 de cro\u00eetre depuis, travaillant avec ses partenaires du monde entier pour devenir un leader sur le march\u00e9 des machines agricoles d&#8217;occasion. Nous d\u00e9veloppons de nouvelles expertises pour r\u00e9pondre aux besoins toujours changeants des agriculteurs.[\/vc_column_text][\/vc_column_inner][vc_column_inner width=&#8221;1\/2&#8243;][vc_single_image image=&#8221;7730&#8243; img_size=&#8221;full&#8221; alignment=&#8221;right&#8221;][\/vc_column_inner][\/vc_row_inner][\/vc_column][\/vc_row][vc_row full_width=&#8221;stretch_row&#8221;][vc_column css=&#8221;.vc_custom_1516009024901{padding-right: 0px !important;padding-left: 0px !important;}&#8221;][vc_row_inner][vc_column_inner]<header class=\"kd-section-title col-lg-12 text-left  kd-animated fadeIn   vc_custom_1673694621345\" data-animation-delay=200><h2 class=\"separator_off\" >Notre expertise<\/h2><h4 class=\"subtitle \" >Nous nous am\u00e9liorons continuellement pour offrir l'excellence.<\/h4><\/header>[\/vc_column_inner][\/vc_row_inner][vc_row_inner css=&#8221;.vc_custom_1668882633896{padding-bottom: 70px !important;}&#8221;][vc_column_inner width=&#8221;1\/4&#8243; offset=&#8221;vc_col-lg-3 vc_col-md-6&#8243;]<div class=\"key-icon-box icon-default icon-top cont-center ib-hover-1  kd-animated fadeInUp\" style=\"background-color: transparent;\" ><div class=\"ib-wrapper\"><i class=\"fas fa-university\" style=\" \"><\/i> <h6 class=\"service-heading\" >Form\u00e9 en 1987<\/h6><p >36 ans au service de clients dans le monde entier<\/p><\/div><\/div>[\/vc_column_inner][vc_column_inner width=&#8221;1\/4&#8243; offset=&#8221;vc_col-lg-3 vc_col-md-6&#8243;]<div class=\"key-icon-box icon-default icon-top cont-center ib-hover-1  kd-animated fadeInUp\" style=\"background-color: transparent;\" data-animation-delay=200><div class=\"ib-wrapper\"><i class=\"fas fa-hands-helping\" style=\" \"><\/i> <h6 class=\"service-heading\" >Partenariat technologique<\/h6><p >En partenariat avec les principaux partenaires agro-technologiques mondiaux<\/p><\/div><\/div>[\/vc_column_inner][vc_column_inner width=&#8221;1\/4&#8243; offset=&#8221;vc_col-lg-3 vc_col-md-6&#8243;]<div class=\"key-icon-box icon-default icon-top cont-center ib-hover-1  kd-animated fadeInUp\" style=\"background-color: transparent;\" data-animation-delay=400><div class=\"ib-wrapper\"><i class=\"fas fa-globe-americas\" style=\" \"><\/i> <h6 class=\"service-heading\" >Servir les march\u00e9s mondiaux<\/h6><p >Extension des services \u00e0 la France, l'Europe et l'Asie<\/p><\/div><\/div>[\/vc_column_inner][vc_column_inner width=&#8221;1\/4&#8243; offset=&#8221;vc_col-lg-3 vc_col-md-6&#8243;]<div class=\"key-icon-box icon-default icon-top cont-center ib-hover-1  kd-animated fadeInUp\" style=\"background-color: transparent;\" data-animation-delay=600><div class=\"ib-wrapper\"><i class=\"fas fa-smile-beam\" style=\" \"><\/i> <h6 class=\"service-heading\" >La satisfaction du client<\/h6><p >Des centaines de clients satisfaits dans le monde<\/p><\/div><\/div>[\/vc_column_inner][\/vc_row_inner][\/vc_column][\/vc_row][vc_row full_width=&#8221;stretch_row&#8221; gap=&#8221;1&#8243; equal_height=&#8221;yes&#8221; content_placement=&#8221;middle&#8221; css=&#8221;.vc_custom_1668888411687{padding-top: 90px !important;padding-bottom: 80px !important;background-color: #f5f5f5 !important;}&#8221;][vc_column css=&#8221;.vc_custom_1516100816144{padding-right: 0px !important;padding-left: 0px !important;}&#8221;][vc_row_inner content_placement=&#8221;middle&#8221; gap=&#8221;1&#8243;][vc_column_inner width=&#8221;1\/2&#8243;]<header class=\"kd-section-title col-lg-12 text-left  kd-animated fadeIn  \" data-animation-delay=200><h2 class=\"separator_off\" >Qu'est-ce qui rend le DRL sp\u00e9cial<\/h2><h4 class=\"subtitle \" >Nous sommes une source de confiance dans le secteur des \u00e9quipements agricoles d'occasion depuis plus de 36 ans.<\/h4><\/header>[vc_column_text css=&#8221;.vc_custom_1673694831897{margin-top: -10px !important;}&#8221;]Nous fournissons une large gamme de mat\u00e9riel agricole d&#8217;occasion et de pi\u00e8ces d\u00e9tach\u00e9es \u00e0 des clients du monde entier. Notre engagement envers l&#8217;entreprise est incontestable, ce qui est indiqu\u00e9 par notre croissance au cours des trois derni\u00e8res d\u00e9cennies.<\/p>\n<p>Nous sommes fiers de fournir des services conviviaux et professionnels tels que l&#8217;expertise et l&#8217;assistance, l&#8217;entretien et la r\u00e9paration, les conseils via la cartographie et les syst\u00e8mes d&#8217;irrigation.<\/p>\n<p>Nous collaborons avec nos partenaires pour r\u00e9pondre aux besoins de nos clients.[\/vc_column_text][\/vc_column_inner][vc_column_inner width=&#8221;1\/2&#8243;][vc_single_image image=&#8221;7756&#8243; img_size=&#8221;full&#8221; alignment=&#8221;right&#8221;][\/vc_column_inner][\/vc_row_inner][\/vc_column][\/vc_row][vc_row full_width=&#8221;stretch_row&#8221; equal_height=&#8221;yes&#8221; content_placement=&#8221;middle&#8221; css=&#8221;.vc_custom_1668886480940{padding-top: 100px !important;padding-bottom: 80px !important;}&#8221;][vc_column width=&#8221;1\/6&#8243; css=&#8221;.vc_custom_1515689025535{padding-right: 0px !important;padding-left: 0px !important;}&#8221;][\/vc_column][vc_column width=&#8221;2\/3&#8243;][vc_row_inner][vc_column_inner width=&#8221;1\/3&#8243;][vc_single_image image=&#8221;7761&#8243; img_size=&#8221;full&#8221;][\/vc_column_inner][vc_column_inner width=&#8221;2\/3&#8243;]<header class=\"kd-section-title col-lg-12 text-left  kd-animated fadeIn   vc_custom_1673694866370\" data-animation-delay=200><h2 class=\"separator_off\" >Mot du directeur<\/h2><h4 class=\"subtitle \" >Alain Linard<br \/>\nDirector, DRL SPRL<\/h4><\/header>[vc_column_text]Le secret de DRL r\u00e9side dans son approche intense pour fournir des produits et services de la plus haute qualit\u00e9 dans l&#8217;industrie agricole. Notre objectif est de fournir du mat\u00e9riel agricole d&#8217;occasion fiable et des solutions technologiquement avanc\u00e9es aux agriculteurs du monde entier. Notre \u00e9quipe de professionnels travaille en permanence \u00e0 la mise en place des derni\u00e8res technologies agricoles am\u00e9lior\u00e9es \u00e0 des prix \u00e9conomiques. Nous avons une large base de clients dans le monde et travaillons \u00e0 l&#8217;expansion et au renforcement de notre r\u00e9seau.[\/vc_column_text][\/vc_column_inner][\/vc_row_inner][\/vc_column][vc_column width=&#8221;1\/6&#8243;][\/vc_column][\/vc_row][vc_row full_width=&#8221;stretch_row&#8221; equal_height=&#8221;yes&#8221; content_placement=&#8221;middle&#8221; css=&#8221;.vc_custom_1668888320206{padding-top: 80px !important;padding-bottom: 80px !important;background-color: #f9f9f9 !important;}&#8221;][vc_column width=&#8221;1\/2&#8243;][vc_row_inner css=&#8221;.vc_custom_1555684681204{padding-bottom: 100px !important;}&#8221;][vc_column_inner]<header class=\"kd-section-title col-lg-12 text-left  kd-animated fadeIn  \" data-animation-delay=200><h2 class=\"separator_off\" >Notre Philosophie<\/h2><h4 class=\"subtitle \" >Cela montre ce pour quoi nous nous effor\u00e7ons<\/h4><\/header>[vc_empty_space height=&#8221;10px&#8221;]<div class=\"key-icon-box icon-default icon-left cont-left ib-no-effect\" style=\"background-color: transparent;\" ><i class=\"fas fa-check-circle\" style=\"font-size: 28; \"><\/i> <h5 class=\"service-heading\" >Reconnaissance<\/h5><p >\u00catre reconnu comme le principal fournisseur d'\u00e9quipements agricoles d'occasion et remis \u00e0 neuf et de solutions bas\u00e9es sur l'agriculture technologiquement avanc\u00e9es pour les industries connexes.<\/p><\/div>[vc_empty_space height=&#8221;15px&#8221;]<div class=\"key-icon-box icon-default icon-left cont-left ib-no-effect\" style=\"background-color: transparent;\" ><i class=\"fas fa-check-circle\" style=\"font-size: 28; \"><\/i> <h5 class=\"service-heading\" >Bien-\u00eatre des clients<\/h5><p >\u00catre reconnu dans l'ensemble de l'industrie comme une entreprise int\u00e8gre avec de v\u00e9ritables pr\u00e9occupations pour le bien-\u00eatre de nos clients et de nos employ\u00e9s dans le monde entier.<\/p><\/div>[vc_empty_space height=&#8221;10px&#8221;][\/vc_column_inner][\/vc_row_inner][\/vc_column][vc_column width=&#8221;1\/2&#8243;][vc_row_inner equal_height=&#8221;yes&#8221; content_placement=&#8221;middle&#8221;][vc_column_inner width=&#8221;1\/3&#8243;]<div class=\"kd_counter icon-top   \" ><div class=\"kd_counter_content\"><h4 class=\"kd_counter_number\"><span class=\"kd_number_string\"  data-from=\"0\" data-to=\"500\" data-refresh-interval=\"50\" >0<\/span>\n                                  <span class=\"kd_counter_units\" >+ Clients heureux<\/span><\/h4><\/div><\/div>[\/vc_column_inner][vc_column_inner width=&#8221;1\/3&#8243;]<div class=\"kd_counter icon-top   \" ><div class=\"kd_counter_content\"><h4 class=\"kd_counter_number\"><span class=\"kd_number_string\"  data-from=\"0\" data-to=\"1000\" data-refresh-interval=\"50\" >0<\/span>\n                                  <span class=\"kd_counter_units\" >+ Entretien effectu\u00e9<\/span><\/h4><\/div><\/div>[\/vc_column_inner][vc_column_inner width=&#8221;1\/3&#8243;]<div class=\"kd_counter icon-top   \" ><div class=\"kd_counter_content\"><h4 class=\"kd_counter_number\"><span class=\"kd_number_string\"  data-from=\"0\" data-to=\"2500\" data-refresh-interval=\"50\" >0<\/span>\n                                  <span class=\"kd_counter_units\" >+ \u00c9quipement vendu<\/span><\/h4><\/div><\/div>[\/vc_column_inner][\/vc_row_inner][vc_row_inner][vc_column_inner][vc_single_image image=&#8221;7782&#8243; img_size=&#8221;full&#8221; alignment=&#8221;center&#8221;][\/vc_column_inner][\/vc_row_inner][\/vc_column][\/vc_row]<\/p>\n<\/div>","protected":false},"excerpt":{"rendered":"<p>[vc_row full_width=&#8221;stretch_row&#8221; css=&#8221;.vc_custom_1668881249834{padding-top: 275px !important;padding-bottom: 150px !important;background-color: #f5f5f5 !important;background-position: center !important;background-repeat: no-repeat !important;background-size: cover !important;}&#8221;][vc_column css=&#8221;.vc_custom_1556023475207{margin-left: 0px !important;padding-left: 0px !important;}&#8221;][vc_row_inner][vc_column_inner [&hellip;]<\/p>\n","protected":false},"author":2,"featured_media":0,"parent":0,"menu_order":0,"comment_status":"closed","ping_status":"closed","template":"","meta":{"footnotes":""},"class_list":["post-8766","page","type-page","status-publish","hentry"],"_links":{"self":[{"href":"https:\/\/drl-agri.com\/fr\/wp-json\/wp\/v2\/pages\/8766","targetHints":{"allow":["GET"]}}],"collection":[{"href":"https:\/\/drl-agri.com\/fr\/wp-json\/wp\/v2\/pages"}],"about":[{"href":"https:\/\/drl-agri.com\/fr\/wp-json\/wp\/v2\/types\/page"}],"author":[{"embeddable":true,"href":"https:\/\/drl-agri.com\/fr\/wp-json\/wp\/v2\/users\/2"}],"replies":[{"embeddable":true,"href":"https:\/\/drl-agri.com\/fr\/wp-json\/wp\/v2\/comments?post=8766"}],"version-history":[{"count":0,"href":"https:\/\/drl-agri.com\/fr\/wp-json\/wp\/v2\/pages\/8766\/revisions"}],"wp:attachment":[{"href":"https:\/\/drl-agri.com\/fr\/wp-json\/wp\/v2\/media?parent=8766"}],"curies":[{"name":"wp","href":"https:\/\/api.w.org\/{rel}","templated":true}]}}