{"id":10461,"date":"2022-11-18T10:15:40","date_gmt":"2022-11-18T10:15:40","guid":{"rendered":"https:\/\/drl-agri.com\/gestion-de-culture\/meteo-de-precision\/"},"modified":"2025-04-06T13:12:00","modified_gmt":"2025-04-06T13:12:00","slug":"solution-deau-skw","status":"publish","type":"page","link":"https:\/\/drl-agri.com\/fr\/gestion-de-culture\/solution-deau-skw\/","title":{"rendered":"Solution d&#8217;eau SKW\u00ae"},"content":{"rendered":"<div class=\"wpb-content-wrapper\"><p>[vc_row full_width=&#8221;stretch_row&#8221; css=&#8221;.vc_custom_1743942741308{padding-top: 150px !important;padding-bottom: 250px !important;background-image: url(https:\/\/drl-agri.com\/wp-content\/uploads\/2025\/04\/03-SKW-1000s-atmo_800x800.jpg?id=10528) !important;background-position: center !important;background-repeat: no-repeat !important;background-size: cover !important;}&#8221; el_class=&#8221;under-menu-topbar&#8221;][vc_column offset=&#8221;vc_col-lg-offset-0 vc_col-md-offset-0 vc_col-sm-offset-0 vc_col-xs-offset-2 vc_col-xs-8&#8243;][\/vc_column][\/vc_row][vc_row equal_height=&#8221;yes&#8221; content_placement=&#8221;middle&#8221; css=&#8221;.vc_custom_1670829340562{margin-top: -100px !important;padding-top: 70px !important;padding-right: 50px !important;padding-left: 50px !important;background-color: #ffffff !important;}&#8221;][vc_column][vc_row_inner equal_height=&#8221;yes&#8221; content_placement=&#8221;middle&#8221;][vc_column_inner width=&#8221;2\/3&#8243;]<header class=\"kd-section-title col-lg-12 text-left  kd-animated fadeIn  \" data-animation-delay=200><h2 class=\"separator_off\" style=\"font-size: 36px;line-height: 42px;\">SKW\u00ae \u2013 Repenser l'eau. Moins de ressources, plus de r\u00e9sultats, sans entretien.<\/h2><h4 class=\"subtitle \" >Transformez l'eau que vous utilisez au quotidien. Am\u00e9liorez vos performances, prot\u00e9gez vos \u00e9quipements et r\u00e9alisez des \u00e9conomies durables \u2013 sans produits chimiques, sans \u00e9nergie, juste la physique.<\/h4><\/header>[vc_custom_heading text=&#8221;La solution SKW est un syst\u00e8me de traitement physique de l&#8217;eau con\u00e7u pour les logements collectifs. Elle int\u00e8gre une technologie innovante qui purifie et d\u00e9tartre naturellement l&#8217;eau sans utiliser de produits chimiques ni de filtres.<br \/>\nThe SKW system uses various physical processes to improve water quality. It is based on the physical principle of the Lorentz force.&#8221; font_container=&#8221;tag:h6|text_align:left&#8221; use_theme_fonts=&#8221;yes&#8221; css=&#8221;&#8221;][\/vc_column_inner][vc_column_inner width=&#8221;1\/3&#8243;][vc_single_image image=&#8221;10473&#8243; img_size=&#8221;medium&#8221; alignment=&#8221;center&#8221; css=&#8221;&#8221;]<a  href=\"https:\/\/drl-agri.com\/fr\/a-propos-de-nous\/contacter-drl\/\"  target=\"_self\"  title=\"Contact DRL\" class=\"tt_button tt_primary_button btn_primary_color  button-center button-action-link  kd-animated zoomIn\" data-animation-delay=200><span class=\"prim_text\">Demander une d\u00e9mo<\/span><\/a>[vc_empty_space height=&#8221;15px&#8221;]<a  href=\"\"   class=\"tt_button tt_primary_button btn_primary_color  button-center button-action-link  kd-animated zoomIn\" data-animation-delay=200><span class=\"prim_text\">T\u00e9l\u00e9charger la brochure<\/span><\/a>[\/vc_column_inner][\/vc_row_inner][\/vc_column][\/vc_row][vc_row full_width=&#8221;stretch_row&#8221; css=&#8221;.vc_custom_1555684303434{padding-top: 100px !important;padding-bottom: 70px !important;background-color: #f5f5f5 !important;}&#8221;][vc_column]<header class=\"kd-section-title col-lg-12 text-center  kd-animated fadeIn  \" data-animation-delay=200><h2 class=\"separator_off\" >Pourquoi SKW\u00ae?<\/h2><\/header>[vc_row_inner][vc_column_inner width=&#8221;1\/2&#8243;][vc_column_text css_animation=&#8221;fadeIn&#8221;]<\/p>\n<p>[\/vc_column_text][vc_column_text css=&#8221;&#8221;]<\/p>\n<div class=\"elementor-element elementor-element-59cdd552 elementor-widget elementor-widget-hub_fancy_heading\" data-id=\"59cdd552\" data-element_type=\"widget\" data-widget_type=\"hub_fancy_heading.default\">\n<div class=\"elementor-widget-container\">\n<div id=\"ld-fancy-heading-67f260bc16e97\" class=\"ld-fancy-heading pos-rel\">\n<h3 class=\"ld-fh-element d-inline-block pos-rel elementor-heading-title lqd-highlight-classic lqd-highlight-grow-left h3\">Une technologie simple. Des r\u00e9sultats probants.<\/h3>\n<\/div>\n<\/div>\n<\/div>\n<div class=\"elementor-element elementor-element-55bc328b elementor-widget elementor-widget-hub_fancy_heading\" data-id=\"55bc328b\" data-element_type=\"widget\" data-widget_type=\"hub_fancy_heading.default\">\n<div class=\"elementor-widget-container\">\n<div id=\"ld-fancy-heading-67f260bc1720a\" class=\"ld-fancy-heading pos-rel\">\n<p class=\"ld-fh-element d-inline-block pos-rel lqd-highlight-classic lqd-highlight-grow-left p\">Le syst\u00e8me SKW\u00ae restructure physiquement l&#8217;eau gr\u00e2ce \u00e0 un champ magn\u00e9tique. R\u00e9sultat\u00a0? L&#8217;eau devient plus fluide, mieux absorb\u00e9e et pr\u00e9vient le calcaire, sans additifs chimiques.<\/p>\n<\/div>\n<\/div>\n<\/div>\n<p>[\/vc_column_text][\/vc_column_inner][vc_column_inner width=&#8221;1\/2&#8243;][vc_column_text css=&#8221;&#8221;]<\/p>\n<div class=\"elementor-element elementor-element-59cdd552 elementor-widget elementor-widget-hub_fancy_heading\" data-id=\"59cdd552\" data-element_type=\"widget\" data-widget_type=\"hub_fancy_heading.default\">\n<div class=\"elementor-widget-container\">\n<div id=\"ld-fancy-heading-67f260bc16e97\" class=\"ld-fancy-heading pos-rel\">\n<ul class=\"elementor-icon-list-items\">\n<li class=\"elementor-icon-list-item\"><span class=\"elementor-icon-list-text\">\ud83c\udf31 Jusqu&#8217;\u00e0 30 % de r\u00e9duction des pesticides et des produits de nettoyage<\/span><\/li>\n<li class=\"elementor-icon-list-item\"><span class=\"elementor-icon-list-text\">\ud83d\udeb0 Moins d&#8217;eau utilis\u00e9e \u2013 meilleure distribution<\/span><\/li>\n<li class=\"elementor-icon-list-item\"><span class=\"elementor-icon-list-text\">\ud83d\udd27 Pr\u00e9vient le calcaire dans les canalisations, les \u00e9changeurs et les buses<\/span><\/li>\n<li class=\"elementor-icon-list-item\"><span class=\"elementor-icon-list-text\">\ud83d\udeeb Utilis\u00e9 par Airbus, Boeing, Beck&#8217;s et bien d&#8217;autres<\/span><\/li>\n<li class=\"elementor-icon-list-item\"><span class=\"elementor-icon-list-text\">\ud83c\udde9\ud83c\uddea Fabrication allemande, certifi\u00e9e T\u00dcV, sans \u00e9lectricit\u00e9 ni entretien<\/span><\/li>\n<\/ul>\n<\/div>\n<\/div>\n<\/div>\n<p>[\/vc_column_text][\/vc_column_inner][\/vc_row_inner][\/vc_column][\/vc_row][vc_row full_width=&#8221;stretch_row&#8221; css=&#8221;.vc_custom_1672223567568{padding-top: 60px !important;}&#8221;][vc_column]<header class=\"kd-section-title col-lg-12 text-center  kd-animated fadeIn  \" data-animation-delay=200><h2 class=\"separator_off\" >Solutions sectorielles<\/h2><h6 class=\"subtitle \" >Une solution. Des applications infinies.<\/h6><\/header>[vc_row_inner css=&#8221;.vc_custom_1555684681204{padding-bottom: 100px !important;}&#8221;][vc_column_inner width=&#8221;1\/4&#8243;][vc_single_image image=&#8221;10491&#8243; img_size=&#8221;full&#8221; alignment=&#8221;center&#8221; css=&#8221;&#8221;][vc_empty_space height=&#8221;10px&#8221;][vc_custom_heading text=&#8221;Agriculture et \u00e9levage&#8221; font_container=&#8221;tag:h4|text_align:left&#8221; use_theme_fonts=&#8221;yes&#8221; css=&#8221;&#8221;][vc_column_text css=&#8221;.vc_custom_1743944450155{margin-top: -15px !important;}&#8221;]Moins d&#8217;eau, moins de produits chimiques, de meilleurs rendements. Meilleure absorption par le sol et les animaux. Meilleure digestion et meilleure sant\u00e9 du b\u00e9tail.[\/vc_column_text][\/vc_column_inner][vc_column_inner width=&#8221;1\/4&#8243;][vc_single_image image=&#8221;10485&#8243; img_size=&#8221;full&#8221; alignment=&#8221;center&#8221; css=&#8221;&#8221;][vc_empty_space height=&#8221;10px&#8221;][vc_custom_heading text=&#8221;Eaux industrielles et de process&#8221; font_container=&#8221;tag:h4|text_align:left&#8221; use_theme_fonts=&#8221;yes&#8221; css=&#8221;&#8221;][vc_column_text css=&#8221;.vc_custom_1743944474980{margin-top: -15px !important;}&#8221;]Pr\u00e9vient le tartre dans tous les syst\u00e8mes d&#8217;eau. Moins de temps d&#8217;arr\u00eat, moins de produits chimiques. \u00c9conomies d&#8217;entretien et d&#8217;\u00e9nergie.[\/vc_column_text][\/vc_column_inner][vc_column_inner width=&#8221;1\/4&#8243;][vc_single_image image=&#8221;10487&#8243; img_size=&#8221;full&#8221; alignment=&#8221;center&#8221; css=&#8221;&#8221;][vc_empty_space height=&#8221;10px&#8221;][vc_custom_heading text=&#8221;Marine et a\u00e9rospatiale&#8221; font_container=&#8221;tag:h4|text_align:left&#8221; use_theme_fonts=&#8221;yes&#8221; css=&#8221;&#8221;][vc_column_text css=&#8221;.vc_custom_1743944497969{margin-top: -15px !important;}&#8221;]Homologation a\u00e9ronautique ATA 38. Utilis\u00e9 par les grandes compagnies a\u00e9riennes et les navires militaires. Prolonge la dur\u00e9e de vie des syst\u00e8mes d&#8217;eau \u00e0 bord.[\/vc_column_text][\/vc_column_inner][vc_column_inner width=&#8221;1\/4&#8243;][vc_single_image image=&#8221;10489&#8243; img_size=&#8221;full&#8221; alignment=&#8221;center&#8221; css=&#8221;&#8221;][vc_empty_space height=&#8221;10px&#8221;][vc_custom_heading text=&#8221;Usage domestique et de construction&#8221; font_container=&#8221;tag:h4|text_align:left&#8221; use_theme_fonts=&#8221;yes&#8221; css=&#8221;&#8221;][vc_column_text css=&#8221;.vc_custom_1743944520052{margin-top: -15px !important;}&#8221;]\u00c9limine le calcaire dans les canalisations et les \u00e9quipements. Eau plus douce, dur\u00e9e de vie prolong\u00e9e des appareils. Sans \u00e9lectricit\u00e9, ni entretien.[\/vc_column_text][\/vc_column_inner][\/vc_row_inner][\/vc_column][\/vc_row][vc_row full_width=&#8221;stretch_row&#8221; css=&#8221;.vc_custom_1555684303434{padding-top: 100px !important;padding-bottom: 70px !important;background-color: #f5f5f5 !important;}&#8221;][vc_column][vc_row_inner][vc_column_inner width=&#8221;1\/2&#8243;][vc_column_text css_animation=&#8221;fadeIn&#8221;]<\/p>\n<p>[\/vc_column_text]<header class=\"kd-section-title col-lg-12 text-left  kd-animated fadeIn  \" data-animation-delay=200><h2 class=\"separator_off\" >\u00c9levage d'animaux et abreuvoir<\/h2><h6 class=\"subtitle \" >L'utilisation du syst\u00e8me SKW\u00ae permet une meilleure utilisation des aliments en optimisant le gain de poids quotidien.<\/h6><\/header>[vc_column_text css=&#8221;&#8221;]<\/p>\n<ul>\n<li>Activation du m\u00e9tabolisme et am\u00e9lioration de l&#8217;utilisation des aliments<\/li>\n<li>R\u00e9duction des frais v\u00e9t\u00e9rinaires<\/li>\n<li>Syst\u00e8mes d&#8217;approvisionnement en eau propre \/\/ d\u00e9gradation des d\u00e9p\u00f4ts et des particules de salet\u00e9<\/li>\n<li>R\u00e9duction de la charge en ammoniac et am\u00e9lioration du climat de l&#8217;\u00e9curie<\/li>\n<\/ul>\n<p>[\/vc_column_text][\/vc_column_inner][vc_column_inner width=&#8221;1\/2&#8243;][vc_single_image image=&#8221;10510&#8243; img_size=&#8221;full&#8221; css=&#8221;&#8221;][\/vc_column_inner][\/vc_row_inner][\/vc_column][\/vc_row][vc_row full_width=&#8221;stretch_row&#8221; css=&#8221;.vc_custom_1743941637276{padding-top: 70px !important;padding-bottom: 70px !important;background-color: #FFFFFF !important;}&#8221;][vc_column]<header class=\"kd-section-title col-lg-12 text-left  kd-animated fadeIn  \" data-animation-delay=200><h2 class=\"separator_off\" >Caract\u00e9ristiques principales<\/h2><\/header>[vc_row_inner][vc_column_inner width=&#8221;1\/2&#8243;][vc_single_image image=&#8221;10514&#8243; img_size=&#8221;full&#8221; onclick=&#8221;link_image&#8221; css=&#8221;&#8221;][\/vc_column_inner][vc_column_inner width=&#8221;1\/2&#8243;][vc_single_image image=&#8221;10516&#8243; img_size=&#8221;full&#8221; onclick=&#8221;link_image&#8221; css=&#8221;&#8221;][\/vc_column_inner][\/vc_row_inner][vc_row_inner][vc_column_inner width=&#8221;1\/2&#8243;][vc_single_image image=&#8221;10518&#8243; img_size=&#8221;full&#8221; onclick=&#8221;link_image&#8221; css=&#8221;&#8221;][\/vc_column_inner][vc_column_inner width=&#8221;1\/2&#8243;][vc_single_image image=&#8221;10520&#8243; img_size=&#8221;full&#8221; onclick=&#8221;link_image&#8221; css=&#8221;&#8221;][\/vc_column_inner][\/vc_row_inner][\/vc_column][\/vc_row][vc_row full_width=&#8221;stretch_row&#8221; css=&#8221;.vc_custom_1555684303434{padding-top: 100px !important;padding-bottom: 70px !important;background-color: #f5f5f5 !important;}&#8221;][vc_column][vc_row_inner][vc_column_inner width=&#8221;1\/2&#8243;][vc_column_text css_animation=&#8221;fadeIn&#8221;]<\/p>\n<p>[\/vc_column_text]<header class=\"kd-section-title col-lg-12 text-left  kd-animated fadeIn  \" data-animation-delay=200><h2 class=\"separator_off\" >Agriculture verticale et syst\u00e8me DWC<\/h2><h6 class=\"subtitle \" >Gr\u00e2ce au syst\u00e8me SKW\u00ae, nous obtenons une distribution d'eau uniforme et pr\u00e9cise dans le sol, ce qui conduit \u00e0 la formation de racines d'impact.<\/h6><\/header>[vc_column_text css=&#8221;&#8221;]<\/p>\n<ul>\n<li>Meilleur nettoyage des particules de salet\u00e9<\/li>\n<li>Temps de traitement plus court, plus d&#8217;avantages<\/li>\n<li>D\u00e9gradation des d\u00e9p\u00f4ts calcaires existants<\/li>\n<li>Am\u00e9lioration de l&#8217;apport d&#8217;oxyg\u00e8ne<\/li>\n<li>Moins d&#8217;algues<\/li>\n<li>Amortissement rapide de l&#8217;investissement<\/li>\n<li>Exempt de frais d&#8217;entretien et d&#8217;exploitation<\/li>\n<\/ul>\n<p>[\/vc_column_text][\/vc_column_inner][vc_column_inner width=&#8221;1\/2&#8243;][vc_single_image image=&#8221;10525&#8243; img_size=&#8221;full&#8221; css=&#8221;&#8221;][\/vc_column_inner][\/vc_row_inner][\/vc_column][\/vc_row][vc_row full_width=&#8221;stretch_row&#8221; css=&#8221;.vc_custom_1672223567568{padding-top: 60px !important;}&#8221;][vc_column][vc_row_inner css=&#8221;.vc_custom_1555684681204{padding-bottom: 100px !important;}&#8221;][vc_column_inner width=&#8221;1\/6&#8243;][\/vc_column_inner][vc_column_inner width=&#8221;2\/3&#8243;]<header class=\"kd-section-title col-lg-12 text-center  kd-animated fadeIn  \" data-animation-delay=200><h2 class=\"separator_off\" >N\u2019est-il pas temps de tester SKW\u00ae dans votre syst\u00e8me ?<\/h2><h6 class=\"subtitle \" >Prenez les devants \u2013 sans risque.<\/h6><\/header>[vc_empty_space height=&#8221;15px&#8221;]<a  href=\"https:\/\/drl-agri.com\/about\/contact-drl\/\"  target=\"_self\"  title=\"Contact DRL\" class=\"tt_button tt_primary_button btn_primary_color  button-center button-action-link  kd-animated zoomIn\" data-animation-delay=200><span class=\"prim_text\">Demander une d\u00e9mo gratuite<\/span><\/a>[vc_empty_space height=&#8221;15px&#8221;]<a  href=\"\"   class=\"tt_button tt_primary_button btn_primary_color  button-center button-action-link  kd-animated zoomIn\" data-animation-delay=200><span class=\"prim_text\">T\u00e9l\u00e9charger la fiche technique<\/span><\/a>[\/vc_column_inner][vc_column_inner width=&#8221;1\/6&#8243;][\/vc_column_inner][\/vc_row_inner][\/vc_column][\/vc_row]<\/p>\n<\/div>","protected":false},"excerpt":{"rendered":"<p>[vc_row full_width=&#8221;stretch_row&#8221; css=&#8221;.vc_custom_1743942741308{padding-top: 150px !important;padding-bottom: 250px !important;background-image: url(https:\/\/drl-agri.com\/wp-content\/uploads\/2025\/04\/03-SKW-1000s-atmo_800x800.jpg?id=10528) !important;background-position: center !important;background-repeat: no-repeat !important;background-size: cover !important;}&#8221; el_class=&#8221;under-menu-topbar&#8221;][vc_column offset=&#8221;vc_col-lg-offset-0 vc_col-md-offset-0 vc_col-sm-offset-0 vc_col-xs-offset-2 [&hellip;]<\/p>\n","protected":false},"author":2,"featured_media":0,"parent":8774,"menu_order":0,"comment_status":"closed","ping_status":"closed","template":"","meta":{"footnotes":""},"class_list":["post-10461","page","type-page","status-publish","hentry"],"_links":{"self":[{"href":"https:\/\/drl-agri.com\/fr\/wp-json\/wp\/v2\/pages\/10461","targetHints":{"allow":["GET"]}}],"collection":[{"href":"https:\/\/drl-agri.com\/fr\/wp-json\/wp\/v2\/pages"}],"about":[{"href":"https:\/\/drl-agri.com\/fr\/wp-json\/wp\/v2\/types\/page"}],"author":[{"embeddable":true,"href":"https:\/\/drl-agri.com\/fr\/wp-json\/wp\/v2\/users\/2"}],"replies":[{"embeddable":true,"href":"https:\/\/drl-agri.com\/fr\/wp-json\/wp\/v2\/comments?post=10461"}],"version-history":[{"count":0,"href":"https:\/\/drl-agri.com\/fr\/wp-json\/wp\/v2\/pages\/10461\/revisions"}],"up":[{"embeddable":true,"href":"https:\/\/drl-agri.com\/fr\/wp-json\/wp\/v2\/pages\/8774"}],"wp:attachment":[{"href":"https:\/\/drl-agri.com\/fr\/wp-json\/wp\/v2\/media?parent=10461"}],"curies":[{"name":"wp","href":"https:\/\/api.w.org\/{rel}","templated":true}]}}