{"id":10289,"date":"2024-10-26T09:27:34","date_gmt":"2024-10-26T09:27:34","guid":{"rendered":"https:\/\/drl-agri.com\/machine\/order-spare-parts\/"},"modified":"2024-11-21T19:49:27","modified_gmt":"2024-11-21T19:49:27","slug":"commander-des-pieces-de-rechange","status":"publish","type":"page","link":"https:\/\/drl-agri.com\/fr\/machine\/commander-des-pieces-de-rechange\/","title":{"rendered":"Commander des pi\u00e8ces de rechange"},"content":{"rendered":"<div class=\"wpb-content-wrapper\"><p>[vc_row full_width=&#8221;stretch_row&#8221; css=&#8221;.vc_custom_1729952553757{padding-top: 250px !important;padding-bottom: 250px !important;background-image: url(https:\/\/drl-agri.com\/wp-content\/uploads\/2024\/10\/CNH-Spare-Parts.webp?id=10220) !important;background-position: center !important;background-repeat: no-repeat !important;background-size: cover !important;}&#8221; el_class=&#8221;under-menu-topbar&#8221;][vc_column offset=&#8221;vc_col-lg-offset-0 vc_col-md-offset-0 vc_col-sm-offset-0 vc_col-xs-offset-2 vc_col-xs-8&#8243;][\/vc_column][\/vc_row][vc_row css=&#8221;.vc_custom_1555661798285{margin-top: -100px !important;padding-top: 70px !important;padding-right: 50px !important;padding-left: 50px !important;background-color: #ffffff !important;}&#8221;][vc_column][vc_row_inner][vc_column_inner][vc_custom_heading text=&#8221;Source mondiale de pi\u00e8ces de rechange d&#8217;origine CNH&#8221; font_container=&#8221;tag:h2|font_size:36px|text_align:left|line_height:42px&#8221; use_theme_fonts=&#8221;yes&#8221; css=&#8221;&#8221;]<header class=\"kd-section-title col-lg-12 text-left    \" ><h4 class=\"subtitle \" >Pi\u00e8ces de qualit\u00e9, performances de pr\u00e9cision \u2013 livr\u00e9es dans le monde entier.<\/h4><\/header>[vc_column_text css=&#8221;&#8221;]Chez DRL Agri, nous sommes sp\u00e9cialis\u00e9s dans la fourniture de pi\u00e8ces de rechange CNH authentiques qui assurent le bon fonctionnement de votre \u00e9quipement, o\u00f9 que vous soyez. Nos experts veillent \u00e0 ce que vous receviez la bonne pi\u00e8ce, \u00e0 temps et \u00e0 des prix comp\u00e9titifs. Avec un engagement envers la qualit\u00e9 et une port\u00e9e mondiale, DRL Agri est votre partenaire de confiance pour am\u00e9liorer la long\u00e9vit\u00e9 et les performances de vos machines agricoles. D\u00e9couvrez la fiabilit\u00e9 de chaque pi\u00e8ce que nous livrons.[\/vc_column_text][\/vc_column_inner][\/vc_row_inner][vc_row_inner][vc_column_inner width=&#8221;1\/6&#8243;][\/vc_column_inner][vc_column_inner width=&#8221;2\/3&#8243; css=&#8221;.vc_custom_1729940870360{border-top-width: 1px !important;padding-top: 20px !important;border-top-style: solid !important;border-color: #E7E7E7 !important;}&#8221;][vc_custom_heading text=&#8221;Formulaire de commande rapide&#8221; font_container=&#8221;tag:h2|font_size:26px|text_align:left|line_height:32px&#8221; use_theme_fonts=&#8221;yes&#8221; css=&#8221;&#8221;][vc_raw_html css=&#8221;&#8221;]JTVCZm9ybWluYXRvcl9mb3JtJTIwaWQlM0QlMjIxMDI5NCUyMiU1RA==[\/vc_raw_html][\/vc_column_inner][vc_column_inner width=&#8221;1\/6&#8243;][\/vc_column_inner][\/vc_row_inner][\/vc_column][\/vc_row]<\/p>\n<\/div>","protected":false},"excerpt":{"rendered":"<p>[vc_row full_width=&#8221;stretch_row&#8221; css=&#8221;.vc_custom_1729952553757{padding-top: 250px !important;padding-bottom: 250px !important;background-image: url(https:\/\/drl-agri.com\/wp-content\/uploads\/2024\/10\/CNH-Spare-Parts.webp?id=10220) !important;background-position: center !important;background-repeat: no-repeat !important;background-size: cover !important;}&#8221; el_class=&#8221;under-menu-topbar&#8221;][vc_column offset=&#8221;vc_col-lg-offset-0 vc_col-md-offset-0 vc_col-sm-offset-0 vc_col-xs-offset-2 [&hellip;]<\/p>\n","protected":false},"author":2,"featured_media":0,"parent":9378,"menu_order":0,"comment_status":"closed","ping_status":"closed","template":"","meta":{"footnotes":""},"class_list":["post-10289","page","type-page","status-publish","hentry"],"_links":{"self":[{"href":"https:\/\/drl-agri.com\/fr\/wp-json\/wp\/v2\/pages\/10289","targetHints":{"allow":["GET"]}}],"collection":[{"href":"https:\/\/drl-agri.com\/fr\/wp-json\/wp\/v2\/pages"}],"about":[{"href":"https:\/\/drl-agri.com\/fr\/wp-json\/wp\/v2\/types\/page"}],"author":[{"embeddable":true,"href":"https:\/\/drl-agri.com\/fr\/wp-json\/wp\/v2\/users\/2"}],"replies":[{"embeddable":true,"href":"https:\/\/drl-agri.com\/fr\/wp-json\/wp\/v2\/comments?post=10289"}],"version-history":[{"count":0,"href":"https:\/\/drl-agri.com\/fr\/wp-json\/wp\/v2\/pages\/10289\/revisions"}],"up":[{"embeddable":true,"href":"https:\/\/drl-agri.com\/fr\/wp-json\/wp\/v2\/pages\/9378"}],"wp:attachment":[{"href":"https:\/\/drl-agri.com\/fr\/wp-json\/wp\/v2\/media?parent=10289"}],"curies":[{"name":"wp","href":"https:\/\/api.w.org\/{rel}","templated":true}]}}